{"id":717343,"date":"2025-08-27T17:54:19","date_gmt":"2025-08-27T14:54:19","guid":{"rendered":"https:\/\/roveyayinevi.com.tr\/index.php\/urun\/esrarengiz\/"},"modified":"2026-04-16T02:25:44","modified_gmt":"2026-04-15T23:25:44","slug":"esrarengiz","status":"publish","type":"product","link":"https:\/\/roveyayinevi.com.tr\/index.php\/urun\/esrarengiz\/","title":{"rendered":"Esrarengiz"},"content":{"rendered":"<p>\u201cU\u00e7urumun kenar\u0131ndaym\u0131\u015f\u0131m gibi hissediyordum. \u00dc\u015f\u00fcyordum ve \u00fcrkektim. Bo\u011faz\u0131m\u0131 s\u0131k\u0131yorlard\u0131 yine. G\u00f6zlerim dolmu\u015ftu, ya\u015flar\u0131n s\u00fcz\u00fclmesini zor engelliyordum. Tam mutsuzlu\u011fa kap\u0131ld\u0131\u011f\u0131m anda g\u00f6rd\u00fcm onu. Sanki \u0131\u015f\u0131\u011fa arkas\u0131n\u0131 d\u00f6nm\u00fc\u015f, g\u00f6lgesiyle mutsuz bir y\u00fcz\u00fc vard\u0131.\u201d Kayhan, Nam\u0131k, Orhan, Co\u015fkun, Bahtiyar, Albert, K\u00fcrt Tahir ve di\u011ferleri\u2026 Esrarengiz bir cinayetin ve masumane bir a\u015fk\u0131n \u00f6yk\u00fcs\u00fc bu.  \u00d6zverili bir gazeteci,  i\u015finin ehli bir polis ve \u0130stanbul\u2026 Ayhan Kudat\u2019\u0131n kaleminden  George Simenon tarz\u0131 bir ustal\u0131kla \u00e7\u0131kan bu b\u00fcy\u00fcl\u00fc sat\u0131rlar okuyucuyu ba\u015ftan sona sar\u0131yor, hem g\u00fcn\u00fcm\u00fcz \u0130stanbul\u2019undan renkli portreler sunuyor hem de \u0130stanbul\u2019un g\u00f6r\u00fcnmeyen y\u00fcz\u00fcn\u00fc, o \u00e7irkin \u00e7ocu\u011fu bizlere t\u00fcm \u00e7\u0131plakl\u0131\u011f\u0131 ile bir kez daha g\u00f6steriyor. <\/p>\n","protected":false},"excerpt":{"rendered":"<p>\u201cU\u00e7urumun kenar\u0131ndaym\u0131\u015f\u0131m gibi hissediyordum. \u00dc\u015f\u00fcyordum ve \u00fcrkektim. Bo\u011faz\u0131m\u0131 s\u0131k\u0131yorlard\u0131 yine. G\u00f6zlerim dolmu\u015ftu, ya\u015flar\u0131n s\u00fcz\u00fclmesini zor engelliyordum. Tam mutsuzlu\u011fa kap\u0131ld\u0131\u011f\u0131m anda g\u00f6rd\u00fcm onu. Sanki \u0131\u015f\u0131\u011fa arkas\u0131n\u0131 d\u00f6nm\u00fc\u015f,<span class=\"excerpt-hellip\"> [\u2026]<\/span><\/p>\n","protected":false},"featured_media":0,"template":"","meta":{"_monsterinsights_skip_tracking":false,"_monsterinsights_sitenote_active":false,"_monsterinsights_sitenote_note":"","_monsterinsights_sitenote_category":0},"product_brand":[],"product_cat":[12291,12711],"product_tag":[],"class_list":{"0":"post-717343","1":"product","2":"type-product","3":"status-publish","5":"product_cat-edebiyat","6":"product_cat-roman-oyku","7":"pa_cilt-ciltsiz","8":"pa_tur-kitap","9":"pa_yayinevi-kuzey-isigi-yayinlari","10":"pa_yazar-ayhan-kudat","12":"first","13":"instock","14":"sale","15":"shipping-taxable","16":"purchasable","17":"product-type-simple"},"_links":{"self":[{"href":"https:\/\/roveyayinevi.com.tr\/index.php\/wp-json\/wp\/v2\/product\/717343","targetHints":{"allow":["GET"]}}],"collection":[{"href":"https:\/\/roveyayinevi.com.tr\/index.php\/wp-json\/wp\/v2\/product"}],"about":[{"href":"https:\/\/roveyayinevi.com.tr\/index.php\/wp-json\/wp\/v2\/types\/product"}],"wp:attachment":[{"href":"https:\/\/roveyayinevi.com.tr\/index.php\/wp-json\/wp\/v2\/media?parent=717343"}],"wp:term":[{"taxonomy":"product_brand","embeddable":true,"href":"https:\/\/roveyayinevi.com.tr\/index.php\/wp-json\/wp\/v2\/product_brand?post=717343"},{"taxonomy":"product_cat","embeddable":true,"href":"https:\/\/roveyayinevi.com.tr\/index.php\/wp-json\/wp\/v2\/product_cat?post=717343"},{"taxonomy":"product_tag","embeddable":true,"href":"https:\/\/roveyayinevi.com.tr\/index.php\/wp-json\/wp\/v2\/product_tag?post=717343"}],"curies":[{"name":"wp","href":"https:\/\/api.w.org\/{rel}","templated":true}]}}