{"id":717341,"date":"2025-08-27T17:54:18","date_gmt":"2025-08-27T14:54:18","guid":{"rendered":"https:\/\/roveyayinevi.com.tr\/index.php\/urun\/epistemik-mantik-uzerine-bir-arastirma\/"},"modified":"2025-11-21T05:13:22","modified_gmt":"2025-11-21T02:13:22","slug":"epistemik-mantik-uzerine-bir-arastirma","status":"publish","type":"product","link":"https:\/\/roveyayinevi.com.tr\/index.php\/urun\/epistemik-mantik-uzerine-bir-arastirma\/","title":{"rendered":"Epistemik Mant\u0131k \u00dczerine Bir Ara\u015ft\u0131rma"},"content":{"rendered":"<p>Teo gr\u00fcnberg, Epistemik Mant\u0131k \u00dczerine Bir Ara\u015ft\u0131rma&#8217;da doktora tezi Anlam Kavram\u0131 \u00dczerine Bir Deneme&#8217;de ortaya koymu\u015f oldu\u011fu genel y\u00f6ntemi &#8220;Bilgi&#8221; kavram\u0131na uyarlamaktad\u0131r. Bir yandan sembolik, bir yandan ind\u00fcktif mant\u0131\u011fa ve probabilite kuram\u0131na dayanan &#8220;epistemik mant\u0131k&#8221;, klasik bilgi-kuram\u0131 problemlerinin temelindeki &#8220;bilgi&#8221;, &#8220;do\u011fruluk&#8221;, &#8220;inanma&#8221; ve &#8220;belgeleme&#8221; terimlerini ayd\u0131nlatarak hem bilgi teorisi hem de metodoloji ve bilim felsefesi alanlar\u0131nda \u00f6nemli geli\u015fmelere yol a\u00e7m\u0131\u015ft\u0131r. \u0130lk kez 1971&#8217;de yay\u0131mlanan bu \u00f6nemli \u00e7al\u0131\u015fman\u0131n g\u00f6zden ge\u00e7irilmi\u015f yeni bas\u0131m\u0131.<\/p>\n","protected":false},"excerpt":{"rendered":"<p>Teo gr\u00fcnberg, Epistemik Mant\u0131k \u00dczerine Bir Ara\u015ft\u0131rma&#8217;da doktora tezi Anlam Kavram\u0131 \u00dczerine Bir Deneme&#8217;de ortaya koymu\u015f oldu\u011fu genel y\u00f6ntemi &#8220;Bilgi&#8221; kavram\u0131na uyarlamaktad\u0131r. Bir yandan sembolik, bir<span class=\"excerpt-hellip\"> [\u2026]<\/span><\/p>\n","protected":false},"featured_media":0,"template":"","meta":{"_monsterinsights_skip_tracking":false,"_monsterinsights_sitenote_active":false,"_monsterinsights_sitenote_note":"","_monsterinsights_sitenote_category":0},"product_brand":[],"product_cat":[12389,12388],"product_tag":[],"class_list":{"0":"post-717341","1":"product","2":"type-product","3":"status-publish","5":"product_cat-diger-felsefe","6":"product_cat-felsefe","7":"pa_cilt-ciltsiz","8":"pa_tur-kitap","9":"pa_yayinevi-yapi-kredi-yayinlari","10":"pa_yazar-teo-grunberg","12":"first","13":"instock","14":"sale","15":"shipping-taxable","16":"purchasable","17":"product-type-simple"},"_links":{"self":[{"href":"https:\/\/roveyayinevi.com.tr\/index.php\/wp-json\/wp\/v2\/product\/717341","targetHints":{"allow":["GET"]}}],"collection":[{"href":"https:\/\/roveyayinevi.com.tr\/index.php\/wp-json\/wp\/v2\/product"}],"about":[{"href":"https:\/\/roveyayinevi.com.tr\/index.php\/wp-json\/wp\/v2\/types\/product"}],"wp:attachment":[{"href":"https:\/\/roveyayinevi.com.tr\/index.php\/wp-json\/wp\/v2\/media?parent=717341"}],"wp:term":[{"taxonomy":"product_brand","embeddable":true,"href":"https:\/\/roveyayinevi.com.tr\/index.php\/wp-json\/wp\/v2\/product_brand?post=717341"},{"taxonomy":"product_cat","embeddable":true,"href":"https:\/\/roveyayinevi.com.tr\/index.php\/wp-json\/wp\/v2\/product_cat?post=717341"},{"taxonomy":"product_tag","embeddable":true,"href":"https:\/\/roveyayinevi.com.tr\/index.php\/wp-json\/wp\/v2\/product_tag?post=717341"}],"curies":[{"name":"wp","href":"https:\/\/api.w.org\/{rel}","templated":true}]}}