{"id":717337,"date":"2025-08-27T17:54:15","date_gmt":"2025-08-27T14:54:15","guid":{"rendered":"https:\/\/roveyayinevi.com.tr\/index.php\/urun\/mono-no-aware\/"},"modified":"2026-04-16T02:25:43","modified_gmt":"2026-04-15T23:25:43","slug":"mono-no-aware","status":"publish","type":"product","link":"https:\/\/roveyayinevi.com.tr\/index.php\/urun\/mono-no-aware\/","title":{"rendered":"Mono No Aware"},"content":{"rendered":"<p>Bir nehrin a\u011fz\u0131nda kar\u015f\u0131l\u0131yorum yine bir y\u0131l\u0131n sonunu kap\u0131yorum h\u0131zl\u0131ca,Bir ke\u015fi\u015f \u00e7\u0131plak ayaklar\u0131yla kutsuyor, bir c\u00fcmb\u00fc\u015f\u00fc ge\u00e7iyor tepeden t\u0131rna\u011fa.Bu elleri nereye g\u00f6mmeli, z\u0131vanadan \u00e7\u0131km\u0131\u015f bir \u00e7ift ask\u0131s\u0131 karartmalar\u0131n?Suretin kaz\u0131l\u0131 ak\u0131lda, koyu renkleri \u00e7ekmi\u015f g\u00f6zlerinin.Bir nevi avare geziyorum, bi\u00e7im de\u011fi\u015ftirirken mavili\u011fi.K\u00f6r d\u00f6\u011f\u00fc\u015f\u00fc se\u00e7imleri hesap soruyorumAya kadar uzuyor bak\u0131\u015flar\u0131m, safhalar\u0131 y\u00fcz\u00fcn \u00f6rt\u00fcyorTepesi a\u00e7\u0131lm\u0131\u015f t\u00fcm d\u00fc\u015f\u00fcncelerime bir oyuk daha ekliyorum, i\u00e7imde yetkin ve iri \u00e7ekilmi\u015f yenilgiler sakl\u0131yorum, onlarda uzay\u0131p kayboluyor sona.Ge\u00e7i\u015fken bir eylemi ya\u015f\u0131yorum sende, \u00fcst\u00fc sarma\u015f\u0131k kapl\u0131 bir \u00e7at\u0131y\u0131 tutuyorum ad\u0131na, al bu edilgeni ya\u015fam kutsa.Kepenkleri indirilmi\u015f, ya\u011fmalanm\u0131\u015f t\u00fcm soylulu\u011fum \u015fimdi ucuz hostellerde harcan\u0131r.D\u00fc\u015fey bir hayat\u0131 ben \u00e7ok \u00e7abal\u0131yorum, k\u00fcnyem zihni kar\u0131\u015fm\u0131\u015f isimlerden ibaret.Ge\u00e7ici olarak al\u0131n\u0131yorum t\u00fcm meslek dallar\u0131naPar\u015f\u00f6men icat olunuyor, ben yazmak \u00f6l\u00fcyorumBir \u00e7i\u00e7ek elini duruyor, ge\u00e7 var\u0131yorum t\u00fcm kentlere, kond\u00fckt\u00f6r ad\u0131m\u0131 \u00e7a\u011f\u0131r\u0131yor, raylara uzan\u0131rken y\u0131llar\u0131mla ve sayamad\u0131\u011f\u0131m birka\u00e7 g\u00fcn daha ya\u015flan\u0131yorum,Koruyuculu\u011fumda bir baya\u011f\u0131l\u0131k yeti\u015fiyor, anl\u0131yorsun.Naylon bir fikirleri ge\u00e7iyorum, az \u00f6tede bir ayr\u0131m kula\u011f\u0131m\u0131 t\u0131rman\u0131yor, anlam \u00f6ld\u00fcrmek bo\u015f bir zaman\u0131 t\u00fcm \u00e7a\u011flar\u0131n.Nezih bir ak\u015fam yeme\u011finde zikrediliyor isimlerimiz, camlar\u0131 y\u00fcz\u00fcm\u00fcz hissediyor kadehlerin.Bir deri ve kemi\u011fi ko\u015fuyoruz.<\/p>\n","protected":false},"excerpt":{"rendered":"<p>Bir nehrin a\u011fz\u0131nda kar\u015f\u0131l\u0131yorum yine bir y\u0131l\u0131n sonunu kap\u0131yorum h\u0131zl\u0131ca,Bir ke\u015fi\u015f \u00e7\u0131plak ayaklar\u0131yla kutsuyor, bir c\u00fcmb\u00fc\u015f\u00fc ge\u00e7iyor tepeden t\u0131rna\u011fa.Bu elleri nereye g\u00f6mmeli, z\u0131vanadan \u00e7\u0131km\u0131\u015f bir \u00e7ift<span class=\"excerpt-hellip\"> [\u2026]<\/span><\/p>\n","protected":false},"featured_media":0,"template":"","meta":{"_monsterinsights_skip_tracking":false,"_monsterinsights_sitenote_active":false,"_monsterinsights_sitenote_note":"","_monsterinsights_sitenote_category":0},"product_brand":[],"product_cat":[12291,12509],"product_tag":[],"class_list":{"0":"post-717337","1":"product","2":"type-product","3":"status-publish","5":"product_cat-edebiyat","6":"product_cat-siir","7":"pa_cilt-ciltsiz","8":"pa_tur-kitap","9":"pa_yayinevi-gece-kitapligi","10":"pa_yazar-hilal-bas","12":"first","13":"instock","14":"sale","15":"shipping-taxable","16":"purchasable","17":"product-type-simple"},"_links":{"self":[{"href":"https:\/\/roveyayinevi.com.tr\/index.php\/wp-json\/wp\/v2\/product\/717337","targetHints":{"allow":["GET"]}}],"collection":[{"href":"https:\/\/roveyayinevi.com.tr\/index.php\/wp-json\/wp\/v2\/product"}],"about":[{"href":"https:\/\/roveyayinevi.com.tr\/index.php\/wp-json\/wp\/v2\/types\/product"}],"wp:attachment":[{"href":"https:\/\/roveyayinevi.com.tr\/index.php\/wp-json\/wp\/v2\/media?parent=717337"}],"wp:term":[{"taxonomy":"product_brand","embeddable":true,"href":"https:\/\/roveyayinevi.com.tr\/index.php\/wp-json\/wp\/v2\/product_brand?post=717337"},{"taxonomy":"product_cat","embeddable":true,"href":"https:\/\/roveyayinevi.com.tr\/index.php\/wp-json\/wp\/v2\/product_cat?post=717337"},{"taxonomy":"product_tag","embeddable":true,"href":"https:\/\/roveyayinevi.com.tr\/index.php\/wp-json\/wp\/v2\/product_tag?post=717337"}],"curies":[{"name":"wp","href":"https:\/\/api.w.org\/{rel}","templated":true}]}}