{"id":717335,"date":"2025-08-27T17:54:14","date_gmt":"2025-08-27T14:54:14","guid":{"rendered":"https:\/\/roveyayinevi.com.tr\/index.php\/urun\/icimizdeki-seytan-7\/"},"modified":"2026-04-16T02:25:43","modified_gmt":"2026-04-15T23:25:43","slug":"icimizdeki-seytan-7","status":"publish","type":"product","link":"https:\/\/roveyayinevi.com.tr\/index.php\/urun\/icimizdeki-seytan-7\/","title":{"rendered":"\u0130\u00e7imizdeki \u015eeytan"},"content":{"rendered":"<p>Kapitalist d\u00fczen i\u00e7ine s\u0131k\u0131\u015fan, t\u00fcm zaaflar\u0131 ve zay\u0131fl\u0131klar\u0131n\u0131 saklay\u0131p var olma \u00e7abas\u0131 i\u00e7inde olan \u00d6mer\u2019in hik\u00e2yesi, apans\u0131z kendini evsiz, kimsesiz ve \u00e7aresiz bir halde bulan Macide ile ba\u015flar. D\u00f6nemin s\u00f6zde ayd\u0131nlar\u0131 aras\u0131nda bulunsa da her daim kendini ve toplumu sorgulayan, ekonomik ferahl\u0131k elde etmek isterken g\u00f6stermesi gereken \u00e7abay\u0131 erteleyen, genel kurallara uymaya \u00e7al\u0131\u015f\u0131rken asl\u0131nda bir yandan da bunlardan ka\u00e7maya \u00e7al\u0131\u015fan \u00d6mer, bu karma\u015f\u0131k d\u00fczenin tam ortas\u0131nda b\u0131rak\u0131r Macide\u2019yi. \u00c7aresiz kalan gen\u00e7 kad\u0131n, \u00e2\u015f\u0131k oldu\u011fu adam\u0131n d\u00fcnyas\u0131nda kendine yer edinmeye \u00e7al\u0131\u015f\u0131r. Hayat\u0131n s\u0131radanl\u0131\u011f\u0131ndan \u015fik\u00e2yet ederken kendini ak\u0131\u015fa kapt\u0131ran ve bundan kurtulmak i\u00e7in \u00e7abalamayan \u00d6mer, t\u00fcm su\u00e7u i\u00e7indeki \u015feytana y\u00fckler. Bir kere kendini o \u015feytana teslim etti\u011finde ise hayat\u0131 d\u00f6n\u00fclmez yollara girerken, onar\u0131lmaz yaralar a\u00e7ar. \u00d6mer\u2019i yolundan d\u00f6nd\u00fcremeyece\u011fini anlayan Macide i\u00e7inse yapacak pek bir \u015fey yoktur. \u0130lk kez 1939 y\u0131l\u0131nda bir gazetede yay\u0131mlanan \u0130\u00e7imizdeki \u015eeytan, 1940 y\u0131l\u0131nda kitap halini alm\u0131\u015ft\u0131r. Ba\u015fta Almanca, Bulgarca ve Rumence olmak \u00fczere \u00e7e\u015fitli dillere de \u00e7evrilmi\u015ftir. <\/p>\n","protected":false},"excerpt":{"rendered":"<p>Kapitalist d\u00fczen i\u00e7ine s\u0131k\u0131\u015fan, t\u00fcm zaaflar\u0131 ve zay\u0131fl\u0131klar\u0131n\u0131 saklay\u0131p var olma \u00e7abas\u0131 i\u00e7inde olan \u00d6mer\u2019in hik\u00e2yesi, apans\u0131z kendini evsiz, kimsesiz ve \u00e7aresiz bir halde bulan Macide<span class=\"excerpt-hellip\"> [\u2026]<\/span><\/p>\n","protected":false},"featured_media":0,"template":"","meta":{"_monsterinsights_skip_tracking":false,"_monsterinsights_sitenote_active":false,"_monsterinsights_sitenote_note":"","_monsterinsights_sitenote_category":0},"product_brand":[],"product_cat":[12291,12711],"product_tag":[],"class_list":{"0":"post-717335","1":"product","2":"type-product","3":"status-publish","5":"product_cat-edebiyat","6":"product_cat-roman-oyku","7":"pa_cilt-ciltsiz","8":"pa_tur-kitap","9":"pa_yayinevi-dokuz-yayinlari","10":"pa_yazar-sabahattin-ali","12":"first","13":"instock","14":"sale","15":"shipping-taxable","16":"purchasable","17":"product-type-simple"},"_links":{"self":[{"href":"https:\/\/roveyayinevi.com.tr\/index.php\/wp-json\/wp\/v2\/product\/717335","targetHints":{"allow":["GET"]}}],"collection":[{"href":"https:\/\/roveyayinevi.com.tr\/index.php\/wp-json\/wp\/v2\/product"}],"about":[{"href":"https:\/\/roveyayinevi.com.tr\/index.php\/wp-json\/wp\/v2\/types\/product"}],"wp:attachment":[{"href":"https:\/\/roveyayinevi.com.tr\/index.php\/wp-json\/wp\/v2\/media?parent=717335"}],"wp:term":[{"taxonomy":"product_brand","embeddable":true,"href":"https:\/\/roveyayinevi.com.tr\/index.php\/wp-json\/wp\/v2\/product_brand?post=717335"},{"taxonomy":"product_cat","embeddable":true,"href":"https:\/\/roveyayinevi.com.tr\/index.php\/wp-json\/wp\/v2\/product_cat?post=717335"},{"taxonomy":"product_tag","embeddable":true,"href":"https:\/\/roveyayinevi.com.tr\/index.php\/wp-json\/wp\/v2\/product_tag?post=717335"}],"curies":[{"name":"wp","href":"https:\/\/api.w.org\/{rel}","templated":true}]}}