{"id":717334,"date":"2025-08-27T17:54:13","date_gmt":"2025-08-27T14:54:13","guid":{"rendered":"https:\/\/roveyayinevi.com.tr\/index.php\/urun\/kuyucakli-yusuf-9\/"},"modified":"2026-04-16T02:25:43","modified_gmt":"2026-04-15T23:25:43","slug":"kuyucakli-yusuf-9","status":"publish","type":"product","link":"https:\/\/roveyayinevi.com.tr\/index.php\/urun\/kuyucakli-yusuf-9\/","title":{"rendered":"Kuyucakl\u0131 Yusuf"},"content":{"rendered":"<p>K\u00fc\u00e7\u00fck ya\u015flardayken Kuyucak K\u00f6y\u00fc\u2019n\u00fc basan e\u015fk\u0131yalar\u0131n anne ve babas\u0131n\u0131 \u00f6ld\u00fcrmesiyle ba\u015flar Yusuf\u2019un hik\u00e2yesi. Olay\u0131 incelemek i\u00e7in k\u00f6ye gelen Kaymakam Sal\u00e2hattin Bey, Yusuf\u2019u da yan\u0131nda g\u00f6t\u00fcr\u00fcr. T\u00fcm cinayete tan\u0131k olan ve hatta yaralan\u0131p parma\u011f\u0131n\u0131 kaybeden Yusuf, g\u00fcn ge\u00e7tik\u00e7e daha duygusuz, daha sert ve daha umursamaz tav\u0131rlar sergilemeye ba\u015flar. Tek zaaf\u0131 ise, kaymakam\u0131n k\u0131z\u0131 Muazzez\u2019dir. Ayn\u0131 evde ya\u015fayan, herkesin karde\u015f g\u00f6z\u00fcyle bakt\u0131\u011f\u0131 bu ikilinin ili\u015fkisinin a\u015fk ad\u0131n\u0131 almas\u0131 epey zaman alacakt\u0131r. \u00d6zellikle gururlu, kat\u0131 ve kavgac\u0131 ki\u015fili\u011fiyle Yusuf\u2019un bunu kabul etmesi ve itiraf etmesi o kadar da kolay olmayacakt\u0131r. Kuyucakl\u0131 Yusuf, dokunakl\u0131 bir a\u015fk hik\u00e2yesi olmas\u0131n\u0131n yan\u0131nda o d\u00f6nemin toplumsal ya\u015fant\u0131s\u0131na da \u0131\u015f\u0131k tutar. G\u00fc\u00e7l\u00fcyle g\u00fc\u00e7s\u00fcz\u00fcn, zenginle fakirin, makam sahibi insanlar\u0131n di\u011ferleriyle ili\u015fkilerini inceler ve adalet olgusunu sorgulat\u0131r. D\u00fczenin \u00e7arp\u0131kl\u0131klar\u0131n\u0131 g\u00f6zler \u00f6n\u00fcne sererken, b\u00fcy\u00fck bir trajediye de imzas\u0131n\u0131 atar. Kuyucakl\u0131 Yusuf, 1932 y\u0131l\u0131nda tefrikalar halinde yay\u0131mlanmaya ba\u015flam\u0131\u015f ancak tamamlanamam\u0131\u015ft\u0131r. Eserin tamam\u0131, ilk kez 1937 y\u0131l\u0131nda bas\u0131lm\u0131\u015f ve ba\u015fta Frans\u0131zca ve Almanca olmak \u00fczere farkl\u0131 dillere de \u00e7evrilmi\u015ftir. <\/p>\n","protected":false},"excerpt":{"rendered":"<p>K\u00fc\u00e7\u00fck ya\u015flardayken Kuyucak K\u00f6y\u00fc\u2019n\u00fc basan e\u015fk\u0131yalar\u0131n anne ve babas\u0131n\u0131 \u00f6ld\u00fcrmesiyle ba\u015flar Yusuf\u2019un hik\u00e2yesi. Olay\u0131 incelemek i\u00e7in k\u00f6ye gelen Kaymakam Sal\u00e2hattin Bey, Yusuf\u2019u da yan\u0131nda g\u00f6t\u00fcr\u00fcr. T\u00fcm<span class=\"excerpt-hellip\"> [\u2026]<\/span><\/p>\n","protected":false},"featured_media":0,"template":"","meta":{"_monsterinsights_skip_tracking":false,"_monsterinsights_sitenote_active":false,"_monsterinsights_sitenote_note":"","_monsterinsights_sitenote_category":0},"product_brand":[],"product_cat":[12291,12711],"product_tag":[],"class_list":{"0":"post-717334","1":"product","2":"type-product","3":"status-publish","5":"product_cat-edebiyat","6":"product_cat-roman-oyku","7":"pa_cilt-ciltsiz","8":"pa_tur-kitap","9":"pa_yayinevi-dokuz-yayinlari","10":"pa_yazar-sabahattin-ali","12":"first","13":"instock","14":"sale","15":"shipping-taxable","16":"purchasable","17":"product-type-simple"},"_links":{"self":[{"href":"https:\/\/roveyayinevi.com.tr\/index.php\/wp-json\/wp\/v2\/product\/717334","targetHints":{"allow":["GET"]}}],"collection":[{"href":"https:\/\/roveyayinevi.com.tr\/index.php\/wp-json\/wp\/v2\/product"}],"about":[{"href":"https:\/\/roveyayinevi.com.tr\/index.php\/wp-json\/wp\/v2\/types\/product"}],"wp:attachment":[{"href":"https:\/\/roveyayinevi.com.tr\/index.php\/wp-json\/wp\/v2\/media?parent=717334"}],"wp:term":[{"taxonomy":"product_brand","embeddable":true,"href":"https:\/\/roveyayinevi.com.tr\/index.php\/wp-json\/wp\/v2\/product_brand?post=717334"},{"taxonomy":"product_cat","embeddable":true,"href":"https:\/\/roveyayinevi.com.tr\/index.php\/wp-json\/wp\/v2\/product_cat?post=717334"},{"taxonomy":"product_tag","embeddable":true,"href":"https:\/\/roveyayinevi.com.tr\/index.php\/wp-json\/wp\/v2\/product_tag?post=717334"}],"curies":[{"name":"wp","href":"https:\/\/api.w.org\/{rel}","templated":true}]}}