{"id":717333,"date":"2025-08-27T17:54:13","date_gmt":"2025-08-27T14:54:13","guid":{"rendered":"https:\/\/roveyayinevi.com.tr\/index.php\/urun\/hint-dinleri\/"},"modified":"2026-04-16T02:25:43","modified_gmt":"2026-04-15T23:25:43","slug":"hint-dinleri","status":"publish","type":"product","link":"https:\/\/roveyayinevi.com.tr\/index.php\/urun\/hint-dinleri\/","title":{"rendered":"Hint Dinleri"},"content":{"rendered":"<p>&#8220;Hindu kelimesi asl\u0131nda b\u00fcy\u00fck bir nehrin Sindhu isminden gelir , ama bu isim zamanla nehrin etraf\u0131nda ya\u015fayan insanlara ve dinlerine verilmi\u015ftir. \u00d6yle ki bug\u00fcn Hindu kelimesinin sadece dini boyutu akla gelir. Himduizm , Hint Alt K\u0131tas\u0131&#8217;ndaki belki de d\u00fcnyadaki en kar\u0131\u015f\u0131k ve hayret verici dindir.Bu nedenle  Hinduizm&#8217;in tarifini yapmak , \u0130slam , Hristiyanl\u0131k Yahudilik gibi semavi dinlerin tariflerini yapmak kadar kolay de\u011fildir&#8221;&#8221;Bunun \u00fczerine a\u011fa\u00e7 , dal\u0131n\u0131 e\u011ferek onun eline uzand\u0131.Mahamaya , en k\u00fc\u00e7\u00fck bir ac\u0131 \u00e7ekmeden  bebe\u011fini d\u00fcnyaya getirdi.Yeni do\u011fan bebeke d\u00fcnyaya geldikten sonra s\u0131rada  gelecekteki e\u015fi ve sonralar\u0131 alt\u0131nda nihai hakikate ula\u015faca\u011f\u0131 Bodhi A\u011fac\u0131 meydana geldi. Buddha&#8217;n\u0131n do\u011fumuyla d\u011fnta co\u015fmaya ba\u015flad\u0131, art arda depremler oldu d\u00fcnyay\u0131 ba\u015f d\u00f6nd\u00fcr\u00fcc\u00fc bir konu kaplad\u0131 ve tuzlu sular tatland\u0131.&#8221;&#8221;Her ne kadar Sikhlerin geneli Adi Granth&#8217;\u0131n i\u00e7eri\u011finden habersiz olsalar da onu \u00e7ok kutsal sayar , ona y\u00fcksek de\u011fer bi\u00e7er , b\u00fcy\u00fck sayg\u0131 g\u00f6zterirler. Sikhler bu kitab\u0131 harikulade ve kutsal bir \u015fahsiyet gibi g\u00f6r\u00fcr ve son gurular\u0131 olarak kabul ederler&#8221;<\/p>\n","protected":false},"excerpt":{"rendered":"<p>&#8220;Hindu kelimesi asl\u0131nda b\u00fcy\u00fck bir nehrin Sindhu isminden gelir , ama bu isim zamanla nehrin etraf\u0131nda ya\u015fayan insanlara ve dinlerine verilmi\u015ftir. \u00d6yle ki bug\u00fcn Hindu kelimesinin<span class=\"excerpt-hellip\"> [\u2026]<\/span><\/p>\n","protected":false},"featured_media":0,"template":"","meta":{"_monsterinsights_skip_tracking":false,"_monsterinsights_sitenote_active":false,"_monsterinsights_sitenote_note":"","_monsterinsights_sitenote_category":0},"product_brand":[],"product_cat":[12718,16794],"product_tag":[],"class_list":{"0":"post-717333","1":"product","2":"type-product","3":"status-publish","5":"product_cat-din","6":"product_cat-dinler-tarihi","7":"pa_cilt-ciltsiz","8":"pa_tur-kitap","9":"pa_yayinevi-ganesa-yayinevi","10":"pa_yazar-feyyaz-karayi","12":"first","13":"instock","14":"sale","15":"shipping-taxable","16":"purchasable","17":"product-type-simple"},"_links":{"self":[{"href":"https:\/\/roveyayinevi.com.tr\/index.php\/wp-json\/wp\/v2\/product\/717333","targetHints":{"allow":["GET"]}}],"collection":[{"href":"https:\/\/roveyayinevi.com.tr\/index.php\/wp-json\/wp\/v2\/product"}],"about":[{"href":"https:\/\/roveyayinevi.com.tr\/index.php\/wp-json\/wp\/v2\/types\/product"}],"wp:attachment":[{"href":"https:\/\/roveyayinevi.com.tr\/index.php\/wp-json\/wp\/v2\/media?parent=717333"}],"wp:term":[{"taxonomy":"product_brand","embeddable":true,"href":"https:\/\/roveyayinevi.com.tr\/index.php\/wp-json\/wp\/v2\/product_brand?post=717333"},{"taxonomy":"product_cat","embeddable":true,"href":"https:\/\/roveyayinevi.com.tr\/index.php\/wp-json\/wp\/v2\/product_cat?post=717333"},{"taxonomy":"product_tag","embeddable":true,"href":"https:\/\/roveyayinevi.com.tr\/index.php\/wp-json\/wp\/v2\/product_tag?post=717333"}],"curies":[{"name":"wp","href":"https:\/\/api.w.org\/{rel}","templated":true}]}}