{"id":717332,"date":"2025-08-27T17:54:12","date_gmt":"2025-08-27T14:54:12","guid":{"rendered":"https:\/\/roveyayinevi.com.tr\/index.php\/urun\/ataturk-ve-sanat-sevgisi\/"},"modified":"2026-04-16T02:25:43","modified_gmt":"2026-04-15T23:25:43","slug":"ataturk-ve-sanat-sevgisi","status":"publish","type":"product","link":"https:\/\/roveyayinevi.com.tr\/index.php\/urun\/ataturk-ve-sanat-sevgisi\/","title":{"rendered":"Atat\u00fcrk ve Sanat Sevgisi"},"content":{"rendered":"<p>\u201cSanats\u0131z kalan bir milletin, hayat damarlar\u0131ndan biri kopmu\u015f demektir.\u201d M. Kemal Atat\u00fcrk Bir duyguyu ya da g\u00fczelli\u011fi anlat\u0131rken kullan\u0131lan yarat\u0131c\u0131 ifade bi\u00e7imine sanat denir. Edebiyat, m\u00fczik, resim, dans, heykel, tiyatro gibi bir\u00e7ok sanat dal\u0131 vard\u0131r. \u00c7ocuklar\u0131 yarat\u0131c\u0131 bireyler olmalar\u0131 ad\u0131na cesaretlendirmek i\u00e7in haz\u0131rlanan bu kitap, Atat\u00fcrk\u2019\u00fcn sanata verdi\u011fi b\u00fcy\u00fck de\u011ferden ilham al\u0131yor ve sanat sevgisinin her \u00e7ocu\u011fun kalbinde yer almas\u0131n\u0131n \u00f6nemini hat\u0131rlat\u0131yor. <\/p>\n","protected":false},"excerpt":{"rendered":"<p>\u201cSanats\u0131z kalan bir milletin, hayat damarlar\u0131ndan biri kopmu\u015f demektir.\u201d M. Kemal Atat\u00fcrk Bir duyguyu ya da g\u00fczelli\u011fi anlat\u0131rken kullan\u0131lan yarat\u0131c\u0131 ifade bi\u00e7imine sanat denir. Edebiyat, m\u00fczik,<span class=\"excerpt-hellip\"> [\u2026]<\/span><\/p>\n","protected":false},"featured_media":0,"template":"","meta":{"_monsterinsights_skip_tracking":false,"_monsterinsights_sitenote_active":false,"_monsterinsights_sitenote_note":"","_monsterinsights_sitenote_category":0},"product_brand":[],"product_cat":[12274,12631],"product_tag":[],"class_list":{"0":"post-717332","1":"product","2":"type-product","3":"status-publish","5":"product_cat-cocuk-ve-genclik-kitaplari","6":"product_cat-diger-cocuk-ve-genclik-kitaplari","7":"pa_cilt-ciltsiz","8":"pa_tur-kitap","9":"pa_yayinevi-masalperest-ozel-urun","10":"pa_yazar-aysen-oy","12":"first","13":"instock","14":"sale","15":"shipping-taxable","16":"purchasable","17":"product-type-simple"},"_links":{"self":[{"href":"https:\/\/roveyayinevi.com.tr\/index.php\/wp-json\/wp\/v2\/product\/717332","targetHints":{"allow":["GET"]}}],"collection":[{"href":"https:\/\/roveyayinevi.com.tr\/index.php\/wp-json\/wp\/v2\/product"}],"about":[{"href":"https:\/\/roveyayinevi.com.tr\/index.php\/wp-json\/wp\/v2\/types\/product"}],"wp:attachment":[{"href":"https:\/\/roveyayinevi.com.tr\/index.php\/wp-json\/wp\/v2\/media?parent=717332"}],"wp:term":[{"taxonomy":"product_brand","embeddable":true,"href":"https:\/\/roveyayinevi.com.tr\/index.php\/wp-json\/wp\/v2\/product_brand?post=717332"},{"taxonomy":"product_cat","embeddable":true,"href":"https:\/\/roveyayinevi.com.tr\/index.php\/wp-json\/wp\/v2\/product_cat?post=717332"},{"taxonomy":"product_tag","embeddable":true,"href":"https:\/\/roveyayinevi.com.tr\/index.php\/wp-json\/wp\/v2\/product_tag?post=717332"}],"curies":[{"name":"wp","href":"https:\/\/api.w.org\/{rel}","templated":true}]}}