{"id":717331,"date":"2025-08-27T17:54:11","date_gmt":"2025-08-27T14:54:11","guid":{"rendered":"https:\/\/roveyayinevi.com.tr\/index.php\/urun\/ataturk-ve-cesaret\/"},"modified":"2026-04-16T02:25:43","modified_gmt":"2026-04-15T23:25:43","slug":"ataturk-ve-cesaret","status":"publish","type":"product","link":"https:\/\/roveyayinevi.com.tr\/index.php\/urun\/ataturk-ve-cesaret\/","title":{"rendered":"Atat\u00fcrk ve Cesaret"},"content":{"rendered":"<p>\u201cYerinde duran, geriye gidiyor demektir&#8230; \u0130leri, daima ileri!\u201d   M. Kemal Atat\u00fcrk   Cesaret, g\u00fc\u00e7 veya tehlikeli bir i\u015fe giri\u015firken ki\u015finin kendinde buldu\u011fu g\u00fcven anlam\u0131na gelir. Mesela Atat\u00fcrk\u2019\u00fcn \u00f6nderli\u011finde kazand\u0131\u011f\u0131m\u0131z Kurtulu\u015f Sava\u015f\u0131 b\u00fcy\u00fck bir cesaret \u00f6rne\u011fidir.   Bu kitap, Atat\u00fcrk\u2019\u00fcn cesur kalplerine \u00e7ok g\u00fcvendi\u011fi \u00e7ocuklar i\u00e7in yaz\u0131ld\u0131. Ayd\u0131nl\u0131k bir gelece\u011fe do\u011fru sa\u011flam ad\u0131mlar atmaya devam edin! Y\u0131lmadan ve cesaretle \u00e7al\u0131\u015ft\u0131\u011f\u0131n\u0131zda yapamayaca\u011f\u0131n\u0131z \u015fey, kazanamayaca\u011f\u0131n\u0131z ba\u015far\u0131 yoktur! <\/p>\n","protected":false},"excerpt":{"rendered":"<p>\u201cYerinde duran, geriye gidiyor demektir&#8230; \u0130leri, daima ileri!\u201d M. Kemal Atat\u00fcrk Cesaret, g\u00fc\u00e7 veya tehlikeli bir i\u015fe giri\u015firken ki\u015finin kendinde buldu\u011fu g\u00fcven anlam\u0131na gelir. Mesela Atat\u00fcrk\u2019\u00fcn<span class=\"excerpt-hellip\"> [\u2026]<\/span><\/p>\n","protected":false},"featured_media":0,"template":"","meta":{"_monsterinsights_skip_tracking":false,"_monsterinsights_sitenote_active":false,"_monsterinsights_sitenote_note":"","_monsterinsights_sitenote_category":0},"product_brand":[],"product_cat":[12274,12284],"product_tag":[],"class_list":{"0":"post-717331","1":"product","2":"type-product","3":"status-publish","5":"product_cat-cocuk-ve-genclik-kitaplari","6":"product_cat-hikayeler","7":"pa_cilt-ciltsiz","8":"pa_tur-kitap","9":"pa_yayinevi-masalperest-ozel-urun","10":"pa_yazar-aysen-oy","12":"first","13":"instock","14":"sale","15":"shipping-taxable","16":"purchasable","17":"product-type-simple"},"_links":{"self":[{"href":"https:\/\/roveyayinevi.com.tr\/index.php\/wp-json\/wp\/v2\/product\/717331","targetHints":{"allow":["GET"]}}],"collection":[{"href":"https:\/\/roveyayinevi.com.tr\/index.php\/wp-json\/wp\/v2\/product"}],"about":[{"href":"https:\/\/roveyayinevi.com.tr\/index.php\/wp-json\/wp\/v2\/types\/product"}],"wp:attachment":[{"href":"https:\/\/roveyayinevi.com.tr\/index.php\/wp-json\/wp\/v2\/media?parent=717331"}],"wp:term":[{"taxonomy":"product_brand","embeddable":true,"href":"https:\/\/roveyayinevi.com.tr\/index.php\/wp-json\/wp\/v2\/product_brand?post=717331"},{"taxonomy":"product_cat","embeddable":true,"href":"https:\/\/roveyayinevi.com.tr\/index.php\/wp-json\/wp\/v2\/product_cat?post=717331"},{"taxonomy":"product_tag","embeddable":true,"href":"https:\/\/roveyayinevi.com.tr\/index.php\/wp-json\/wp\/v2\/product_tag?post=717331"}],"curies":[{"name":"wp","href":"https:\/\/api.w.org\/{rel}","templated":true}]}}