{"id":717330,"date":"2025-08-27T17:54:11","date_gmt":"2025-08-27T14:54:11","guid":{"rendered":"https:\/\/roveyayinevi.com.tr\/index.php\/urun\/hayatinizin-amaci\/"},"modified":"2026-04-08T02:32:49","modified_gmt":"2026-04-07T23:32:49","slug":"hayatinizin-amaci","status":"publish","type":"product","link":"https:\/\/roveyayinevi.com.tr\/index.php\/urun\/hayatinizin-amaci\/","title":{"rendered":"Hayat\u0131n\u0131z\u0131n Amac\u0131"},"content":{"rendered":"<p>\u00dcnl\u00fc yazar ve Yeni \u00c7a\u011f Hareketi\u2019nin \u00f6nc\u00fclerinden Dan Millman, bir\u00e7ok dile \u00e7evrilen ve sat\u0131\u015f rekorlar\u0131 k\u0131ran bu ola\u011fan\u00fcst\u00fc eserinde, do\u011fum tarihine g\u00f6re hayat amac\u0131n\u0131z\u0131 bulmakla ilgili, kadim bilgeli\u011fe dayanan modern bir y\u00f6ntemi yetkinlikle a\u00e7\u0131kl\u0131yor. Yazar taraf\u0131ndan y\u0131llard\u0131r d\u00fcnyan\u0131n d\u00f6rt bir yan\u0131ndan binlerce ki\u015fi \u00fczerinde denenmi\u015f ve s\u0131nanm\u0131\u015f olan bu Hayat-Amac\u0131 Sistemi, g\u00fcc\u00fcn\u00fc, zaman i\u00e7inde kan\u0131tlanm\u0131\u015f do\u011frulu\u011fundan almaktad\u0131r. Bu kitap, sundu\u011fu son derece \u015fa\u015f\u0131rt\u0131c\u0131 ve \u00e7ok de\u011ferli bilgilerle y\u00fcz binlerce insan\u0131n hayat amac\u0131n\u0131 ke\u015ffetmesine, hayat\u0131nda yepyeni bir anlam, y\u00f6n ve doyum bulmas\u0131na ve ya\u015fam\u0131n\u0131 olumlu y\u00f6nde de\u011fi\u015ftirmesine yard\u0131mc\u0131 olmu\u015ftur.   Dan Millman, bu ayd\u0131nlat\u0131c\u0131 eserinde ayr\u0131ca, do\u011fum tarihimize g\u00f6re potansiyelimizi ve kaderimizi, do\u011fal yeteneklerimizi ve sorunlar\u0131m\u0131z\u0131, hayat yolumuzda kar\u015f\u0131la\u015fabilece\u011fimiz f\u0131rsatlar\u0131 ve zorluklar\u0131, ili\u015fkilerimizin gizli dinamiklerini, sa\u011fl\u0131k durumumuzu, mesleki ve mali konular\u0131m\u0131z\u0131, hayat yolumuzu nas\u0131l olumlu ya da olumsuz bi\u00e7imde ifade edebilece\u011fimizi ve dokuz-y\u0131ll\u0131k d\u00f6ng\u00fclerimizle nas\u0131l uyum i\u00e7inde ya\u015fayabilece\u011fimizi anlat\u0131yor. Yazar ayr\u0131ca, kaderimizi ger\u00e7ekle\u015ftirmemize yard\u0131mc\u0131 olacak spirit\u00fcel yasalar\u0131 -her hayat yoluyla ilgili evrensel prensipleri- de a\u00e7\u0131kl\u0131yor.   Ger\u00e7ekten de, sunulan bu sistem ve bilgi, e\u011fer i\u00e7tenlikle uygulan\u0131rsa, kendini-bilme konusunda \u00e7ok \u00f6nemli bir at\u0131l\u0131m yapmam\u0131za ve b\u00fcy\u00fck bir de\u011fi\u015fim ge\u00e7irerek hayat\u0131m\u0131z\u0131 yepyeni bir bi\u00e7imde y\u00f6nlendirmemize yard\u0131mc\u0131 olabilir. &#8220;Hayat-Amac\u0131 Sistemi \u00e7ok \u015fa\u015f\u0131rt\u0131c\u0131 bir \u00f6ng\u00f6r\u00fc sistemi. O, hayat\u0131n\u0131z\u0131 \u00e7\u00f6z\u00fcmlemenize yard\u0131mc\u0131 olacak ve hayat amac\u0131n\u0131z\u0131 ger\u00e7ekle\u015ftirmeniz i\u00e7in size rehberlik edecektir.\u201d <\/p>\n","protected":false},"excerpt":{"rendered":"<p>\u00dcnl\u00fc yazar ve Yeni \u00c7a\u011f Hareketi\u2019nin \u00f6nc\u00fclerinden Dan Millman, bir\u00e7ok dile \u00e7evrilen ve sat\u0131\u015f rekorlar\u0131 k\u0131ran bu ola\u011fan\u00fcst\u00fc eserinde, do\u011fum tarihine g\u00f6re hayat amac\u0131n\u0131z\u0131 bulmakla ilgili,<span class=\"excerpt-hellip\"> [\u2026]<\/span><\/p>\n","protected":false},"featured_media":0,"template":"","meta":{"_monsterinsights_skip_tracking":false,"_monsterinsights_sitenote_active":false,"_monsterinsights_sitenote_note":"","_monsterinsights_sitenote_category":0},"product_brand":[],"product_cat":[12364,12376],"product_tag":[],"class_list":{"0":"post-717330","1":"product","2":"type-product","3":"status-publish","5":"product_cat-genel-konular","6":"product_cat-kisisel-gelisim","7":"pa_cilt-ciltsiz","8":"pa_tur-kitap","9":"pa_yayinevi-akasa-yayinlari","10":"pa_yazar-dan-millman","12":"first","13":"instock","14":"sale","15":"shipping-taxable","16":"purchasable","17":"product-type-simple"},"_links":{"self":[{"href":"https:\/\/roveyayinevi.com.tr\/index.php\/wp-json\/wp\/v2\/product\/717330","targetHints":{"allow":["GET"]}}],"collection":[{"href":"https:\/\/roveyayinevi.com.tr\/index.php\/wp-json\/wp\/v2\/product"}],"about":[{"href":"https:\/\/roveyayinevi.com.tr\/index.php\/wp-json\/wp\/v2\/types\/product"}],"wp:attachment":[{"href":"https:\/\/roveyayinevi.com.tr\/index.php\/wp-json\/wp\/v2\/media?parent=717330"}],"wp:term":[{"taxonomy":"product_brand","embeddable":true,"href":"https:\/\/roveyayinevi.com.tr\/index.php\/wp-json\/wp\/v2\/product_brand?post=717330"},{"taxonomy":"product_cat","embeddable":true,"href":"https:\/\/roveyayinevi.com.tr\/index.php\/wp-json\/wp\/v2\/product_cat?post=717330"},{"taxonomy":"product_tag","embeddable":true,"href":"https:\/\/roveyayinevi.com.tr\/index.php\/wp-json\/wp\/v2\/product_tag?post=717330"}],"curies":[{"name":"wp","href":"https:\/\/api.w.org\/{rel}","templated":true}]}}