{"id":717329,"date":"2025-08-27T17:54:10","date_gmt":"2025-08-27T14:54:10","guid":{"rendered":"https:\/\/roveyayinevi.com.tr\/index.php\/urun\/dusten-dusunceye-zamansiz-kadinlar\/"},"modified":"2026-04-16T02:25:43","modified_gmt":"2026-04-15T23:25:43","slug":"dusten-dusunceye-zamansiz-kadinlar","status":"publish","type":"product","link":"https:\/\/roveyayinevi.com.tr\/index.php\/urun\/dusten-dusunceye-zamansiz-kadinlar\/","title":{"rendered":"D\u00fc\u015ften D\u00fc\u015f\u00fcnceye Zamans\u0131z Kad\u0131nlar"},"content":{"rendered":"<p>Bir &#8220;an\u0131c\u0131&#8221;, &#8220;arac\u0131&#8221; ve &#8220;anlat\u0131c\u0131&#8221; olan \u0130lknur G\u00fcnt\u00fcrk\u00fcn Kal\u0131p\u00e7\u0131, Cumhuriyet tarihinin ilklerine imza atan, ya\u015fad\u0131klar\u0131 \u00e7a\u011f\u0131n \u00f6tesindeki kad\u0131nlar\u0131m\u0131z\u0131 kaleme ald\u0131. Hayat hik\u00e2yeleri t\u00fcm zamanlara \u00f6nc\u00fcl\u00fck edecek nitelikte olan &#8220;Zamans\u0131z  Kad\u0131nlar&#8221;\u0131m\u0131z\u0131n an\u0131s\u0131na&#8230;\u0130lknur G\u00fcnt\u00fcrk\u00fcn Kal\u0131p\u00e7\u0131<\/p>\n","protected":false},"excerpt":{"rendered":"<p>Bir &#8220;an\u0131c\u0131&#8221;, &#8220;arac\u0131&#8221; ve &#8220;anlat\u0131c\u0131&#8221; olan \u0130lknur G\u00fcnt\u00fcrk\u00fcn Kal\u0131p\u00e7\u0131, Cumhuriyet tarihinin ilklerine imza atan, ya\u015fad\u0131klar\u0131 \u00e7a\u011f\u0131n \u00f6tesindeki kad\u0131nlar\u0131m\u0131z\u0131 kaleme ald\u0131. Hayat hik\u00e2yeleri t\u00fcm zamanlara \u00f6nc\u00fcl\u00fck edecek<span class=\"excerpt-hellip\"> [\u2026]<\/span><\/p>\n","protected":false},"featured_media":0,"template":"","meta":{"_monsterinsights_skip_tracking":false,"_monsterinsights_sitenote_active":false,"_monsterinsights_sitenote_note":"","_monsterinsights_sitenote_category":0},"product_brand":[],"product_cat":[13701,12291],"product_tag":[],"class_list":{"0":"post-717329","1":"product","2":"type-product","3":"status-publish","5":"product_cat-ani-mektup-gunluk","6":"product_cat-edebiyat","7":"pa_cilt-ciltsiz","8":"pa_tur-kitap","9":"pa_yayinevi-epsilon-yayinlari","10":"pa_yazar-ilknur-gunturkun-kalipci","12":"first","13":"instock","14":"sale","15":"shipping-taxable","16":"purchasable","17":"product-type-simple"},"_links":{"self":[{"href":"https:\/\/roveyayinevi.com.tr\/index.php\/wp-json\/wp\/v2\/product\/717329","targetHints":{"allow":["GET"]}}],"collection":[{"href":"https:\/\/roveyayinevi.com.tr\/index.php\/wp-json\/wp\/v2\/product"}],"about":[{"href":"https:\/\/roveyayinevi.com.tr\/index.php\/wp-json\/wp\/v2\/types\/product"}],"wp:attachment":[{"href":"https:\/\/roveyayinevi.com.tr\/index.php\/wp-json\/wp\/v2\/media?parent=717329"}],"wp:term":[{"taxonomy":"product_brand","embeddable":true,"href":"https:\/\/roveyayinevi.com.tr\/index.php\/wp-json\/wp\/v2\/product_brand?post=717329"},{"taxonomy":"product_cat","embeddable":true,"href":"https:\/\/roveyayinevi.com.tr\/index.php\/wp-json\/wp\/v2\/product_cat?post=717329"},{"taxonomy":"product_tag","embeddable":true,"href":"https:\/\/roveyayinevi.com.tr\/index.php\/wp-json\/wp\/v2\/product_tag?post=717329"}],"curies":[{"name":"wp","href":"https:\/\/api.w.org\/{rel}","templated":true}]}}