{"id":717326,"date":"2025-08-27T17:54:08","date_gmt":"2025-08-27T14:54:08","guid":{"rendered":"https:\/\/roveyayinevi.com.tr\/index.php\/urun\/sehir-planlamasina-giris\/"},"modified":"2026-04-16T02:25:43","modified_gmt":"2026-04-15T23:25:43","slug":"sehir-planlamasina-giris","status":"publish","type":"product","link":"https:\/\/roveyayinevi.com.tr\/index.php\/urun\/sehir-planlamasina-giris\/","title":{"rendered":"\u015eehir Planlamas\u0131na Giri\u015f"},"content":{"rendered":"<p>Birinci B\u00f6l\u00fcm Kent Planlama \u00c7al\u0131\u015fmas\u0131na Giri\u015f Arazi kullan\u0131m\u0131n\u0131n elde edilmesi Mahalle tasar\u0131m\u0131 Tematik \u00e7al\u0131\u015fmalar Kurumsal sunu\u015flar \u0130kinci B\u00f6l\u00fcm Ara\u015ft\u0131rma,Analiz,Sentez,Planlama S\u00fcreci Ara\u015ft\u0131rma \u00e7al\u0131\u015fmalar\u0131 Analiz,sentez ve de\u011ferlendirme \u00e7al\u0131\u015fmalar\u0131 Planlama s\u00fcreci \u00dc\u00e7\u00fcnc\u00fc B\u00f6l\u00fcm  Kent Planlama S\u00fcrecinin Gerze Kenti \u00dczerinden De\u011ferlendirmesi Gerze&#8217;nin sosyal,mekansal ve yap\u0131sal \u00f6zellikleri <\/p>\n","protected":false},"excerpt":{"rendered":"<p>Birinci B\u00f6l\u00fcm Kent Planlama \u00c7al\u0131\u015fmas\u0131na Giri\u015f Arazi kullan\u0131m\u0131n\u0131n elde edilmesi Mahalle tasar\u0131m\u0131 Tematik \u00e7al\u0131\u015fmalar Kurumsal sunu\u015flar \u0130kinci B\u00f6l\u00fcm Ara\u015ft\u0131rma,Analiz,Sentez,Planlama S\u00fcreci Ara\u015ft\u0131rma \u00e7al\u0131\u015fmalar\u0131 Analiz,sentez ve de\u011ferlendirme \u00e7al\u0131\u015fmalar\u0131<span class=\"excerpt-hellip\"> [\u2026]<\/span><\/p>\n","protected":false},"featured_media":0,"template":"","meta":{"_monsterinsights_skip_tracking":false,"_monsterinsights_sitenote_active":false,"_monsterinsights_sitenote_note":"","_monsterinsights_sitenote_category":0},"product_brand":[],"product_cat":[12767,12324],"product_tag":[],"class_list":{"0":"post-717326","1":"product","2":"type-product","3":"status-publish","5":"product_cat-kentlesme-modernlesme","6":"product_cat-sosyoloji","7":"pa_cilt-ciltsiz","8":"pa_tur-kitap","9":"pa_yayinevi-gazi-kitabevi","10":"pa_yazar-fatma-erdoganaras-selcan-bayram","12":"first","13":"instock","14":"sale","15":"shipping-taxable","16":"purchasable","17":"product-type-simple"},"_links":{"self":[{"href":"https:\/\/roveyayinevi.com.tr\/index.php\/wp-json\/wp\/v2\/product\/717326","targetHints":{"allow":["GET"]}}],"collection":[{"href":"https:\/\/roveyayinevi.com.tr\/index.php\/wp-json\/wp\/v2\/product"}],"about":[{"href":"https:\/\/roveyayinevi.com.tr\/index.php\/wp-json\/wp\/v2\/types\/product"}],"wp:attachment":[{"href":"https:\/\/roveyayinevi.com.tr\/index.php\/wp-json\/wp\/v2\/media?parent=717326"}],"wp:term":[{"taxonomy":"product_brand","embeddable":true,"href":"https:\/\/roveyayinevi.com.tr\/index.php\/wp-json\/wp\/v2\/product_brand?post=717326"},{"taxonomy":"product_cat","embeddable":true,"href":"https:\/\/roveyayinevi.com.tr\/index.php\/wp-json\/wp\/v2\/product_cat?post=717326"},{"taxonomy":"product_tag","embeddable":true,"href":"https:\/\/roveyayinevi.com.tr\/index.php\/wp-json\/wp\/v2\/product_tag?post=717326"}],"curies":[{"name":"wp","href":"https:\/\/api.w.org\/{rel}","templated":true}]}}