{"id":717325,"date":"2025-08-27T17:54:07","date_gmt":"2025-08-27T14:54:07","guid":{"rendered":"https:\/\/roveyayinevi.com.tr\/index.php\/urun\/cthulhunun-cagrisi-ve-diger-tuhaf-oykuler\/"},"modified":"2026-04-16T02:25:43","modified_gmt":"2026-04-15T23:25:43","slug":"cthulhunun-cagrisi-ve-diger-tuhaf-oykuler","status":"publish","type":"product","link":"https:\/\/roveyayinevi.com.tr\/index.php\/urun\/cthulhunun-cagrisi-ve-diger-tuhaf-oykuler\/","title":{"rendered":"Cthulhu&#8217;nun \u00c7a\u011fr\u0131s\u0131 ve Di\u011fer Tuhaf \u00d6yk\u00fcler"},"content":{"rendered":"<p>Bir yandan korkun bir yandan umudun varsa iki kanatl\u0131 olursun, tek kanatla u\u00e7ulmaz zaten. Mevl\u00e2n\u00e2 Edgar Allan Poe\u2019nun miras\u00e7\u0131s\u0131 ilan edilen ve \u201cUyand\u0131r\u0131lan her deh\u015fet, sorumlusunu da yery\u00fcz\u00fcnden siler,\u201d diyen Lovecraft, t\u0131pk\u0131 yaratt\u0131\u011f\u0131 Cthulhu gibi korku edebiyat\u0131n\u0131n en ilham verici mitoslar\u0131ndan biri.Cthulhu\u2019nun \u00c7a\u011fr\u0131s\u0131, Charles Dexter Ward Vakas\u0131,  Uzaydan Gelen Renk, Karanl\u0131kta F\u0131s\u0131ldayan ve Delili\u011fin Da\u011flar\u0131nda \u00f6yk\u00fclerinde; eski \u00e7a\u011flardan kalma ve uzun s\u00fcredir geri \u00e7ekilmi\u015f bekleyen yarat\u0131klar, canavarlar, tanr\u0131lar efsanelerin, \u015fiirlerin aras\u0131ndan \u00e7\u0131k\u0131p yan\u0131ba\u015f\u0131m\u0131zda soluk almaya ba\u015fl\u0131yor.Cthulhu\u2019nun \u00c7a\u011fr\u0131s\u0131 ve Di\u011fer Tuhaf \u00d6yk\u00fcler, insanl\u0131\u011f\u0131n en eski ve en g\u00fc\u00e7l\u00fc duygusu korkuyu de\u015fen \u00f6yk\u00fclerle dolu \u201ctuhaf\u201d bir ba\u015fyap\u0131t. \u201c\u0130nsanl\u0131\u011f\u0131n huzuru ve g\u00fcvenli\u011fi i\u00e7in yery\u00fcz\u00fcn\u00fcn en karanl\u0131k kuytu k\u00f6\u015felerinin ve ayak de\u011fmemi\u015f ma\u011faralar\u0131n\u0131n kendi haline b\u0131rak\u0131lmas\u0131 mutlak suretlezaruridir; oralara ili\u015filmemelidir ki uykudaki anormallikler dirilmesin, k\u00fcf\u00fcr gibi varl\u0131\u011f\u0131n\u0131 s\u00fcrd\u00fcren korkun\u00e7 varl\u0131klar zifiri inlerinden f\u0131\u015fk\u0131r\u0131p yepyeni ve daha geni\u015f \u00e7apl\u0131 fetihlere kalk\u0131\u015fmas\u0131nlar.\u201d <\/p>\n","protected":false},"excerpt":{"rendered":"<p>Bir yandan korkun bir yandan umudun varsa iki kanatl\u0131 olursun, tek kanatla u\u00e7ulmaz zaten. Mevl\u00e2n\u00e2 Edgar Allan Poe\u2019nun miras\u00e7\u0131s\u0131 ilan edilen ve \u201cUyand\u0131r\u0131lan her deh\u015fet, sorumlusunu<span class=\"excerpt-hellip\"> [\u2026]<\/span><\/p>\n","protected":false},"featured_media":0,"template":"","meta":{"_monsterinsights_skip_tracking":false,"_monsterinsights_sitenote_active":false,"_monsterinsights_sitenote_note":"","_monsterinsights_sitenote_category":0},"product_brand":[],"product_cat":[12291,17033],"product_tag":[],"class_list":{"0":"post-717325","1":"product","2":"type-product","3":"status-publish","5":"product_cat-edebiyat","6":"product_cat-korku-gerilim","7":"pa_cilt-ciltsiz","8":"pa_tur-kitap","9":"pa_yayinevi-dex-yayinevi","10":"pa_yazar-h-p-lovecraft","12":"first","13":"instock","14":"sale","15":"shipping-taxable","16":"purchasable","17":"product-type-simple"},"_links":{"self":[{"href":"https:\/\/roveyayinevi.com.tr\/index.php\/wp-json\/wp\/v2\/product\/717325","targetHints":{"allow":["GET"]}}],"collection":[{"href":"https:\/\/roveyayinevi.com.tr\/index.php\/wp-json\/wp\/v2\/product"}],"about":[{"href":"https:\/\/roveyayinevi.com.tr\/index.php\/wp-json\/wp\/v2\/types\/product"}],"wp:attachment":[{"href":"https:\/\/roveyayinevi.com.tr\/index.php\/wp-json\/wp\/v2\/media?parent=717325"}],"wp:term":[{"taxonomy":"product_brand","embeddable":true,"href":"https:\/\/roveyayinevi.com.tr\/index.php\/wp-json\/wp\/v2\/product_brand?post=717325"},{"taxonomy":"product_cat","embeddable":true,"href":"https:\/\/roveyayinevi.com.tr\/index.php\/wp-json\/wp\/v2\/product_cat?post=717325"},{"taxonomy":"product_tag","embeddable":true,"href":"https:\/\/roveyayinevi.com.tr\/index.php\/wp-json\/wp\/v2\/product_tag?post=717325"}],"curies":[{"name":"wp","href":"https:\/\/api.w.org\/{rel}","templated":true}]}}