{"id":717324,"date":"2025-08-27T17:54:07","date_gmt":"2025-08-27T14:54:07","guid":{"rendered":"https:\/\/roveyayinevi.com.tr\/index.php\/urun\/artemis-priapos\/"},"modified":"2026-04-16T02:25:43","modified_gmt":"2026-04-15T23:25:43","slug":"artemis-priapos","status":"publish","type":"product","link":"https:\/\/roveyayinevi.com.tr\/index.php\/urun\/artemis-priapos\/","title":{"rendered":"Artemis &#8211; Priapos"},"content":{"rendered":"<p>Bir varm\u0131\u015f bir yokmu\u015f&#8230; Bereket Tanr\u0131\u00e7as\u0131 Efesli Artemis ile Bereket Tanr\u0131s\u0131 Priapos birlikte olmu\u015f. Dokuz ay on g\u00fcn sonra; Nur topu gibi bir minikleri olmu\u015f. \u201cAllah bereket versin\u201d demi\u015fler; Ve&#8230; bir kez daha birlikte olup, \u201cAllah\u2019\u0131m bereketimizi art\u0131r\u201d demi\u015fler. Sonra al\u0131\u015fm\u0131\u015flar iyice, \u201cVer, Allah&#8217;\u0131m, ver\u201d demi\u015fler. Sonras\u0131 malum&#8230; Konu cinsellikle olunca,  \u00f6yle ilgin\u00e7 a\u00e7\u0131klamalar g\u00fcndeme d\u00fc\u015f\u00fcyor ki&#8230; \u201cAllah Allah\u201d diyor insan. <\/p>\n","protected":false},"excerpt":{"rendered":"<p>Bir varm\u0131\u015f bir yokmu\u015f&#8230; Bereket Tanr\u0131\u00e7as\u0131 Efesli Artemis ile Bereket Tanr\u0131s\u0131 Priapos birlikte olmu\u015f. Dokuz ay on g\u00fcn sonra; Nur topu gibi bir minikleri olmu\u015f. \u201cAllah<span class=\"excerpt-hellip\"> [\u2026]<\/span><\/p>\n","protected":false},"featured_media":0,"template":"","meta":{"_monsterinsights_skip_tracking":false,"_monsterinsights_sitenote_active":false,"_monsterinsights_sitenote_note":"","_monsterinsights_sitenote_category":0},"product_brand":[],"product_cat":[12291,14825],"product_tag":[],"class_list":{"0":"post-717324","1":"product","2":"type-product","3":"status-publish","5":"product_cat-edebiyat","6":"product_cat-mizah","7":"pa_cilt-ciltsiz","8":"pa_tur-kitap","9":"pa_yayinevi-ayata-kitap","10":"pa_yazar-ferudun-babacan","12":"first","13":"instock","14":"sale","15":"shipping-taxable","16":"purchasable","17":"product-type-simple"},"_links":{"self":[{"href":"https:\/\/roveyayinevi.com.tr\/index.php\/wp-json\/wp\/v2\/product\/717324","targetHints":{"allow":["GET"]}}],"collection":[{"href":"https:\/\/roveyayinevi.com.tr\/index.php\/wp-json\/wp\/v2\/product"}],"about":[{"href":"https:\/\/roveyayinevi.com.tr\/index.php\/wp-json\/wp\/v2\/types\/product"}],"wp:attachment":[{"href":"https:\/\/roveyayinevi.com.tr\/index.php\/wp-json\/wp\/v2\/media?parent=717324"}],"wp:term":[{"taxonomy":"product_brand","embeddable":true,"href":"https:\/\/roveyayinevi.com.tr\/index.php\/wp-json\/wp\/v2\/product_brand?post=717324"},{"taxonomy":"product_cat","embeddable":true,"href":"https:\/\/roveyayinevi.com.tr\/index.php\/wp-json\/wp\/v2\/product_cat?post=717324"},{"taxonomy":"product_tag","embeddable":true,"href":"https:\/\/roveyayinevi.com.tr\/index.php\/wp-json\/wp\/v2\/product_tag?post=717324"}],"curies":[{"name":"wp","href":"https:\/\/api.w.org\/{rel}","templated":true}]}}