{"id":717323,"date":"2025-08-27T17:54:06","date_gmt":"2025-08-27T14:54:06","guid":{"rendered":"https:\/\/roveyayinevi.com.tr\/index.php\/urun\/kanserde-dogru-bilinen-yanlislar\/"},"modified":"2026-04-16T02:25:43","modified_gmt":"2026-04-15T23:25:43","slug":"kanserde-dogru-bilinen-yanlislar","status":"publish","type":"product","link":"https:\/\/roveyayinevi.com.tr\/index.php\/urun\/kanserde-dogru-bilinen-yanlislar\/","title":{"rendered":"Kanserde Do\u011fru Bilinen Yanl\u0131\u015flar"},"content":{"rendered":"<p>\u201cKanser tan\u0131s\u0131 konduktan sonra genelde \u00f6nce Google doktorundan bilgiler aran\u0131r, deneyimleri olanlar\u0131n tecr\u00fcbeleri okunur, onkoloji kliniklerinin yo\u011funlu\u011fu nedeni ile detayl\u0131 g\u00f6r\u00fc\u015fme yap\u0131lamad\u0131\u011f\u0131 i\u00e7in yetersiz t\u0131bbi bilgiyle internetten bilgi \u00f6\u011frenilmeye \u00e7al\u0131\u015f\u0131l\u0131r. \u00dclkemizde herkes her \u015feyden anlad\u0131\u011f\u0131, bilginin ve e\u011fitimin fazla ehemmiyeti olmad\u0131\u011f\u0131 i\u00e7in \u00f6neriler havada u\u00e7u\u015fur. \u0130nternet, sosyal medya ve g\u00f6rsel bas\u0131nda anlat\u0131lanlar\u0131n b\u00fcy\u00fck \u00e7o\u011funlu\u011fu hastalar\u0131n ger\u00e7ek anlamda i\u015fine yaramayacak bilgiler olmas\u0131na ra\u011fmen kanser isminin getirdi\u011fi \u00e7a\u011fr\u0131\u015f\u0131m ve korku basit mucizevi \u00e7\u00f6z\u00fcmlere inan\u0131lmas\u0131na neden olur. Yan\u0131lt\u0131c\u0131 Efsanelerden Uzak Bilimsel Tamamlay\u0131c\u0131 Kanser Tedavisi 21 y\u0131l\u0131 geride b\u0131rakt\u0131\u011f\u0131m meslek hayat\u0131mda g\u00f6rd\u00fcm ki hastalar\u0131n kafas\u0131, zakkum, DMSO, K\u00fctahya\u2019n\u0131n \u0131s\u0131rgan otu, Akhisar\u2019\u0131n and\u0131zotu, K\u00fcba\u2019 da kanserin \u00e7\u00f6z\u00fcm\u00fc, \u0130srail\u2019de kimsenin kanser olmamas\u0131, kanserin ila\u00e7 firmalar\u0131n\u0131n uydurmas\u0131 oldu\u011fu, k\u00f6pekbal\u0131klar\u0131n\u0131n kanser olmad\u0131\u011f\u0131, kanserin basit bir vitamin eksikli\u011fi oldu\u011fu gibi \u00e7ok say\u0131da &#8216;efsane&#8217; ile kar\u0131\u015fm\u0131\u015f durumda.Ve anlad\u0131m ki insanlar\u0131n ihtiyac\u0131 asl\u0131nda \u00e7ok net: Bilimsel Tamamlay\u0131c\u0131 Kanser Tedavisi.  \u0130\u015fte elinizdeki kitab\u0131 yazma nedenim ve hekimlik misyonum budur. \u0130nsanlardaki kafa kar\u0131\u015f\u0131kl\u0131\u011f\u0131n\u0131 gidermek ve onlar\u0131 bilin\u00e7lendirmek. &#8216;\u00c7abucak inan\u0131lan mitler neler, en \u00e7ok neler merak ediliyor?&#8217; gibi sorulara ve sorunlara anla\u015f\u0131l\u0131r ve bilimsel referanslarla yan\u0131t vermek. Kitapta kanserle ilgili 103 tane &#8216;do\u011fru bilinen yanl\u0131\u015f\u0131&#8217; ve 28 adet &#8216;ger\u00e7ek iyile\u015fme \u00f6yk\u00fcs\u00fcn\u00fc&#8217; sizlerle payla\u015ft\u0131m.  Herkesin mutlulu\u011fu buldu\u011fu anda b\u0131rakmamas\u0131, sevenlerine s\u0131k\u0131 s\u0131k\u0131ya sar\u0131lmas\u0131, her \u015ferde bir hay\u0131r oldu\u011funa inanarak zorluklara metanetle g\u00f6\u011f\u00fcs germesi, hepimizin kansersiz, sa\u011fl\u0131kl\u0131 ve mutlu bir d\u00fcnyada ya\u015famas\u0131 dile\u011fimle&#8230;\u201d Prof. Dr. Canfeza Sezgin <\/p>\n","protected":false},"excerpt":{"rendered":"<p>\u201cKanser tan\u0131s\u0131 konduktan sonra genelde \u00f6nce Google doktorundan bilgiler aran\u0131r, deneyimleri olanlar\u0131n tecr\u00fcbeleri okunur, onkoloji kliniklerinin yo\u011funlu\u011fu nedeni ile detayl\u0131 g\u00f6r\u00fc\u015fme yap\u0131lamad\u0131\u011f\u0131 i\u00e7in yetersiz t\u0131bbi bilgiyle<span class=\"excerpt-hellip\"> [\u2026]<\/span><\/p>\n","protected":false},"featured_media":0,"template":"","meta":{"_monsterinsights_skip_tracking":false,"_monsterinsights_sitenote_active":false,"_monsterinsights_sitenote_note":"","_monsterinsights_sitenote_category":0},"product_brand":[],"product_cat":[16965,13365],"product_tag":[],"class_list":{"0":"post-717323","1":"product","2":"type-product","3":"status-publish","5":"product_cat-genel-saglik-kitaplari","6":"product_cat-saglik","7":"pa_cilt-ciltsiz","8":"pa_tur-kitap","9":"pa_yayinevi-hayykitap","10":"pa_yazar-canfeza-sezgin","12":"first","13":"instock","14":"sale","15":"shipping-taxable","16":"purchasable","17":"product-type-simple"},"_links":{"self":[{"href":"https:\/\/roveyayinevi.com.tr\/index.php\/wp-json\/wp\/v2\/product\/717323","targetHints":{"allow":["GET"]}}],"collection":[{"href":"https:\/\/roveyayinevi.com.tr\/index.php\/wp-json\/wp\/v2\/product"}],"about":[{"href":"https:\/\/roveyayinevi.com.tr\/index.php\/wp-json\/wp\/v2\/types\/product"}],"wp:attachment":[{"href":"https:\/\/roveyayinevi.com.tr\/index.php\/wp-json\/wp\/v2\/media?parent=717323"}],"wp:term":[{"taxonomy":"product_brand","embeddable":true,"href":"https:\/\/roveyayinevi.com.tr\/index.php\/wp-json\/wp\/v2\/product_brand?post=717323"},{"taxonomy":"product_cat","embeddable":true,"href":"https:\/\/roveyayinevi.com.tr\/index.php\/wp-json\/wp\/v2\/product_cat?post=717323"},{"taxonomy":"product_tag","embeddable":true,"href":"https:\/\/roveyayinevi.com.tr\/index.php\/wp-json\/wp\/v2\/product_tag?post=717323"}],"curies":[{"name":"wp","href":"https:\/\/api.w.org\/{rel}","templated":true}]}}