{"id":717321,"date":"2025-08-27T17:54:05","date_gmt":"2025-08-27T14:54:05","guid":{"rendered":"https:\/\/roveyayinevi.com.tr\/index.php\/urun\/mavinin-kucuk-vedasi-ciltli\/"},"modified":"2026-04-16T02:25:43","modified_gmt":"2026-04-15T23:25:43","slug":"mavinin-kucuk-vedasi-ciltli","status":"publish","type":"product","link":"https:\/\/roveyayinevi.com.tr\/index.php\/urun\/mavinin-kucuk-vedasi-ciltli\/","title":{"rendered":"Mavinin K\u00fc\u00e7\u00fck Vedas\u0131 (Ciltli)"},"content":{"rendered":"<p>Zihnindeki di\u011fer iki ses ile birlikte hayat\u0131na devam etmeye \u00e7al\u0131\u015fan Ezgi \u00c7ora, i\u00e7lerinden birinin ihanetine u\u011framas\u0131yla kendini yeniden \u00f6l\u00fcm\u00fcn kuca\u011f\u0131nda bulur. G\u00f6zlerini bamba\u015fka bir sesin varl\u0131\u011f\u0131yla a\u00e7t\u0131\u011f\u0131nda, ya\u015fam ile \u00f6l\u00fcm aras\u0131ndaki amans\u0131z sava\u015fa bu yeni ses y\u00fcz\u00fcnden ortak olaca\u011f\u0131n\u0131 bilmemektedir. Di\u011ferlerinin aras\u0131nda kaybolup gitmemeye ve fedakarl\u0131\u011f\u0131 da art\u0131k yaln\u0131zca kendisi i\u00e7in yapmaya \u00e7al\u0131\u015fan Ezgi\u2019nin, zihnindeki seslerden bir an \u00f6nce kurtulmas\u0131 ve yoluna tek ba\u015f\u0131na devam etmeyi \u00f6\u011frenmesi gerekecektir.   Kimsenin gelmesine ve elimden tutup beni kurtarmas\u0131na ihtiya\u00e7 duymuyorum \u00e7\u00fcnk\u00fc biliyorum; ben kendi ba\u015f\u0131ma bir bireyim, g\u00fcc\u00fcn\u00fc hen\u00fcz yeni fark edebilmi\u015f bir kad\u0131n\u0131m ve yok saymaya \u00e7al\u0131\u015fanlara inat var\u0131m. Kurtulmak i\u00e7in kendi yaralar\u0131m\u0131 sarmaya \u00e7al\u0131\u015ft\u0131\u011f\u0131m\u0131n, kaybolmu\u015f ruhumu bulabilmek i\u00e7in kendi i\u00e7 sava\u015f\u0131m\u0131 verdi\u011fimin, att\u0131\u011f\u0131m her yeni ad\u0131m\u0131n beni daha da g\u00fc\u00e7l\u00fc k\u0131ld\u0131\u011f\u0131n\u0131 bildi\u011fimin ve umudun var oldu\u011funu her ge\u00e7en g\u00fcn \u00e7ok daha iyi anlad\u0131\u011f\u0131m\u0131n hik\u00e2yesi bu. Benim hik\u00e2yem. <\/p>\n","protected":false},"excerpt":{"rendered":"<p>Zihnindeki di\u011fer iki ses ile birlikte hayat\u0131na devam etmeye \u00e7al\u0131\u015fan Ezgi \u00c7ora, i\u00e7lerinden birinin ihanetine u\u011framas\u0131yla kendini yeniden \u00f6l\u00fcm\u00fcn kuca\u011f\u0131nda bulur. G\u00f6zlerini bamba\u015fka bir sesin varl\u0131\u011f\u0131yla<span class=\"excerpt-hellip\"> [\u2026]<\/span><\/p>\n","protected":false},"featured_media":0,"template":"","meta":{"_monsterinsights_skip_tracking":false,"_monsterinsights_sitenote_active":false,"_monsterinsights_sitenote_note":"","_monsterinsights_sitenote_category":0},"product_brand":[],"product_cat":[12291,12711],"product_tag":[],"class_list":{"0":"post-717321","1":"product","2":"type-product","3":"status-publish","5":"product_cat-edebiyat","6":"product_cat-roman-oyku","7":"pa_cilt-ciltli","8":"pa_tur-kitap","9":"pa_yayinevi-ephesus-yayinlari","10":"pa_yazar-zeynep-sey","12":"first","13":"instock","14":"sale","15":"shipping-taxable","16":"purchasable","17":"product-type-simple"},"_links":{"self":[{"href":"https:\/\/roveyayinevi.com.tr\/index.php\/wp-json\/wp\/v2\/product\/717321","targetHints":{"allow":["GET"]}}],"collection":[{"href":"https:\/\/roveyayinevi.com.tr\/index.php\/wp-json\/wp\/v2\/product"}],"about":[{"href":"https:\/\/roveyayinevi.com.tr\/index.php\/wp-json\/wp\/v2\/types\/product"}],"wp:attachment":[{"href":"https:\/\/roveyayinevi.com.tr\/index.php\/wp-json\/wp\/v2\/media?parent=717321"}],"wp:term":[{"taxonomy":"product_brand","embeddable":true,"href":"https:\/\/roveyayinevi.com.tr\/index.php\/wp-json\/wp\/v2\/product_brand?post=717321"},{"taxonomy":"product_cat","embeddable":true,"href":"https:\/\/roveyayinevi.com.tr\/index.php\/wp-json\/wp\/v2\/product_cat?post=717321"},{"taxonomy":"product_tag","embeddable":true,"href":"https:\/\/roveyayinevi.com.tr\/index.php\/wp-json\/wp\/v2\/product_tag?post=717321"}],"curies":[{"name":"wp","href":"https:\/\/api.w.org\/{rel}","templated":true}]}}