{"id":717320,"date":"2025-08-27T17:54:04","date_gmt":"2025-08-27T14:54:04","guid":{"rendered":"https:\/\/roveyayinevi.com.tr\/index.php\/urun\/en-buyuk-hazinem\/"},"modified":"2026-04-16T02:25:43","modified_gmt":"2026-04-15T23:25:43","slug":"en-buyuk-hazinem","status":"publish","type":"product","link":"https:\/\/roveyayinevi.com.tr\/index.php\/urun\/en-buyuk-hazinem\/","title":{"rendered":"En B\u00fcy\u00fck Hazinem"},"content":{"rendered":"<p>Ailem, en b\u00fcy\u00fck hazinem\u2026\u00c7ok y\u00f6nl\u00fc yazar \u0130clal Dikici, aile birli\u011finin de\u011ferini vurgulad\u0131\u011f\u0131 En B\u00fcy\u00fck Hazinemisimli kitab\u0131nda, ya\u015fad\u0131\u011f\u0131m\u0131z co\u011frafyan\u0131n do\u011fal g\u00fczellikleri ve tarihi de\u011ferleri ile i\u00e7 i\u00e7e ge\u00e7en s\u00fcr\u00fckleyici bir maceran\u0131n kap\u0131lar\u0131n\u0131 aral\u0131yor.10 ya\u015f ve \u00fczeri okurlar\u0131, Pan Sanat Kamp\u0131\u2019n\u0131n renkli atmosferinde, ke\u015fiflerle dolu bir ser\u00fcvene ortak eden bu hareketli kitap; \u00f6nyarg\u0131lar\u0131n yan\u0131lt\u0131c\u0131l\u0131\u011f\u0131na de\u011finerek, arkada\u015fl\u0131\u011f\u0131n, kar\u015f\u0131l\u0131ks\u0131z sevginin, ho\u015fg\u00f6r\u00fc ve dayan\u0131\u015fman\u0131n \u00f6nemini hat\u0131rlat\u0131yor.Kitapseverlerin merak\u0131n\u0131 diri tutan sarmal kurgusu ve \u015fa\u015f\u0131rt\u0131c\u0131 sonuyla dikkat \u00e7eken En B\u00fcy\u00fck Hazinem, hik\u00e2yesinin sat\u0131r aralar\u0131nda okurlar\u0131na y\u00f6neltti\u011fi \u201cHayat nedir?\u201d, \u201cZenginlik nas\u0131l bir \u015fey?\u201d, \u201cSahip oldu\u011funuz en de\u011ferli \u015fey nedir?\u201d gibi sorularla felsefi sulara d\u00fcmen k\u0131r\u0131yor.Bir yaz kamp\u0131ndan beklentiniz ne olurdu? Yeni arkada\u015fl\u0131klar, renkli spor ve sanat aktiviteleri, ke\u015fif gezileri\u2026 Pan Sanat Kamp\u0131\u2019na yolu d\u00fc\u015fen \u00e7ocuklar\u0131n da beklentileri bu y\u00f6ndeydi ku\u015fkusuz. Oysa onlar\u0131 t\u00fcm bu sayd\u0131klar\u0131m\u0131zdan \u00e7ok daha fazlas\u0131 bekliyordu. K\u00fclt\u00fcrel miras\u0131 hi\u00e7e sayarak gizli bir hazinenin pe\u015fine d\u00fc\u015fen define avc\u0131lar\u0131, ge\u00e7mi\u015fini arayan sevgi dolu bir dede, ihtiraslar\u0131 ve kibri y\u00fcz\u00fcnden \u00f6z benli\u011fini yitirmi\u015f eski bir arkeolog, bildi\u011fi gizli ger\u00e7ekler y\u00fcz\u00fcnden tutsak edilen bir profes\u00f6r, yolunu kaybeden \u00e7ocuklar\u0131n yard\u0131m\u0131na yeti\u015fen esrarengiz bir nine\u2026 Pan Sanat Kamp\u0131\u2019n\u0131n \u00e7at\u0131s\u0131 alt\u0131nda bulu\u015fan \u00e7ocuklar hayal bile edemeyecekleri b\u00fcy\u00fck bir macera ile kar\u015f\u0131 kar\u015f\u0131yalar. \u00dcstelik ge\u00e7mi\u015ften g\u00fcn\u00fcm\u00fcze uzanan s\u0131rlar\u0131n g\u00f6lgesinde\u2026Sevgi, \u00f6zveri ve g\u00fcven duygular\u0131n\u0131n her zaman ger\u00e7ek aile ba\u011flar\u0131na dayal\u0131 olmayabilece\u011fini kan\u0131tlayan bu i\u00e7tenlikli roman, ailemiz gibi g\u00f6rd\u00fc\u011f\u00fcm\u00fcz dost, arkada\u015f, hayvanlar\u0131n da bize ger\u00e7ek aile sevgisi ve \u015fefkatini duyumsatabilece\u011fini g\u00f6steriyor.K\u00fclt\u00fcrel ve do\u011fal miras\u0131n korunmas\u0131 konusunda fark\u0131ndal\u0131k olu\u015fturmaya \u00e7al\u0131\u015fan En B\u00fcy\u00fck Hazinem, \u00e7ocuklar\u0131n y\u00fcre\u011finde sakl\u0131 duran ger\u00e7ek hazineyi payla\u015farak \u00e7o\u011faltmay\u0131 ve t\u00fcm d\u00fcnyaya yaymay\u0131 \u00f6\u011f\u00fctl\u00fcyor.<\/p>\n","protected":false},"excerpt":{"rendered":"<p>Ailem, en b\u00fcy\u00fck hazinem\u2026\u00c7ok y\u00f6nl\u00fc yazar \u0130clal Dikici, aile birli\u011finin de\u011ferini vurgulad\u0131\u011f\u0131 En B\u00fcy\u00fck Hazinemisimli kitab\u0131nda, ya\u015fad\u0131\u011f\u0131m\u0131z co\u011frafyan\u0131n do\u011fal g\u00fczellikleri ve tarihi de\u011ferleri ile i\u00e7 i\u00e7e<span class=\"excerpt-hellip\"> [\u2026]<\/span><\/p>\n","protected":false},"featured_media":0,"template":"","meta":{"_monsterinsights_skip_tracking":false,"_monsterinsights_sitenote_active":false,"_monsterinsights_sitenote_note":"","_monsterinsights_sitenote_category":0},"product_brand":[],"product_cat":[12274,12284],"product_tag":[],"class_list":{"0":"post-717320","1":"product","2":"type-product","3":"status-publish","5":"product_cat-cocuk-ve-genclik-kitaplari","6":"product_cat-hikayeler","7":"pa_cilt-ciltsiz","8":"pa_tur-kitap","9":"pa_yayinevi-tudem-yayinlari","10":"pa_yazar-iclal-dikici","12":"first","13":"instock","14":"sale","15":"shipping-taxable","16":"purchasable","17":"product-type-simple"},"_links":{"self":[{"href":"https:\/\/roveyayinevi.com.tr\/index.php\/wp-json\/wp\/v2\/product\/717320","targetHints":{"allow":["GET"]}}],"collection":[{"href":"https:\/\/roveyayinevi.com.tr\/index.php\/wp-json\/wp\/v2\/product"}],"about":[{"href":"https:\/\/roveyayinevi.com.tr\/index.php\/wp-json\/wp\/v2\/types\/product"}],"wp:attachment":[{"href":"https:\/\/roveyayinevi.com.tr\/index.php\/wp-json\/wp\/v2\/media?parent=717320"}],"wp:term":[{"taxonomy":"product_brand","embeddable":true,"href":"https:\/\/roveyayinevi.com.tr\/index.php\/wp-json\/wp\/v2\/product_brand?post=717320"},{"taxonomy":"product_cat","embeddable":true,"href":"https:\/\/roveyayinevi.com.tr\/index.php\/wp-json\/wp\/v2\/product_cat?post=717320"},{"taxonomy":"product_tag","embeddable":true,"href":"https:\/\/roveyayinevi.com.tr\/index.php\/wp-json\/wp\/v2\/product_tag?post=717320"}],"curies":[{"name":"wp","href":"https:\/\/api.w.org\/{rel}","templated":true}]}}