{"id":717315,"date":"2025-08-27T17:54:01","date_gmt":"2025-08-27T14:54:01","guid":{"rendered":"https:\/\/roveyayinevi.com.tr\/index.php\/urun\/kelimelerin-gucu\/"},"modified":"2026-04-16T02:25:43","modified_gmt":"2026-04-15T23:25:43","slug":"kelimelerin-gucu","status":"publish","type":"product","link":"https:\/\/roveyayinevi.com.tr\/index.php\/urun\/kelimelerin-gucu\/","title":{"rendered":"Kelimelerin G\u00fcc\u00fc"},"content":{"rendered":"<p>Se\u00e7kiye ismini veren \u201cKelimelerin G\u00fcc\u00fc\u201d Poe\u2019nun Platonik diyaloglar tarz\u0131nda yazd\u0131\u011f\u0131 \u00fc\u00e7 \u00f6yk\u00fcden biri\u2026 belki de en \u00e7arp\u0131c\u0131s\u0131! di\u011fer ikisi: \u201cMonos ve Una\u2019n\u0131n Diyalo\u011fu\u201d ve \u201cEiros ile Charmion\u2019un Sohbeti.\u201d Gelecekte d\u00fcnyan\u0131n yok olu\u015fundan sonra ruhlar Cennette birbirleriyle felsefi diyaloglara girerek yarat\u0131l\u0131\u015f meselesini tart\u0131\u015f\u0131yorlar. Ruha en b\u00fcy\u00fck mutlulu\u011fu veren \u015feyin bilme arzusu oldu\u011funu, i\u015fte bu y\u00fczden ruhun bilgi aray\u0131\u015f\u0131 asla son bulmad\u0131\u011f\u0131n\u0131 anlat\u0131yorlar bize. Bu \u00f6yk\u00fcleri Poe\u2019nun kendine \u00f6zg\u00fc d\u00fczyaz\u0131-\u015fiirleri olarak okumak da m\u00fcmk\u00fcn. Poe \u00e2deta d\u00fc\u015fsel bir s\u0131\u00e7ramayla analitik akl\u0131n s\u0131n\u0131rlar\u0131n\u0131 a\u015f\u0131p felsefi meseleleri \u015fiirsel bir yakla\u015f\u0131mla sunuyor. Se\u00e7kide yer alan bir di\u011fer yap\u0131t, \u201cMorella\u201d Poe\u2019nun ilk d\u00f6nemlerinde Arabesk tarzda yazd\u0131\u011f\u0131 muhte\u015fem \u00f6yk\u00fclerinden birisi. Kendisi bir mektubunda \u015f\u00f6yle diyor: \u201cYazd\u0131\u011f\u0131m son \u00f6yk\u00fc Morella ve en iyisi oldu\u011funa inan\u0131yorum.\u201d Di\u011fer pek \u00e7ok \u00f6yk\u00fcs\u00fc gibi bunda da \u00f6l\u00fcmden sonraki ya\u015fam ve Ruh g\u00f6\u00e7\u00fc temas\u0131n\u0131 i\u015fliyor. Poe \u201cSfensk\u201dte bize hi\u00e7bir \u015feyin g\u00f6r\u00fcnd\u00fc\u011f\u00fc gibi olmad\u0131\u011f\u0131n\u0131 ve duyumlar\u0131m\u0131z\u0131n oyunlar oynayarak bizi yan\u0131ltabilece\u011fi fikrini kendine \u00f6zg\u00fc kurgusuyla ele al\u0131yor. \u201cO Adam Sensin\u201d edebiyat tarihinin en \u00f6nemli \u00f6yk\u00fclerinden biri, \u00e7\u00fcnk\u00fc ilk mizahi dedektiflik \u00f6yk\u00fcs\u00fc olarak kabul ediliyor. Fakat Poe\u2019nun su\u00e7lu psikolojisini ele al\u0131\u015f\u0131 ve detektiflik \u00f6yk\u00fclerine pek \u00e7ok yeni unsur katmas\u0131 bak\u0131m\u0131ndan da \u00f6zg\u00fcn bir \u00f6neme sahip. Ve \u201cBon-Bon\u201d Poe\u2019nun hem en \u00fcnl\u00fc mizahi \u00f6yk\u00fclerinden birisi hem de felsefe birikimini bize g\u00f6steren ve onu salt bir edebiyat\u00e7\u0131 olarak g\u00f6remeyece\u011fimizi anlamam\u0131za yol a\u00e7an zengin bir ba\u015fyap\u0131t. <\/p>\n","protected":false},"excerpt":{"rendered":"<p>Se\u00e7kiye ismini veren \u201cKelimelerin G\u00fcc\u00fc\u201d Poe\u2019nun Platonik diyaloglar tarz\u0131nda yazd\u0131\u011f\u0131 \u00fc\u00e7 \u00f6yk\u00fcden biri\u2026 belki de en \u00e7arp\u0131c\u0131s\u0131! di\u011fer ikisi: \u201cMonos ve Una\u2019n\u0131n Diyalo\u011fu\u201d ve \u201cEiros ile<span class=\"excerpt-hellip\"> [\u2026]<\/span><\/p>\n","protected":false},"featured_media":0,"template":"","meta":{"_monsterinsights_skip_tracking":false,"_monsterinsights_sitenote_active":false,"_monsterinsights_sitenote_note":"","_monsterinsights_sitenote_category":0},"product_brand":[],"product_cat":[12291,12711],"product_tag":[],"class_list":{"0":"post-717315","1":"product","2":"type-product","3":"status-publish","5":"product_cat-edebiyat","6":"product_cat-roman-oyku","7":"pa_cilt-ciltsiz","8":"pa_tur-kitap","9":"pa_yayinevi-dogu-bati-yayinlari","10":"pa_yazar-edgar-allan-poe","12":"first","13":"instock","14":"sale","15":"shipping-taxable","16":"purchasable","17":"product-type-simple"},"_links":{"self":[{"href":"https:\/\/roveyayinevi.com.tr\/index.php\/wp-json\/wp\/v2\/product\/717315","targetHints":{"allow":["GET"]}}],"collection":[{"href":"https:\/\/roveyayinevi.com.tr\/index.php\/wp-json\/wp\/v2\/product"}],"about":[{"href":"https:\/\/roveyayinevi.com.tr\/index.php\/wp-json\/wp\/v2\/types\/product"}],"wp:attachment":[{"href":"https:\/\/roveyayinevi.com.tr\/index.php\/wp-json\/wp\/v2\/media?parent=717315"}],"wp:term":[{"taxonomy":"product_brand","embeddable":true,"href":"https:\/\/roveyayinevi.com.tr\/index.php\/wp-json\/wp\/v2\/product_brand?post=717315"},{"taxonomy":"product_cat","embeddable":true,"href":"https:\/\/roveyayinevi.com.tr\/index.php\/wp-json\/wp\/v2\/product_cat?post=717315"},{"taxonomy":"product_tag","embeddable":true,"href":"https:\/\/roveyayinevi.com.tr\/index.php\/wp-json\/wp\/v2\/product_tag?post=717315"}],"curies":[{"name":"wp","href":"https:\/\/api.w.org\/{rel}","templated":true}]}}