{"id":717314,"date":"2025-08-27T17:54:00","date_gmt":"2025-08-27T14:54:00","guid":{"rendered":"https:\/\/roveyayinevi.com.tr\/index.php\/urun\/katiksiz-sevgi\/"},"modified":"2026-04-16T02:25:43","modified_gmt":"2026-04-15T23:25:43","slug":"katiksiz-sevgi","status":"publish","type":"product","link":"https:\/\/roveyayinevi.com.tr\/index.php\/urun\/katiksiz-sevgi\/","title":{"rendered":"Kat\u0131ks\u0131z Sevgi"},"content":{"rendered":"<p>\u00d6zg\u00fcn ad\u0131 Michael, Brother of Jerry (Michael, Jerry\u2019nin Karde\u015fi) olan roman, ger\u00e7ekten kat\u0131ks\u0131z bir sevgiyi anlat\u0131yor. London\u2019\u0131n pek \u00e7ok yap\u0131t\u0131nda oldu\u011fu gibi burada da roman\u0131n kahraman\u0131 bir k\u00f6pek. Yine di\u011fer romanlarda g\u00f6rd\u00fc\u011f\u00fcm\u00fcz \u00fczere, insan-k\u00f6pek ili\u015fkisi bu kitab\u0131n da temel dokusunu olu\u015fturuyor: Bir k\u00f6pe\u011fin, sahibine sonsuz sevgiyle ba\u011flanmas\u0131 sonucunda, onun can\u0131n\u0131 kurtarmak i\u00e7in kendi can\u0131n\u0131 tehlikeye atmas\u0131. Bu anlat\u0131n\u0131n Jack London\u2019\u0131n hayat\u0131ndaki ger\u00e7ek bir deneyime dayand\u0131\u011f\u0131na hi\u00e7 ku\u015fku yok. On d\u00f6rt ya\u015f\u0131ndayken okulu b\u0131rak\u0131p denizlere a\u00e7\u0131lmas\u0131n\u0131, \u201cSer\u00fcven r\u00fczg\u00e2rlar\u0131n\u0131n esti\u011fi yerlerde olmak istedim; istiridye ka\u00e7ak\u00e7\u0131s\u0131 olmak, hapse d\u00fc\u015fmek, yerle\u015fik d\u00fczenin \u00e7arklar\u0131n\u0131n k\u00f6lesi olmaktan \u00e7ok daha romantikti,\u201d diye yorumlayan Jack London, Kat\u0131ks\u0131z Sevgi\u2019de yelkenleri ger\u00e7ekten ser\u00fcven r\u00fczg\u00e2rlar\u0131yla \u015fi\u015fen teknelerle gezdiriyor okuru.<\/p>\n","protected":false},"excerpt":{"rendered":"<p>\u00d6zg\u00fcn ad\u0131 Michael, Brother of Jerry (Michael, Jerry\u2019nin Karde\u015fi) olan roman, ger\u00e7ekten kat\u0131ks\u0131z bir sevgiyi anlat\u0131yor. London\u2019\u0131n pek \u00e7ok yap\u0131t\u0131nda oldu\u011fu gibi burada da roman\u0131n kahraman\u0131<span class=\"excerpt-hellip\"> [\u2026]<\/span><\/p>\n","protected":false},"featured_media":0,"template":"","meta":{"_monsterinsights_skip_tracking":false,"_monsterinsights_sitenote_active":false,"_monsterinsights_sitenote_note":"","_monsterinsights_sitenote_category":0},"product_brand":[],"product_cat":[12291,12711],"product_tag":[],"class_list":{"0":"post-717314","1":"product","2":"type-product","3":"status-publish","5":"product_cat-edebiyat","6":"product_cat-roman-oyku","7":"pa_cilt-ciltsiz","8":"pa_tur-kitap","9":"pa_yayinevi-can-yayinlari","10":"pa_yazar-jack-london","12":"first","13":"instock","14":"sale","15":"shipping-taxable","16":"purchasable","17":"product-type-simple"},"_links":{"self":[{"href":"https:\/\/roveyayinevi.com.tr\/index.php\/wp-json\/wp\/v2\/product\/717314","targetHints":{"allow":["GET"]}}],"collection":[{"href":"https:\/\/roveyayinevi.com.tr\/index.php\/wp-json\/wp\/v2\/product"}],"about":[{"href":"https:\/\/roveyayinevi.com.tr\/index.php\/wp-json\/wp\/v2\/types\/product"}],"wp:attachment":[{"href":"https:\/\/roveyayinevi.com.tr\/index.php\/wp-json\/wp\/v2\/media?parent=717314"}],"wp:term":[{"taxonomy":"product_brand","embeddable":true,"href":"https:\/\/roveyayinevi.com.tr\/index.php\/wp-json\/wp\/v2\/product_brand?post=717314"},{"taxonomy":"product_cat","embeddable":true,"href":"https:\/\/roveyayinevi.com.tr\/index.php\/wp-json\/wp\/v2\/product_cat?post=717314"},{"taxonomy":"product_tag","embeddable":true,"href":"https:\/\/roveyayinevi.com.tr\/index.php\/wp-json\/wp\/v2\/product_tag?post=717314"}],"curies":[{"name":"wp","href":"https:\/\/api.w.org\/{rel}","templated":true}]}}