{"id":717307,"date":"2025-08-27T17:53:55","date_gmt":"2025-08-27T14:53:55","guid":{"rendered":"https:\/\/roveyayinevi.com.tr\/index.php\/urun\/bob-ve-mavi-sanati\/"},"modified":"2026-04-16T02:25:43","modified_gmt":"2026-04-15T23:25:43","slug":"bob-ve-mavi-sanati","status":"publish","type":"product","link":"https:\/\/roveyayinevi.com.tr\/index.php\/urun\/bob-ve-mavi-sanati\/","title":{"rendered":"Bob ve Mavi Sanat\u0131"},"content":{"rendered":"<p>Arka kapaktan;Bob, en yak\u0131n arkada\u015f\u0131 Yarasa ile resim yapmaya bay\u0131l\u0131yordu. Ama bir g\u00fcn Yarasa gitti ve ard\u0131nda onu \u00e7ok \u00f6zleyen, \u00fczg\u00fcn bir Bob b\u0131rakt\u0131. Bob ise yapt\u0131\u011f\u0131 her resmi, h\u00fczn\u00fcn rengi maviyle boyamaya ba\u015flad\u0131! Acaba arkada\u015flar\u0131 Bob\u2019un yeniden t\u00fcm renkleri bulmas\u0131na yard\u0131m edebilecekler mi?Marion Deuchars, Bob ve Mavi Sanat\u0131\u2019yla h\u00fczn\u00fc, dostlu\u011fu, duygular\u0131 sanatla ifade etmeyi ve daha iyi hissetmek i\u00e7in \u00e7abalamaktan hi\u00e7 vazge\u00e7memeyi anlat\u0131yor k\u00fc\u00e7\u00fck ku\u015flara&#8230;<\/p>\n","protected":false},"excerpt":{"rendered":"<p>Arka kapaktan;Bob, en yak\u0131n arkada\u015f\u0131 Yarasa ile resim yapmaya bay\u0131l\u0131yordu. Ama bir g\u00fcn Yarasa gitti ve ard\u0131nda onu \u00e7ok \u00f6zleyen, \u00fczg\u00fcn bir Bob b\u0131rakt\u0131. Bob ise<span class=\"excerpt-hellip\"> [\u2026]<\/span><\/p>\n","protected":false},"featured_media":0,"template":"","meta":{"_monsterinsights_skip_tracking":false,"_monsterinsights_sitenote_active":false,"_monsterinsights_sitenote_note":"","_monsterinsights_sitenote_category":0},"product_brand":[],"product_cat":[12274,12518],"product_tag":[],"class_list":{"0":"post-717307","1":"product","2":"type-product","3":"status-publish","5":"product_cat-cocuk-ve-genclik-kitaplari","6":"product_cat-okul-oncesi-kitaplar","7":"pa_cilt-ciltsiz","8":"pa_tur-kitap","9":"pa_yayinevi-fom-kitap","10":"pa_yazar-marion-deuchars","12":"first","13":"instock","14":"sale","15":"shipping-taxable","16":"purchasable","17":"product-type-simple"},"_links":{"self":[{"href":"https:\/\/roveyayinevi.com.tr\/index.php\/wp-json\/wp\/v2\/product\/717307","targetHints":{"allow":["GET"]}}],"collection":[{"href":"https:\/\/roveyayinevi.com.tr\/index.php\/wp-json\/wp\/v2\/product"}],"about":[{"href":"https:\/\/roveyayinevi.com.tr\/index.php\/wp-json\/wp\/v2\/types\/product"}],"wp:attachment":[{"href":"https:\/\/roveyayinevi.com.tr\/index.php\/wp-json\/wp\/v2\/media?parent=717307"}],"wp:term":[{"taxonomy":"product_brand","embeddable":true,"href":"https:\/\/roveyayinevi.com.tr\/index.php\/wp-json\/wp\/v2\/product_brand?post=717307"},{"taxonomy":"product_cat","embeddable":true,"href":"https:\/\/roveyayinevi.com.tr\/index.php\/wp-json\/wp\/v2\/product_cat?post=717307"},{"taxonomy":"product_tag","embeddable":true,"href":"https:\/\/roveyayinevi.com.tr\/index.php\/wp-json\/wp\/v2\/product_tag?post=717307"}],"curies":[{"name":"wp","href":"https:\/\/api.w.org\/{rel}","templated":true}]}}