{"id":717306,"date":"2025-08-27T17:53:54","date_gmt":"2025-08-27T14:53:54","guid":{"rendered":"https:\/\/roveyayinevi.com.tr\/index.php\/urun\/erkeksiz-bir-yil\/"},"modified":"2026-04-16T02:25:43","modified_gmt":"2026-04-15T23:25:43","slug":"erkeksiz-bir-yil","status":"publish","type":"product","link":"https:\/\/roveyayinevi.com.tr\/index.php\/urun\/erkeksiz-bir-yil\/","title":{"rendered":"Erkeksiz Bir Y\u0131l"},"content":{"rendered":"<p>Birbirinden g\u00fc\u00e7l\u00fc ve ba\u011f\u0131ms\u0131z \u00fc\u00e7 kad\u0131n arkada\u015f onlar. Imogen, Frankie ve Grace. Bir g\u00fcn canlar\u0131na tak etti ve bir y\u0131l boyunca hayatlar\u0131na erkek almamaya karar verdiler. Erkekler zaman kayb\u0131ndan ba\u015fka bir \u015fey de\u011fildi, onlar birer \u00fcmitsiz vakayd\u0131 ve hayal k\u0131r\u0131kl\u0131\u011f\u0131ndan ba\u015fka bir \u015fey de\u011fildiler ne de olsa&#8230; Hi\u00e7birinin erke\u011fi yoktu. Hi\u00e7biri bir erkek istemiyordu. Hi\u00e7birinin bir erke\u011fe de ihtiyac\u0131 yoktu. Onlar ampullerini kendileri de\u011fi\u015ftiriyor, \u00e7\u00f6plerini kendileri d\u0131\u015far\u0131 \u00e7\u0131karabiliyor ve s\u0131k\u0131\u015fm\u0131\u015f kavanoz kapaklar\u0131n\u0131 kendileri a\u00e7abiliyorlar. Ve baz\u0131 konularda a\u015f\u0131r\u0131 kararl\u0131lar. Evlenmek mi? Tanr\u0131 korusun! \u00c7ocuk do\u011furmak? D\u00fc\u015fman ba\u015f\u0131na! Peki ya a\u015fk? <\/p>\n","protected":false},"excerpt":{"rendered":"<p>Birbirinden g\u00fc\u00e7l\u00fc ve ba\u011f\u0131ms\u0131z \u00fc\u00e7 kad\u0131n arkada\u015f onlar. Imogen, Frankie ve Grace. Bir g\u00fcn canlar\u0131na tak etti ve bir y\u0131l boyunca hayatlar\u0131na erkek almamaya karar verdiler.<span class=\"excerpt-hellip\"> [\u2026]<\/span><\/p>\n","protected":false},"featured_media":0,"template":"","meta":{"_monsterinsights_skip_tracking":false,"_monsterinsights_sitenote_active":false,"_monsterinsights_sitenote_note":"","_monsterinsights_sitenote_category":0},"product_brand":[],"product_cat":[12291,12711],"product_tag":[],"class_list":{"0":"post-717306","1":"product","2":"type-product","3":"status-publish","5":"product_cat-edebiyat","6":"product_cat-roman-oyku","7":"pa_cilt-ciltsiz","8":"pa_tur-kitap","9":"pa_yayinevi-beyaz-baykus-yayinlari","10":"pa_yazar-fiona-collins","12":"first","13":"instock","14":"sale","15":"shipping-taxable","16":"purchasable","17":"product-type-simple"},"_links":{"self":[{"href":"https:\/\/roveyayinevi.com.tr\/index.php\/wp-json\/wp\/v2\/product\/717306","targetHints":{"allow":["GET"]}}],"collection":[{"href":"https:\/\/roveyayinevi.com.tr\/index.php\/wp-json\/wp\/v2\/product"}],"about":[{"href":"https:\/\/roveyayinevi.com.tr\/index.php\/wp-json\/wp\/v2\/types\/product"}],"wp:attachment":[{"href":"https:\/\/roveyayinevi.com.tr\/index.php\/wp-json\/wp\/v2\/media?parent=717306"}],"wp:term":[{"taxonomy":"product_brand","embeddable":true,"href":"https:\/\/roveyayinevi.com.tr\/index.php\/wp-json\/wp\/v2\/product_brand?post=717306"},{"taxonomy":"product_cat","embeddable":true,"href":"https:\/\/roveyayinevi.com.tr\/index.php\/wp-json\/wp\/v2\/product_cat?post=717306"},{"taxonomy":"product_tag","embeddable":true,"href":"https:\/\/roveyayinevi.com.tr\/index.php\/wp-json\/wp\/v2\/product_tag?post=717306"}],"curies":[{"name":"wp","href":"https:\/\/api.w.org\/{rel}","templated":true}]}}