{"id":717305,"date":"2025-08-27T17:53:54","date_gmt":"2025-08-27T14:53:54","guid":{"rendered":"https:\/\/roveyayinevi.com.tr\/index.php\/urun\/matematigin-sihirli-dunyasi\/"},"modified":"2026-04-16T02:25:43","modified_gmt":"2026-04-15T23:25:43","slug":"matematigin-sihirli-dunyasi","status":"publish","type":"product","link":"https:\/\/roveyayinevi.com.tr\/index.php\/urun\/matematigin-sihirli-dunyasi\/","title":{"rendered":"Matemati\u011fin Sihirli D\u00fcnyas\u0131"},"content":{"rendered":"<p>Matemati\u011fin Sihirli D\u00fcnyas\u0131, okulunuzun k\u00fct\u00fcphanesinde olmas\u0131n\u0131 dileyece\u011finiz t\u00fcrden bir kitap. Dondurma kep\u00e7elerinden pokerdeki ellere, da\u011flar\u0131n y\u00fcksekli\u011fini hesaplamaktan sihirli kareler olu\u015fturmaya kadar keyifli bir \u00f6rnek \u00e7e\u015fitlili\u011fi sunarken daha \u00f6nce ba\u015f\u0131n\u0131z\u0131 a\u011fr\u0131tan form\u00fcllerin ve denklemlerin arkas\u0131ndaki g\u00fczelli\u011fi, basitli\u011fi ve tam olarak sihirli \u00f6zellikleri g\u00f6rmenizi sa\u011fl\u0131yor. Bu kitapta bir yandan aritmetik, cebir, geometri, trigonometri ve kalk\u00fcl\u00fcs gibi matemati\u011fin temel alanlar\u0131ndaki ana fikirleri \u00f6\u011frenirken, di\u011fer yandan Fibonacci say\u0131lar\u0131n\u0131n etraf\u0131nda gezinecek, sonsuzlu\u011fu ara\u015ft\u0131racak ve sizi bir matematik dehas\u0131 gibi g\u00f6sterecek di\u011fer sihirli numaralar\u0131 \u00f6\u011frenip, e\u011fleneceksiniz. D\u00fcnya \u00e7ap\u0131nda \u201cmatematik sihirbaz\u0131\u201d olarak bilinen matematik\u00e7i Arthur Benjamin, konuyu e\u011flenceli, \u00e7ekici ve anla\u015f\u0131lmas\u0131 kolay hale getirmek i\u00e7in matematik ve sihiri kayna\u015ft\u0131r\u0131yor. Matemati\u011fin Sihirli D\u00fcnyas\u0131\u2019nda Benjamin yaln\u0131zca h\u00fcnerler \u00f6\u011fretmekle kalm\u0131yor: sihirli \u015fapkas\u0131yla k\u00fc\u00e7\u00fck bir selam \u00e7akarak, sizi bir \u00e7\u0131rak olarak yan\u0131na al\u0131p, matemati\u011fi kendisinin sevdi\u011fi \u015fekilde sevmeyi \u00f6\u011fretiyor. X\u2019i nas\u0131l \u00e7\u00f6zece\u011finizi bulma konusunda yeni bir \u015feyler \u00f6\u011frenmeniz i\u00e7in sizi motive ediyor, \u00e7\u00fcnk\u00fc merak uyand\u0131ran bir soruya \u00e7\u00f6z\u00fcm bulmaya \u00e7al\u0131\u015fmak ya da say\u0131lar\u0131n ger\u00e7ek hayatta da kullan\u0131\u015fl\u0131 \u015feyler oldu\u011funu g\u00f6rmek keyif vericidir. Asl\u0131nda b\u00fct\u00fcn bunlar\u0131 yaparken as\u0131l yapman\u0131z\u0131 istedi\u011fi \u015fey niye\u2019yi anlayabilmeniz, \u00e7\u00fcnk\u00fc burada matemati\u011fin ger\u00e7ek g\u00fczelli\u011fini, g\u00fcc\u00fcn\u00fc ve sihrini bulacaks\u0131n\u0131z. Matemati\u011fi seven biriyseniz bu kitap sizi b\u00fcy\u00fcleyip e\u011flendirecek. Matemati\u011fi hi\u00e7bir zaman anlamad\u0131ysan\u0131z ya da sevmediyseniz Benjamin sizi ayd\u0131nlatacak ve sihirli bir de\u011fnekle sizi bir matematiksevere d\u00f6n\u00fc\u015ft\u00fcrecek. <\/p>\n","protected":false},"excerpt":{"rendered":"<p>Matemati\u011fin Sihirli D\u00fcnyas\u0131, okulunuzun k\u00fct\u00fcphanesinde olmas\u0131n\u0131 dileyece\u011finiz t\u00fcrden bir kitap. Dondurma kep\u00e7elerinden pokerdeki ellere, da\u011flar\u0131n y\u00fcksekli\u011fini hesaplamaktan sihirli kareler olu\u015fturmaya kadar keyifli bir \u00f6rnek \u00e7e\u015fitlili\u011fi sunarken<span class=\"excerpt-hellip\"> [\u2026]<\/span><\/p>\n","protected":false},"featured_media":0,"template":"","meta":{"_monsterinsights_skip_tracking":false,"_monsterinsights_sitenote_active":false,"_monsterinsights_sitenote_note":"","_monsterinsights_sitenote_category":0},"product_brand":[],"product_cat":[13005,13006],"product_tag":[],"class_list":{"0":"post-717305","1":"product","2":"type-product","3":"status-publish","5":"product_cat-bilim-muhendislik","6":"product_cat-populer-bilim","7":"pa_cilt-ciltsiz","8":"pa_tur-kitap","9":"pa_yayinevi-nika-yayinevi","10":"pa_yazar-arthur-benjamin","12":"first","13":"instock","14":"sale","15":"shipping-taxable","16":"purchasable","17":"product-type-simple"},"_links":{"self":[{"href":"https:\/\/roveyayinevi.com.tr\/index.php\/wp-json\/wp\/v2\/product\/717305","targetHints":{"allow":["GET"]}}],"collection":[{"href":"https:\/\/roveyayinevi.com.tr\/index.php\/wp-json\/wp\/v2\/product"}],"about":[{"href":"https:\/\/roveyayinevi.com.tr\/index.php\/wp-json\/wp\/v2\/types\/product"}],"wp:attachment":[{"href":"https:\/\/roveyayinevi.com.tr\/index.php\/wp-json\/wp\/v2\/media?parent=717305"}],"wp:term":[{"taxonomy":"product_brand","embeddable":true,"href":"https:\/\/roveyayinevi.com.tr\/index.php\/wp-json\/wp\/v2\/product_brand?post=717305"},{"taxonomy":"product_cat","embeddable":true,"href":"https:\/\/roveyayinevi.com.tr\/index.php\/wp-json\/wp\/v2\/product_cat?post=717305"},{"taxonomy":"product_tag","embeddable":true,"href":"https:\/\/roveyayinevi.com.tr\/index.php\/wp-json\/wp\/v2\/product_tag?post=717305"}],"curies":[{"name":"wp","href":"https:\/\/api.w.org\/{rel}","templated":true}]}}