{"id":717304,"date":"2025-08-27T17:53:53","date_gmt":"2025-08-27T14:53:53","guid":{"rendered":"https:\/\/roveyayinevi.com.tr\/index.php\/urun\/sozcuk-hikayeleri\/"},"modified":"2026-04-16T02:25:43","modified_gmt":"2026-04-15T23:25:43","slug":"sozcuk-hikayeleri","status":"publish","type":"product","link":"https:\/\/roveyayinevi.com.tr\/index.php\/urun\/sozcuk-hikayeleri\/","title":{"rendered":"S\u00f6zc\u00fck Hikayeleri"},"content":{"rendered":"<p>Etimoloji, k\u00f6ken bilgisi, kelime tarih\u00e7ili\u011fi ya da bu kitaptaki adland\u0131r\u0131l\u0131\u015f\u0131yla s\u00f6zc\u00fck hikayesi, bir s\u00f6zc\u00fc\u011f\u00fcn nerden gelip nereye gitti\u011finin hikayesidir. Her s\u00f6zc\u00fc\u011f\u00fcn hikayesi de bir insanl\u0131k hikayesidir.\u00c7apk\u0131n, yav*\u015fak, hovarda, ba\u011fnaz s\u00f6zc\u00fcklerinin k\u00f6kleri neydi, bug\u00fcne nas\u0131l ula\u015ft\u0131lar? Tahtakurusu, peygamberdevesi, \u00e7obanaldatan s\u00f6zc\u00fckleri nas\u0131l ortaya \u00e7\u0131kt\u0131? Bu canl\u0131lara neden bu adlar\u0131 verdik? Ebeg\u00fcmeci, ak\u015famsefas\u0131 ve g\u00fczelavrat otu gibi bitkilerin adland\u0131r\u0131lmas\u0131n\u0131n k\u00f6keninde ne gibi k\u00fclt\u00fcrel kodlar yat\u0131yor? Arsenal, dara\u011fac\u0131, cin, liz\u00f6z, maskara, fu\u015fya, \u015f\u00f6mentabla s\u00f6zc\u00fckleri T\u00fcrk\u00e7eye hangi dilden girip ne t\u00fcr anlam geli\u015fmeleri ya\u015fad\u0131lar? Tabanca, e*roin, s\u0131tma ve \u00f6fke eski zamanlarda ne anlama gelirdi, bug\u00fcnk\u00fc anlamlar\u0131n\u0131 nas\u0131l kazand\u0131lar? \u00d6zlemek, beklemek, s\u00f6m\u00fcrmek, s\u0131namak vd. neydi, ne oldu? Elinizdeki bu kitapta k\u00f6k bi\u00e7imleriyle, eski anlamlar\u0131yla, ses, \u015fekil ve anlam geli\u015fmeleriyle, edebiyattaki ve genel olarak sanat\u0131n her t\u00fcr\u00fcndeki yans\u0131malar\u0131yla 134 s\u00f6zc\u00fck de\u011ferlendirildi. <\/p>\n","protected":false},"excerpt":{"rendered":"<p>Etimoloji, k\u00f6ken bilgisi, kelime tarih\u00e7ili\u011fi ya da bu kitaptaki adland\u0131r\u0131l\u0131\u015f\u0131yla s\u00f6zc\u00fck hikayesi, bir s\u00f6zc\u00fc\u011f\u00fcn nerden gelip nereye gitti\u011finin hikayesidir. Her s\u00f6zc\u00fc\u011f\u00fcn hikayesi de bir insanl\u0131k hikayesidir.\u00c7apk\u0131n,<span class=\"excerpt-hellip\"> [\u2026]<\/span><\/p>\n","protected":false},"featured_media":0,"template":"","meta":{"_monsterinsights_skip_tracking":false,"_monsterinsights_sitenote_active":false,"_monsterinsights_sitenote_note":"","_monsterinsights_sitenote_category":0},"product_brand":[],"product_cat":[20225,12291],"product_tag":[],"class_list":{"0":"post-717304","1":"product","2":"type-product","3":"status-publish","5":"product_cat-dil-bilim","6":"product_cat-edebiyat","7":"pa_cilt-ciltsiz","8":"pa_tur-kitap","9":"pa_yayinevi-bilge-kultur-sanat","10":"pa_yazar-hatice-sirin","12":"first","13":"instock","14":"sale","15":"shipping-taxable","16":"purchasable","17":"product-type-simple"},"_links":{"self":[{"href":"https:\/\/roveyayinevi.com.tr\/index.php\/wp-json\/wp\/v2\/product\/717304","targetHints":{"allow":["GET"]}}],"collection":[{"href":"https:\/\/roveyayinevi.com.tr\/index.php\/wp-json\/wp\/v2\/product"}],"about":[{"href":"https:\/\/roveyayinevi.com.tr\/index.php\/wp-json\/wp\/v2\/types\/product"}],"wp:attachment":[{"href":"https:\/\/roveyayinevi.com.tr\/index.php\/wp-json\/wp\/v2\/media?parent=717304"}],"wp:term":[{"taxonomy":"product_brand","embeddable":true,"href":"https:\/\/roveyayinevi.com.tr\/index.php\/wp-json\/wp\/v2\/product_brand?post=717304"},{"taxonomy":"product_cat","embeddable":true,"href":"https:\/\/roveyayinevi.com.tr\/index.php\/wp-json\/wp\/v2\/product_cat?post=717304"},{"taxonomy":"product_tag","embeddable":true,"href":"https:\/\/roveyayinevi.com.tr\/index.php\/wp-json\/wp\/v2\/product_tag?post=717304"}],"curies":[{"name":"wp","href":"https:\/\/api.w.org\/{rel}","templated":true}]}}