{"id":717303,"date":"2025-08-27T17:53:53","date_gmt":"2025-08-27T14:53:53","guid":{"rendered":"https:\/\/roveyayinevi.com.tr\/index.php\/urun\/kitleler-psikolojisi-2\/"},"modified":"2026-04-16T02:25:43","modified_gmt":"2026-04-15T23:25:43","slug":"kitleler-psikolojisi-2","status":"publish","type":"product","link":"https:\/\/roveyayinevi.com.tr\/index.php\/urun\/kitleler-psikolojisi-2\/","title":{"rendered":"Kitleler Psikolojisi"},"content":{"rendered":"<p>&#8220;Bireylerin bilin\u00e7li etkinli\u011finin yerini alan,kitlelerin bilin\u00e7d\u0131\u015f\u0131 eylemi ya\u015fad\u0131\u011f\u0131m\u0131z \u00e7a\u011f\u0131n temel \u00f6zelliklerinden biridir&#8230;Ku\u015fkusuz kitleler her zaman bilin\u00e7d\u0131\u015f\u0131 davran\u0131r;ama bu bilin\u00e7d\u0131\u015f\u0131 davranman\u0131n bizzat kendisi,kitlelerin g\u00fcc\u00fcn\u00fcn s\u0131rlar\u0131ndan biri olabilir.Do\u011fada ,s\u0131rf i\u00e7g\u00fcd\u00fcye boyun e\u011fen varl\u0131klar,ola\u011fan\u00fcst\u00fc karma\u015f\u0131kl\u0131\u011f\u0131 bizi \u015fa\u015f\u0131rtan eylemlede bulunurlar.Ak\u0131l,insanl\u0131k i\u00e7in ,bilin\u00e7d\u0131\u015f\u0131n\u0131n yasalar\u0131n\u0131 bize g\u00f6steremeyecek ve \u00f6zellikle de onun yerini dolduramayacak kadar yeni ve hala kusurlu bir \u015feydir.T\u00fcm eylemlerimizde bilin\u00e7d\u0131\u015f\u0131n\u0131n pay\u0131 sonsuzdur,akl\u0131n pay\u0131 ise \u00e7ok k\u00fc\u00e7\u00fckt\u00fcr.Bilind\u0131\u015f\u0131 ,hen\u00fcz bilinmeyen bir g\u00fc\u00e7 gibi hareket eder.&#8221;<\/p>\n","protected":false},"excerpt":{"rendered":"<p>&#8220;Bireylerin bilin\u00e7li etkinli\u011finin yerini alan,kitlelerin bilin\u00e7d\u0131\u015f\u0131 eylemi ya\u015fad\u0131\u011f\u0131m\u0131z \u00e7a\u011f\u0131n temel \u00f6zelliklerinden biridir&#8230;Ku\u015fkusuz kitleler her zaman bilin\u00e7d\u0131\u015f\u0131 davran\u0131r;ama bu bilin\u00e7d\u0131\u015f\u0131 davranman\u0131n bizzat kendisi,kitlelerin g\u00fcc\u00fcn\u00fcn s\u0131rlar\u0131ndan biri olabilir.Do\u011fada<span class=\"excerpt-hellip\"> [\u2026]<\/span><\/p>\n","protected":false},"featured_media":0,"template":"","meta":{"_monsterinsights_skip_tracking":false,"_monsterinsights_sitenote_active":false,"_monsterinsights_sitenote_note":"","_monsterinsights_sitenote_category":0},"product_brand":[],"product_cat":[12358,12357],"product_tag":[],"class_list":{"0":"post-717303","1":"product","2":"type-product","3":"status-publish","5":"product_cat-genel-psikoloji","6":"product_cat-psikoloji","7":"pa_cilt-ciltsiz","8":"pa_tur-kitap","9":"pa_yayinevi-bilgesu-yayincilik","10":"pa_yazar-gustave-le-bon","12":"first","13":"instock","14":"sale","15":"shipping-taxable","16":"purchasable","17":"product-type-simple"},"_links":{"self":[{"href":"https:\/\/roveyayinevi.com.tr\/index.php\/wp-json\/wp\/v2\/product\/717303","targetHints":{"allow":["GET"]}}],"collection":[{"href":"https:\/\/roveyayinevi.com.tr\/index.php\/wp-json\/wp\/v2\/product"}],"about":[{"href":"https:\/\/roveyayinevi.com.tr\/index.php\/wp-json\/wp\/v2\/types\/product"}],"wp:attachment":[{"href":"https:\/\/roveyayinevi.com.tr\/index.php\/wp-json\/wp\/v2\/media?parent=717303"}],"wp:term":[{"taxonomy":"product_brand","embeddable":true,"href":"https:\/\/roveyayinevi.com.tr\/index.php\/wp-json\/wp\/v2\/product_brand?post=717303"},{"taxonomy":"product_cat","embeddable":true,"href":"https:\/\/roveyayinevi.com.tr\/index.php\/wp-json\/wp\/v2\/product_cat?post=717303"},{"taxonomy":"product_tag","embeddable":true,"href":"https:\/\/roveyayinevi.com.tr\/index.php\/wp-json\/wp\/v2\/product_tag?post=717303"}],"curies":[{"name":"wp","href":"https:\/\/api.w.org\/{rel}","templated":true}]}}