{"id":717302,"date":"2025-08-27T17:53:52","date_gmt":"2025-08-27T14:53:52","guid":{"rendered":"https:\/\/roveyayinevi.com.tr\/index.php\/urun\/insan-haklari-felsefesi\/"},"modified":"2026-04-16T02:25:43","modified_gmt":"2026-04-15T23:25:43","slug":"insan-haklari-felsefesi","status":"publish","type":"product","link":"https:\/\/roveyayinevi.com.tr\/index.php\/urun\/insan-haklari-felsefesi\/","title":{"rendered":"\u0130nsan Haklar\u0131 Felsefesi"},"content":{"rendered":"<p>Kimi sert teorik ve pratik ele\u015ftirilere kar\u015f\u0131n ,insan haklar\u0131 hala g\u00fcn\u00fcm\u00fcz\u00fcn \u00f6ne \u00e7\u0131kan s\u00f6ylemlerinden biridir.T\u00fcm di\u011fer rastlant\u0131sal \u00f6zellikleri bir yana,yaln\u0131zca insan olduklar\u0131 i\u00e7in ki\u015filerin baz\u0131 temel haklar\u0131 olduklar\u0131 d\u00fc\u015f\u00fcn\u00fclmekte,bu haklara da &#8220;insan haklar\u0131&#8221; denilmektedir.Bu kitapta yer alan yaz\u0131larda &#8220;insan&#8221;, &#8220;insan do\u011fas\u0131&#8221;,&#8221;insan haklar\u0131&#8221; ve &#8220;evrensellik&#8221; kavramlar\u0131 \u00fczerinde durulmakta;bir insan haklar\u0131 \u00f6l\u00e7\u00fct\u00fc geli\u015ftirilmesi ve insan haklar\u0131n\u0131n temellendirilmesi gibi,insan haklar\u0131n\u0131n bilgisel ve antropolojik temellerine ili\u015fkin kimi teorik sorunlar ele al\u0131n\u0131p tart\u0131\u015f\u0131lmaktad\u0131r.<\/p>\n","protected":false},"excerpt":{"rendered":"<p>Kimi sert teorik ve pratik ele\u015ftirilere kar\u015f\u0131n ,insan haklar\u0131 hala g\u00fcn\u00fcm\u00fcz\u00fcn \u00f6ne \u00e7\u0131kan s\u00f6ylemlerinden biridir.T\u00fcm di\u011fer rastlant\u0131sal \u00f6zellikleri bir yana,yaln\u0131zca insan olduklar\u0131 i\u00e7in ki\u015filerin baz\u0131 temel<span class=\"excerpt-hellip\"> [\u2026]<\/span><\/p>\n","protected":false},"featured_media":0,"template":"","meta":{"_monsterinsights_skip_tracking":false,"_monsterinsights_sitenote_active":false,"_monsterinsights_sitenote_note":"","_monsterinsights_sitenote_category":0},"product_brand":[],"product_cat":[12388,13555],"product_tag":[],"class_list":{"0":"post-717302","1":"product","2":"type-product","3":"status-publish","5":"product_cat-felsefe","6":"product_cat-genel-felsefe","7":"pa_cilt-ciltsiz","8":"pa_tur-kitap","9":"pa_yayinevi-bilgesu-yayincilik","10":"pa_yazar-harun-tepe","12":"first","13":"instock","14":"sale","15":"shipping-taxable","16":"purchasable","17":"product-type-simple"},"_links":{"self":[{"href":"https:\/\/roveyayinevi.com.tr\/index.php\/wp-json\/wp\/v2\/product\/717302","targetHints":{"allow":["GET"]}}],"collection":[{"href":"https:\/\/roveyayinevi.com.tr\/index.php\/wp-json\/wp\/v2\/product"}],"about":[{"href":"https:\/\/roveyayinevi.com.tr\/index.php\/wp-json\/wp\/v2\/types\/product"}],"wp:attachment":[{"href":"https:\/\/roveyayinevi.com.tr\/index.php\/wp-json\/wp\/v2\/media?parent=717302"}],"wp:term":[{"taxonomy":"product_brand","embeddable":true,"href":"https:\/\/roveyayinevi.com.tr\/index.php\/wp-json\/wp\/v2\/product_brand?post=717302"},{"taxonomy":"product_cat","embeddable":true,"href":"https:\/\/roveyayinevi.com.tr\/index.php\/wp-json\/wp\/v2\/product_cat?post=717302"},{"taxonomy":"product_tag","embeddable":true,"href":"https:\/\/roveyayinevi.com.tr\/index.php\/wp-json\/wp\/v2\/product_tag?post=717302"}],"curies":[{"name":"wp","href":"https:\/\/api.w.org\/{rel}","templated":true}]}}