{"id":717301,"date":"2025-08-27T17:53:52","date_gmt":"2025-08-27T14:53:52","guid":{"rendered":"https:\/\/roveyayinevi.com.tr\/index.php\/urun\/gokkusagi\/"},"modified":"2026-04-16T02:25:43","modified_gmt":"2026-04-15T23:25:43","slug":"gokkusagi","status":"publish","type":"product","link":"https:\/\/roveyayinevi.com.tr\/index.php\/urun\/gokkusagi\/","title":{"rendered":"G\u00f6kku\u015fa\u011f\u0131"},"content":{"rendered":"<p>Psikolojik dan\u0131\u015fmanl\u0131k yapan Alk\u0131m, yeni g\u00f6revinin yak\u0131\u015f\u0131kl\u0131 ve ba\u015far\u0131l\u0131 i\u015f adam\u0131 Kaan Soyalp ad\u0131ndaki adam\u0131n ta kendisi oldu\u011funu \u00f6\u011frendi\u011finde hayat\u0131 h\u0131zla y\u00f6n de\u011fi\u015ftirir. Soyalp \u015eirketler Grubu ba\u015f mimar\u0131 ve CEO\u2019su Kaan Soyalp, uygunsuz bir videosunun bas\u0131na s\u0131zd\u0131r\u0131lmas\u0131 nedeniyle b\u00fcy\u00fck itibar kaybeder ve hi\u00e7 istemese de profesyonel yard\u0131m almay\u0131 kabul eder. Fakat dan\u0131\u015fman\u0131n\u0131n, bir kafede g\u00f6rd\u00fc\u011f\u00fc ve ilk andan itibaren akl\u0131ndan \u00e7\u0131karamad\u0131\u011f\u0131 o kad\u0131n oldu\u011funu \u00f6\u011frenince i\u015fler tam tersine d\u00f6ner. Birbirlerine duyduklar\u0131 yo\u011fun \u00e7ekim aralar\u0131nda tekrar belirdi\u011finde ikisi de buna kar\u015f\u0131 koymay\u0131 ba\u015faramaz ve kendilerini bir \u00e7\u0131kmaz\u0131n i\u00e7inde bulurlar. Alk\u0131m, Kaan\u2019\u0131n ge\u00e7mi\u015findeki s\u0131rlar\u0131, bast\u0131r\u0131lm\u0131\u015f travmas\u0131n\u0131 ortaya \u00e7\u0131karmay\u0131 ba\u015far\u0131p Kaan\u2019a ula\u015fabilecek; Kaan ise Alk\u0131m\u2019\u0131n tabular\u0131n\u0131 y\u0131k\u0131p onunla birlikte sonunda \u00e7ok istedi\u011fi o m\u00fckemmel hayata sahip olmay\u0131 ba\u015farabilecek midir? <\/p>\n","protected":false},"excerpt":{"rendered":"<p>Psikolojik dan\u0131\u015fmanl\u0131k yapan Alk\u0131m, yeni g\u00f6revinin yak\u0131\u015f\u0131kl\u0131 ve ba\u015far\u0131l\u0131 i\u015f adam\u0131 Kaan Soyalp ad\u0131ndaki adam\u0131n ta kendisi oldu\u011funu \u00f6\u011frendi\u011finde hayat\u0131 h\u0131zla y\u00f6n de\u011fi\u015ftirir. Soyalp \u015eirketler Grubu<span class=\"excerpt-hellip\"> [\u2026]<\/span><\/p>\n","protected":false},"featured_media":0,"template":"","meta":{"_monsterinsights_skip_tracking":false,"_monsterinsights_sitenote_active":false,"_monsterinsights_sitenote_note":"","_monsterinsights_sitenote_category":0},"product_brand":[],"product_cat":[14643,12291],"product_tag":[],"class_list":{"0":"post-717301","1":"product","2":"type-product","3":"status-publish","5":"product_cat-ask","6":"product_cat-edebiyat","7":"pa_cilt-ciltsiz","8":"pa_tur-kitap","9":"pa_yayinevi-muptela-yayinevi","10":"pa_yazar-busra-doga-yildiz","12":"first","13":"instock","14":"sale","15":"shipping-taxable","16":"purchasable","17":"product-type-simple"},"_links":{"self":[{"href":"https:\/\/roveyayinevi.com.tr\/index.php\/wp-json\/wp\/v2\/product\/717301","targetHints":{"allow":["GET"]}}],"collection":[{"href":"https:\/\/roveyayinevi.com.tr\/index.php\/wp-json\/wp\/v2\/product"}],"about":[{"href":"https:\/\/roveyayinevi.com.tr\/index.php\/wp-json\/wp\/v2\/types\/product"}],"wp:attachment":[{"href":"https:\/\/roveyayinevi.com.tr\/index.php\/wp-json\/wp\/v2\/media?parent=717301"}],"wp:term":[{"taxonomy":"product_brand","embeddable":true,"href":"https:\/\/roveyayinevi.com.tr\/index.php\/wp-json\/wp\/v2\/product_brand?post=717301"},{"taxonomy":"product_cat","embeddable":true,"href":"https:\/\/roveyayinevi.com.tr\/index.php\/wp-json\/wp\/v2\/product_cat?post=717301"},{"taxonomy":"product_tag","embeddable":true,"href":"https:\/\/roveyayinevi.com.tr\/index.php\/wp-json\/wp\/v2\/product_tag?post=717301"}],"curies":[{"name":"wp","href":"https:\/\/api.w.org\/{rel}","templated":true}]}}