{"id":717296,"date":"2025-08-27T17:53:49","date_gmt":"2025-08-27T14:53:49","guid":{"rendered":"https:\/\/roveyayinevi.com.tr\/index.php\/urun\/dil-ogreten-hikayeler-turkce-almanca\/"},"modified":"2026-04-16T02:25:42","modified_gmt":"2026-04-15T23:25:42","slug":"dil-ogreten-hikayeler-turkce-almanca","status":"publish","type":"product","link":"https:\/\/roveyayinevi.com.tr\/index.php\/urun\/dil-ogreten-hikayeler-turkce-almanca\/","title":{"rendered":"Dil \u00d6\u011freten Hikayeler T\u00fcrk\u00e7e &#8211; Almanca"},"content":{"rendered":"<p>Marmara \u00dcniversitesi G\u00fczel Saatlar Fak\u00fcltesi Resim ana-Heykel yan sanat\u0131ndan mezun oldu. Ayn\u0131 \u00fcniversitede \u201c17. yy. Hollanda Resminde Kullan\u0131lan Semboller\u201d teziyle y\u00fcksek lisans\u0131n\u0131 tamamlad\u0131. 9 ya\u015f\u0131nda ald\u0131\u011f\u0131 foto\u011fraf makinesinin de di\u011fer sanat dallar\u0131 gibi hep hayat\u0131n\u0131n i\u00e7inde olaca\u011f\u0131n\u0131 daha o y\u0131llarda hissetmi\u015fti. Resim disiplininde davet edildi\u011fi yurtd\u0131\u015f\u0131 seyahatinde elinden d\u00fc\u015fmeyen foto\u011fraf makinesi oradaki foto\u011fraf grubunun dikkatini \u00e7ekti ve o g\u00fcnlerdeki uluslararas\u0131 foto\u011fraf yar\u0131\u015fmas\u0131na davet edildi. Bu s\u00fcrpriz davetten  j\u00fcri \u201c\u00f6zel g\u00f6z\u201d \u00f6du\u0308l\u00fcyle ayr\u0131ld\u0131.   T\u00fcrkiye\u2019ye d\u00f6nd\u00fc\u011f\u00fcnde art\u0131k profesyonel olarak foto\u011frafa ba\u015flam\u0131\u015ft\u0131. 2011\u2019de resimde son foto\u011frafta ise ilk ki\u015fisel sergisini a\u00e7t\u0131. Yapt\u0131\u011f\u0131 seyahatlerde o d\u00f6nem hen\u00fcz T\u00fcrkiye\u2019de \u00f6rnekleri olmayan resimsel graffitilerin izlerini s\u00fcrd\u00fc, geni\u015f bir ar\u015fiv yapt\u0131 ve \u201c\u015eehir \u0130zleri\u201d ad\u0131n\u0131 verdi\u011fi bu sergisini a\u00e7t\u0131. Sonras\u0131nda Mey\u2019in foto\u011fraflar\u0131 bir\u00e7ok \u00f6zel koleksiyon, \u00e7a\u011fda\u015f sanat mu\u0308zayedesi ve sergilerde yer ald\u0131.  2010\u2019da rekor fiyata sat\u0131lan foto\u011fraf\u0131n\u0131n t\u00fcm geliri ile Konya Ere\u011fli\u2019de y\u00fcz k\u0131z \u00f6\u011frenci i\u00e7in \u201cBaba Beni Okula G\u00f6nder K\u0131z \u00d6\u011frenci Yurdu\u201d yap\u0131m\u0131na destek oldu. May\u0131s 2016 da gelirini bu yurda ba\u011f\u0131\u015flad\u0131\u011f\u0131 \u201cK\u00fc\u00e7\u00fck Prens Tenimde\u201d adl\u0131 foto\u011fraf kitab\u0131, \u0130nk\u0131lap Yay\u0131nevi\u2019nden \u00e7\u0131kt\u0131. Bir proje kitab\u0131 olan bu eser ayn\u0131 zamanda i\u00e7eri\u011fi ile bir ilkti ve sonras\u0131nda d\u00fcnyada bir \u00e7ok \u201cK\u00fc\u00e7\u00fck Prens Koleksiyoneri\u201dne ilham verdi. Ayn\u0131 y\u0131l Ekim 2016\u2019da \u201cK\u00fc\u00e7\u00fck Prens\u201d \u00e7evirisi Sola Yay\u0131nlar\u0131\u2019ndan \u00e7\u0131kt\u0131. Bu kitap, T\u00fcrkiye\u2019de yay\u0131mlanm\u0131\u015f ilk ve tek farkl\u0131 ill\u00fcstrasyonu, \u00e7ift kapa\u011f\u0131 ve en yal\u0131n \u00e7evirisiyle bir ilk olmu\u015ftur.   Mey, yo\u011fun seyahatleri d\u0131\u015f\u0131nda y\u0131l\u0131n belli aylar\u0131nda Floransa\u2019da ya\u015famaktad\u0131r. Mitoloji, ikonografi ve sembol uzman\u0131 olan sanat\u00e7\u0131 ayn\u0131 zamanda Maltepe \u00dcniversitesi Konservatuar\u0131\u2019nda \u00f6\u011fretim g\u00f6revlisi olarak Sanat Tarihi dersleri vermektedir.  Sanat\u00e7\u0131, yazd\u0131\u011f\u0131 bu \u00f6yk\u00fc kitaplar\u0131yla, dil \u00f6\u011frenenlere yard\u0131mc\u0131 olmay\u0131 ama\u00e7lam\u0131\u015ft\u0131r.  <\/p>\n","protected":false},"excerpt":{"rendered":"<p>Marmara \u00dcniversitesi G\u00fczel Saatlar Fak\u00fcltesi Resim ana-Heykel yan sanat\u0131ndan mezun oldu. Ayn\u0131 \u00fcniversitede \u201c17. yy. Hollanda Resminde Kullan\u0131lan Semboller\u201d teziyle y\u00fcksek lisans\u0131n\u0131 tamamlad\u0131. 9 ya\u015f\u0131nda ald\u0131\u011f\u0131<span class=\"excerpt-hellip\"> [\u2026]<\/span><\/p>\n","protected":false},"featured_media":0,"template":"","meta":{"_monsterinsights_skip_tracking":false,"_monsterinsights_sitenote_active":false,"_monsterinsights_sitenote_note":"","_monsterinsights_sitenote_category":0},"product_brand":[],"product_cat":[26111,14597,12566],"product_tag":[],"class_list":{"0":"post-717296","1":"product","2":"type-product","3":"status-publish","5":"product_cat-almanca","6":"product_cat-dil-ogrenimi","7":"product_cat-egitim","8":"pa_cilt-ciltsiz","9":"pa_tur-kitap","10":"pa_yayinevi-inkilap-kitabevi","11":"pa_yazar-melissa-mey","13":"first","14":"instock","15":"sale","16":"shipping-taxable","17":"purchasable","18":"product-type-simple"},"_links":{"self":[{"href":"https:\/\/roveyayinevi.com.tr\/index.php\/wp-json\/wp\/v2\/product\/717296","targetHints":{"allow":["GET"]}}],"collection":[{"href":"https:\/\/roveyayinevi.com.tr\/index.php\/wp-json\/wp\/v2\/product"}],"about":[{"href":"https:\/\/roveyayinevi.com.tr\/index.php\/wp-json\/wp\/v2\/types\/product"}],"wp:attachment":[{"href":"https:\/\/roveyayinevi.com.tr\/index.php\/wp-json\/wp\/v2\/media?parent=717296"}],"wp:term":[{"taxonomy":"product_brand","embeddable":true,"href":"https:\/\/roveyayinevi.com.tr\/index.php\/wp-json\/wp\/v2\/product_brand?post=717296"},{"taxonomy":"product_cat","embeddable":true,"href":"https:\/\/roveyayinevi.com.tr\/index.php\/wp-json\/wp\/v2\/product_cat?post=717296"},{"taxonomy":"product_tag","embeddable":true,"href":"https:\/\/roveyayinevi.com.tr\/index.php\/wp-json\/wp\/v2\/product_tag?post=717296"}],"curies":[{"name":"wp","href":"https:\/\/api.w.org\/{rel}","templated":true}]}}