{"id":717293,"date":"2025-08-27T17:53:47","date_gmt":"2025-08-27T14:53:47","guid":{"rendered":"https:\/\/roveyayinevi.com.tr\/index.php\/urun\/kitaplik\/"},"modified":"2026-04-16T02:25:42","modified_gmt":"2026-04-15T23:25:42","slug":"kitaplik","status":"publish","type":"product","link":"https:\/\/roveyayinevi.com.tr\/index.php\/urun\/kitaplik\/","title":{"rendered":"Kitapl\u0131k"},"content":{"rendered":"<p>Kitaplar\u0131n\u0131z evinizin hangi k\u0131sm\u0131nda? Neye g\u00f6re s\u0131n\u0131fland\u0131r\u0131yorsunuz kitaplar\u0131n\u0131z\u0131? Ba\u015fkalar\u0131n\u0131n veya b\u00fcy\u00fck kurumlar\u0131n kitaplar\u0131 nas\u0131l d\u00fczenledi\u011fine hi\u00e7 dikkat ettiniz mi peki? Bu sorular\u0131 cevaplarken ba\u015fvuraca\u011f\u0131m\u0131z temel bir nesne var ki o da kitapl\u0131k. Buna benzer suallerin insanl\u0131k tarihi boyunca hep sorulageldi\u011fini belirten antropolog ve tarih\u00e7i Lydia Pyne, \u201cince \u015feylerin hat\u0131r\u0131n\u0131 g\u00f6zetmeye \u00e7al\u0131\u015fan\u201d minima kurgud\u0131\u015f\u0131 dizimizin ilk kitab\u0131 olan Kitapl\u0131k\u2019ta, okuma k\u00fclt\u00fcr\u00fcn\u00fcn maddi bir nesnesi olarak kitapl\u0131k arac\u0131l\u0131\u011f\u0131yla bizi k\u0131sa bir gezintiye \u00e7\u0131kar\u0131yor. Antik Roma d\u00fcnyas\u0131ndan ba\u015flayarak Orta\u00e7a\u011f katedrallerindeki zincirli kitapl\u0131klara, 20. y\u00fczy\u0131l ba\u015f\u0131nda New York\u2019ta in\u015fa edilen muazzam halk k\u00fct\u00fcphanesinin devasa rafl\u0131klar\u0131ndan g\u00fcn\u00fcm\u00fczde pek \u00e7o\u011fumuzun evine girmi\u015f \u00e7e\u015fitli tarzdaki ki\u015fisel kitapl\u0131klara kadar uzanan geni\u015f bir sahay\u0131 ele alan Pyne, bu anlat\u0131s\u0131n\u0131 edebiyattan \u00f6rnekler ve ilgin\u00e7 anekdotlarla zenginle\u015ftiriyor. Kitapl\u0131\u011f\u0131n sadece saklamaya, tutmaya yarayan bir nesne olmad\u0131\u011f\u0131n\u0131, hayata dair bak\u0131\u015f a\u00e7\u0131m\u0131z\u0131 ve de\u011ferlerimizi de yans\u0131tt\u0131\u011f\u0131n\u0131, zaman i\u00e7inde bi\u00e7imsel olarak evrilen bir ara\u00e7 oldu\u011funu anlat\u0131yor. Dijital ayg\u0131tlar\u0131n ve kaynaklar\u0131n yayg\u0131nla\u015fmas\u0131na ra\u011fmen, gerek bir mecaz gerek somut bir nesne olarak \u00f6nemini devam ettiren kitapl\u0131k \u00fczerinde d\u00fc\u015f\u00fcnmeye \u00e7a\u011f\u0131r\u0131yor bizi. Yaln\u0131zca kitap k\u00fclt\u00fcr\u00fcne ve tarihine merak salan tutkunlar\u0131n de\u011fil, kitap okuyan herkesin sayfalar\u0131n\u0131 ilgiyle kar\u0131\u015ft\u0131raca\u011f\u0131, kitapla kurdu\u011fu ili\u015fkiyi d\u00fc\u015f\u00fcnmek i\u00e7in faydalanabilece\u011fi bir \u00e7al\u0131\u015fma bu. Kitapl\u0131k\u2019\u0131 okuduktan sonra onlar\u0131 saklad\u0131\u011f\u0131n\u0131z yerlere, yani kitapl\u0131klara farkl\u0131 bir g\u00f6zle bakacaks\u0131n\u0131z. <\/p>\n","protected":false},"excerpt":{"rendered":"<p>Kitaplar\u0131n\u0131z evinizin hangi k\u0131sm\u0131nda? Neye g\u00f6re s\u0131n\u0131fland\u0131r\u0131yorsunuz kitaplar\u0131n\u0131z\u0131? Ba\u015fkalar\u0131n\u0131n veya b\u00fcy\u00fck kurumlar\u0131n kitaplar\u0131 nas\u0131l d\u00fczenledi\u011fine hi\u00e7 dikkat ettiniz mi peki? Bu sorular\u0131 cevaplarken ba\u015fvuraca\u011f\u0131m\u0131z temel bir<span class=\"excerpt-hellip\"> [\u2026]<\/span><\/p>\n","protected":false},"featured_media":0,"template":"","meta":{"_monsterinsights_skip_tracking":false,"_monsterinsights_sitenote_active":false,"_monsterinsights_sitenote_note":"","_monsterinsights_sitenote_category":0},"product_brand":[],"product_cat":[13072,12291],"product_tag":[],"class_list":{"0":"post-717293","1":"product","2":"type-product","3":"status-publish","5":"product_cat-arastirma-inceleme-referans","6":"product_cat-edebiyat","7":"pa_cilt-ciltsiz","8":"pa_tur-kitap","9":"pa_yayinevi-ithaki-yayinlari","10":"pa_yazar-lydia-pyne","12":"first","13":"instock","14":"sale","15":"shipping-taxable","16":"purchasable","17":"product-type-simple"},"_links":{"self":[{"href":"https:\/\/roveyayinevi.com.tr\/index.php\/wp-json\/wp\/v2\/product\/717293","targetHints":{"allow":["GET"]}}],"collection":[{"href":"https:\/\/roveyayinevi.com.tr\/index.php\/wp-json\/wp\/v2\/product"}],"about":[{"href":"https:\/\/roveyayinevi.com.tr\/index.php\/wp-json\/wp\/v2\/types\/product"}],"wp:attachment":[{"href":"https:\/\/roveyayinevi.com.tr\/index.php\/wp-json\/wp\/v2\/media?parent=717293"}],"wp:term":[{"taxonomy":"product_brand","embeddable":true,"href":"https:\/\/roveyayinevi.com.tr\/index.php\/wp-json\/wp\/v2\/product_brand?post=717293"},{"taxonomy":"product_cat","embeddable":true,"href":"https:\/\/roveyayinevi.com.tr\/index.php\/wp-json\/wp\/v2\/product_cat?post=717293"},{"taxonomy":"product_tag","embeddable":true,"href":"https:\/\/roveyayinevi.com.tr\/index.php\/wp-json\/wp\/v2\/product_tag?post=717293"}],"curies":[{"name":"wp","href":"https:\/\/api.w.org\/{rel}","templated":true}]}}