{"id":717292,"date":"2025-08-27T17:53:46","date_gmt":"2025-08-27T14:53:46","guid":{"rendered":"https:\/\/roveyayinevi.com.tr\/index.php\/urun\/babamin-basina-kedi-kondu\/"},"modified":"2026-02-03T02:39:49","modified_gmt":"2026-02-02T23:39:49","slug":"babamin-basina-kedi-kondu","status":"publish","type":"product","link":"https:\/\/roveyayinevi.com.tr\/index.php\/urun\/babamin-basina-kedi-kondu\/","title":{"rendered":"Babam\u0131n Ba\u015f\u0131na Kedi Kondu"},"content":{"rendered":"<p>Arkada\u015f canl\u0131s\u0131, yard\u0131msever, e\u011flenceli ve biraz da sakar\u2026 Onun ad\u0131 Defne ve ba\u015f\u0131ndan a\u015fk\u0131n i\u015fleri var. Kat\u0131lmas\u0131 gereken b\u00fcy\u00fck bir yar\u0131\u015f, beslenmesini payla\u015fmazsa a\u00e7 kalacak bir arkada\u015f ve \u00e7\u0131kmas\u0131 gereken bir televizyon program\u0131 var. Sadece bunlar m\u0131? Kahraman\u0131m\u0131z uzun zamand\u0131r, bir de kedisi olsun istiyor. Ancak kar\u015f\u0131s\u0131nda a\u015f\u0131lmas\u0131 g\u00fc\u00e7 bir engel duruyor: Babas\u0131! Defne\u2019nin birbirinden e\u011flenceli maceralar\u0131n\u0131 okurken kahkahalar\u0131n\u0131z\u0131 tutamayacaks\u0131n\u0131z. Nehir Yarar\u2019\u0131n yay\u0131nevimizden yay\u0131nlanan ilk roman\u0131 olan Babam\u0131n Ba\u015f\u0131na Kedi Kondu, Zeynep Co\u015fkun\u2019un \u00e7izimleriyle hareketlendi. <\/p>\n","protected":false},"excerpt":{"rendered":"<p>Arkada\u015f canl\u0131s\u0131, yard\u0131msever, e\u011flenceli ve biraz da sakar\u2026 Onun ad\u0131 Defne ve ba\u015f\u0131ndan a\u015fk\u0131n i\u015fleri var. Kat\u0131lmas\u0131 gereken b\u00fcy\u00fck bir yar\u0131\u015f, beslenmesini payla\u015fmazsa a\u00e7 kalacak bir<span class=\"excerpt-hellip\"> [\u2026]<\/span><\/p>\n","protected":false},"featured_media":0,"template":"","meta":{"_monsterinsights_skip_tracking":false,"_monsterinsights_sitenote_active":false,"_monsterinsights_sitenote_note":"","_monsterinsights_sitenote_category":0},"product_brand":[],"product_cat":[12274,12284],"product_tag":[],"class_list":{"0":"post-717292","1":"product","2":"type-product","3":"status-publish","5":"product_cat-cocuk-ve-genclik-kitaplari","6":"product_cat-hikayeler","7":"pa_cilt-ciltsiz","8":"pa_tur-kitap","9":"pa_yayinevi-potikare-yayincilik","10":"pa_yazar-nehir-yarar","12":"first","13":"instock","14":"sale","15":"shipping-taxable","16":"purchasable","17":"product-type-simple"},"_links":{"self":[{"href":"https:\/\/roveyayinevi.com.tr\/index.php\/wp-json\/wp\/v2\/product\/717292","targetHints":{"allow":["GET"]}}],"collection":[{"href":"https:\/\/roveyayinevi.com.tr\/index.php\/wp-json\/wp\/v2\/product"}],"about":[{"href":"https:\/\/roveyayinevi.com.tr\/index.php\/wp-json\/wp\/v2\/types\/product"}],"wp:attachment":[{"href":"https:\/\/roveyayinevi.com.tr\/index.php\/wp-json\/wp\/v2\/media?parent=717292"}],"wp:term":[{"taxonomy":"product_brand","embeddable":true,"href":"https:\/\/roveyayinevi.com.tr\/index.php\/wp-json\/wp\/v2\/product_brand?post=717292"},{"taxonomy":"product_cat","embeddable":true,"href":"https:\/\/roveyayinevi.com.tr\/index.php\/wp-json\/wp\/v2\/product_cat?post=717292"},{"taxonomy":"product_tag","embeddable":true,"href":"https:\/\/roveyayinevi.com.tr\/index.php\/wp-json\/wp\/v2\/product_tag?post=717292"}],"curies":[{"name":"wp","href":"https:\/\/api.w.org\/{rel}","templated":true}]}}