{"id":717291,"date":"2025-08-27T17:53:45","date_gmt":"2025-08-27T14:53:45","guid":{"rendered":"https:\/\/roveyayinevi.com.tr\/index.php\/urun\/ara-guler-ile-fotografin-sihirli-dunyasina-yolculuk\/"},"modified":"2026-04-16T02:25:42","modified_gmt":"2026-04-15T23:25:42","slug":"ara-guler-ile-fotografin-sihirli-dunyasina-yolculuk","status":"publish","type":"product","link":"https:\/\/roveyayinevi.com.tr\/index.php\/urun\/ara-guler-ile-fotografin-sihirli-dunyasina-yolculuk\/","title":{"rendered":"Ara G\u00fcler ile Foto\u011fraf\u0131n Sihirli D\u00fcnyas\u0131na Yolculuk"},"content":{"rendered":"<p>Ada ve Arda foto\u011fraf\u00e7\u0131l\u0131\u011fa \u00e7ok merakl\u0131 ikiz karde\u015flerdir. Hatta, Arda b\u00fcy\u00fcy\u00fcnce foto muhabiri olman\u0131n hayalini kurmaktad\u0131r. Arkada\u015flar\u0131na hediye almak i\u00e7in gittikleri kitabevinde, b\u00fcy\u00fck usta Ara G\u00fcler\u2019le tan\u0131\u015fabileceklerini \u00f6\u011frenirler. Ada ve Arda\u2019n\u0131n, b\u00fcy\u00fck usta Ara G\u00fcler\u2019le nas\u0131l tan\u0131\u015ft\u0131klar\u0131n\u0131, birlikte neler yap\u0131p nelerden konu\u015ftuklar\u0131n\u0131 ke\u015ffetmek i\u00e7in kitab\u0131m\u0131z\u0131n sayfalar\u0131n\u0131 \u00e7evirmek yeterli. Yay\u0131nevimizden daha \u00f6nce Halikarnas Bal\u0131k\u00e7\u0131s\u0131, Osman Hamdi Bey ve \u0130stanbul Sofras\u0131 isimli \u00fc\u00e7 tane resimli hikaye kitab\u0131n\u0131 bast\u0131\u011f\u0131m\u0131z Meltem Ulu\u2019nun bu ilk \u00e7ocuk roman\u0131n\u0131, Esin G\u00fcler \u00e7izgileriyle renklendirdi. <\/p>\n","protected":false},"excerpt":{"rendered":"<p>Ada ve Arda foto\u011fraf\u00e7\u0131l\u0131\u011fa \u00e7ok merakl\u0131 ikiz karde\u015flerdir. Hatta, Arda b\u00fcy\u00fcy\u00fcnce foto muhabiri olman\u0131n hayalini kurmaktad\u0131r. Arkada\u015flar\u0131na hediye almak i\u00e7in gittikleri kitabevinde, b\u00fcy\u00fck usta Ara G\u00fcler\u2019le<span class=\"excerpt-hellip\"> [\u2026]<\/span><\/p>\n","protected":false},"featured_media":0,"template":"","meta":{"_monsterinsights_skip_tracking":false,"_monsterinsights_sitenote_active":false,"_monsterinsights_sitenote_note":"","_monsterinsights_sitenote_category":0},"product_brand":[],"product_cat":[12274,12284],"product_tag":[],"class_list":{"0":"post-717291","1":"product","2":"type-product","3":"status-publish","5":"product_cat-cocuk-ve-genclik-kitaplari","6":"product_cat-hikayeler","7":"pa_cilt-ciltsiz","8":"pa_tur-kitap","9":"pa_yayinevi-potikare-yayincilik","10":"pa_yazar-meltem-ulu","12":"first","13":"instock","14":"sale","15":"shipping-taxable","16":"purchasable","17":"product-type-simple"},"_links":{"self":[{"href":"https:\/\/roveyayinevi.com.tr\/index.php\/wp-json\/wp\/v2\/product\/717291","targetHints":{"allow":["GET"]}}],"collection":[{"href":"https:\/\/roveyayinevi.com.tr\/index.php\/wp-json\/wp\/v2\/product"}],"about":[{"href":"https:\/\/roveyayinevi.com.tr\/index.php\/wp-json\/wp\/v2\/types\/product"}],"wp:attachment":[{"href":"https:\/\/roveyayinevi.com.tr\/index.php\/wp-json\/wp\/v2\/media?parent=717291"}],"wp:term":[{"taxonomy":"product_brand","embeddable":true,"href":"https:\/\/roveyayinevi.com.tr\/index.php\/wp-json\/wp\/v2\/product_brand?post=717291"},{"taxonomy":"product_cat","embeddable":true,"href":"https:\/\/roveyayinevi.com.tr\/index.php\/wp-json\/wp\/v2\/product_cat?post=717291"},{"taxonomy":"product_tag","embeddable":true,"href":"https:\/\/roveyayinevi.com.tr\/index.php\/wp-json\/wp\/v2\/product_tag?post=717291"}],"curies":[{"name":"wp","href":"https:\/\/api.w.org\/{rel}","templated":true}]}}