{"id":717290,"date":"2025-08-27T17:53:45","date_gmt":"2025-08-27T14:53:45","guid":{"rendered":"https:\/\/roveyayinevi.com.tr\/index.php\/urun\/gec-osmanlidan-gunumuze-modern-doga-bilimciligi\/"},"modified":"2026-04-16T02:25:42","modified_gmt":"2026-04-15T23:25:42","slug":"gec-osmanlidan-gunumuze-modern-doga-bilimciligi","status":"publish","type":"product","link":"https:\/\/roveyayinevi.com.tr\/index.php\/urun\/gec-osmanlidan-gunumuze-modern-doga-bilimciligi\/","title":{"rendered":"Ge\u00e7 Osmanl\u0131&#8217;dan G\u00fcn\u00fcm\u00fcze Modern Do\u011fa Bilimcili\u011fi"},"content":{"rendered":"<p>Do\u011fa bilimlerinin sosyal bilimlerin inceleme nesnesi haline gelme s\u00fcreci,disiplinler aras\u0131 bir toplumsal bilim ve teknoloji \u00e7al\u0131\u015fmalar\u0131 alan\u0131na evrildi.Bu \u00e7al\u0131\u015fma alan\u0131nda eyleyen sosyologlar , antropologlar ve tarih\u00e7iler ,disiplinler aras\u0131 s\u0131n\u0131rlar\u0131 a\u015f\u0131nd\u0131ran pratikleriyle, hem bilimin bir kurum olmak s\u0131fat\u0131yla kurum tarihsel ba\u011flam\u0131n\u0131 hem do\u011fabilimsel bilgiyi \u00fcreten bilim toplulu\u011funu ve hem de do\u011fabilimsel bilgiyi \u00fcreten bilim toplulu\u011funu ve hem de bizzat bu bilginin kendisini sosyalbilimsel soru\u015fturmaya  a\u00e7t\u0131lar.Daha \u00f6nce Bilim Sosyolojisi \u0130ncelemeleri asl\u0131 \u00f6nc\u00fc \u00e7al\u0131\u015fmayla bu literat\u00fcrdeki teorik gelenekleri T\u00fcrk\u00e7e Okura tan\u0131\u015ft\u0131rm\u0131\u015f olan Do\u011fu Bat\u0131 Yay\u0131nlar\u0131, \u015fimdi de T\u00fcrkiye do\u011fa bilimleri \u00fczerine empirik sosyalbilimsel \u00e7al\u0131\u015fmalara ev sahipli\u011fi yap\u0131yor. Ge\u00e7 Osmanl\u0131 D\u00f6neminden erken Cumhuriyet&#8217;eve g\u00fcn\u00fcm\u00fcze gelen tarihsel sarmal i\u00e7erisinde T\u00fcrkiye do\u011fa bilimcili\u011finin halleri , paradigmatik d\u00f6n\u00fc\u015f\u00fcmleri ve pratiklerine dair tarihsel \/sosyolojik ara\u015ft\u0131rmalardan olu\u015fan elinizdeki \u00e7al\u0131\u015fmada yazarlar ayn\u0131 zamanda kesi\u015fimler ve imklanlar \u00fczerine de kafa yoruyorlar.Bu kitapla ba\u015flayan ve Bilim Toplum ve Tarih ba\u015fl\u0131\u011f\u0131 alt\u0131nda birikecek ara\u015ft\u0131rmalar dizisi , vakay\u0131n\u00fcvisten \u00f6te bir bilim tarih\u00e7ili\u011fini ve felsefi d\u00fc\u015f\u00fcn\u00fcmlerden \u00f6te bir bilim sosyolojisi prati\u011fi b\u00fcnyesinde bar\u0131nd\u0131ran  disiplinler aras\u0131 jestiyle , empirik modda \u00e7al\u0131\u015fan sosyalbilimsel bilim incelemelerine ev sahipli\u011fi yapmay\u0131 niyet ve taah\u00fct ediyor .<\/p>\n","protected":false},"excerpt":{"rendered":"<p>Do\u011fa bilimlerinin sosyal bilimlerin inceleme nesnesi haline gelme s\u00fcreci,disiplinler aras\u0131 bir toplumsal bilim ve teknoloji \u00e7al\u0131\u015fmalar\u0131 alan\u0131na evrildi.Bu \u00e7al\u0131\u015fma alan\u0131nda eyleyen sosyologlar , antropologlar ve tarih\u00e7iler<span class=\"excerpt-hellip\"> [\u2026]<\/span><\/p>\n","protected":false},"featured_media":0,"template":"","meta":{"_monsterinsights_skip_tracking":false,"_monsterinsights_sitenote_active":false,"_monsterinsights_sitenote_note":"","_monsterinsights_sitenote_category":0},"product_brand":[],"product_cat":[12370,12304],"product_tag":[],"class_list":{"0":"post-717290","1":"product","2":"type-product","3":"status-publish","5":"product_cat-arastirma-inceleme","6":"product_cat-tarih","7":"pa_cilt-ciltsiz","8":"pa_tur-kitap","9":"pa_yayinevi-dogu-bati-yayinlari","10":"pa_yazar-kolektif","12":"first","13":"instock","14":"sale","15":"shipping-taxable","16":"purchasable","17":"product-type-simple"},"_links":{"self":[{"href":"https:\/\/roveyayinevi.com.tr\/index.php\/wp-json\/wp\/v2\/product\/717290","targetHints":{"allow":["GET"]}}],"collection":[{"href":"https:\/\/roveyayinevi.com.tr\/index.php\/wp-json\/wp\/v2\/product"}],"about":[{"href":"https:\/\/roveyayinevi.com.tr\/index.php\/wp-json\/wp\/v2\/types\/product"}],"wp:attachment":[{"href":"https:\/\/roveyayinevi.com.tr\/index.php\/wp-json\/wp\/v2\/media?parent=717290"}],"wp:term":[{"taxonomy":"product_brand","embeddable":true,"href":"https:\/\/roveyayinevi.com.tr\/index.php\/wp-json\/wp\/v2\/product_brand?post=717290"},{"taxonomy":"product_cat","embeddable":true,"href":"https:\/\/roveyayinevi.com.tr\/index.php\/wp-json\/wp\/v2\/product_cat?post=717290"},{"taxonomy":"product_tag","embeddable":true,"href":"https:\/\/roveyayinevi.com.tr\/index.php\/wp-json\/wp\/v2\/product_tag?post=717290"}],"curies":[{"name":"wp","href":"https:\/\/api.w.org\/{rel}","templated":true}]}}