{"id":717288,"date":"2025-08-27T17:53:44","date_gmt":"2025-08-27T14:53:44","guid":{"rendered":"https:\/\/roveyayinevi.com.tr\/index.php\/urun\/islamdan-donenler-ve-yalanci-peygamberler\/"},"modified":"2026-04-16T02:25:42","modified_gmt":"2026-04-15T23:25:42","slug":"islamdan-donenler-ve-yalanci-peygamberler","status":"publish","type":"product","link":"https:\/\/roveyayinevi.com.tr\/index.php\/urun\/islamdan-donenler-ve-yalanci-peygamberler\/","title":{"rendered":"\u0130slamdan D\u00f6nenler ve Yalanc\u0131 Peygamberler"},"content":{"rendered":"<p>Her ger\u00e7ek peygamberin ya\u015fad\u0131\u011f\u0131 devirde onu taklit eden birka\u00e7 menfaat veya \u015f\u00f6hret d\u00fc\u015fk\u00fcn\u00fcn\u00fcn de peygamberlik iddias\u0131nda bulundu\u011fu bir ger\u00e7ektir. \u00d6zellikle tektanr\u0131l\u0131 bir dinin iyice yerle\u015fmi\u015f bulunmad\u0131\u011f\u0131 b\u00f6lgelerde ortaya \u00e7\u0131kan sahte peygamberler, cahil halk kitleleri i\u00e7inde kendilerine taraftar bulmakta g\u00fc\u00e7l\u00fck \u00e7ekmemi\u015flerdir. \u0130slamiyetin yay\u0131lmas\u0131 ve yerle\u015fmesi s\u0131ras\u0131nda da Arabistan\u2019\u0131n \u00e7e\u015fitli b\u00f6lgelerinde ortaya \u00e7\u0131km\u0131\u015f olan sahte peygamberler, \u0130slamiyeti b\u00fcy\u00fck g\u00fc\u00e7l\u00fcklerle kar\u015f\u0131 kar\u015f\u0131ya b\u0131rakm\u0131\u015ft\u0131r.  Bahriye \u00dc\u00e7ok, bu kitapta hicri 7. ve 11. y\u0131llar aras\u0131nda peygamberli\u011fini ilan edenlerin izlerini s\u00fcr\u00fcyor. Bunlardan Esved, Tuleyha, Sec\u00e2h ve M\u00fcseylime\u2019yi Bat\u0131l\u0131 oryantalistlerin ve \u0130slam \u00e2limlerinin eserlerinden de yaralanarak inceliyor. \u0130slamdan D\u00f6nenler ve Yalanc\u0131 Peygamberler, d\u00f6nemin toplumsal, sosyal ve ekonomik ko\u015fullar\u0131n\u0131 da g\u00f6z \u00f6n\u00fcne alarak sahte peygamberlerin \u0130slam tarihindeki yerini inceleyen ilk eser olma \u00f6zelli\u011fini ta\u015f\u0131yor. <\/p>\n","protected":false},"excerpt":{"rendered":"<p>Her ger\u00e7ek peygamberin ya\u015fad\u0131\u011f\u0131 devirde onu taklit eden birka\u00e7 menfaat veya \u015f\u00f6hret d\u00fc\u015fk\u00fcn\u00fcn\u00fcn de peygamberlik iddias\u0131nda bulundu\u011fu bir ger\u00e7ektir. \u00d6zellikle tektanr\u0131l\u0131 bir dinin iyice yerle\u015fmi\u015f bulunmad\u0131\u011f\u0131<span class=\"excerpt-hellip\"> [\u2026]<\/span><\/p>\n","protected":false},"featured_media":0,"template":"","meta":{"_monsterinsights_skip_tracking":false,"_monsterinsights_sitenote_active":false,"_monsterinsights_sitenote_note":"","_monsterinsights_sitenote_category":0},"product_brand":[],"product_cat":[12718,12719],"product_tag":[],"class_list":{"0":"post-717288","1":"product","2":"type-product","3":"status-publish","5":"product_cat-din","6":"product_cat-islam","7":"pa_cilt-ciltsiz","8":"pa_tur-kitap","9":"pa_yayinevi-kirmizi-kedi-yayinevi","10":"pa_yazar-bahriye-ucok","12":"first","13":"instock","14":"sale","15":"shipping-taxable","16":"purchasable","17":"product-type-simple"},"_links":{"self":[{"href":"https:\/\/roveyayinevi.com.tr\/index.php\/wp-json\/wp\/v2\/product\/717288","targetHints":{"allow":["GET"]}}],"collection":[{"href":"https:\/\/roveyayinevi.com.tr\/index.php\/wp-json\/wp\/v2\/product"}],"about":[{"href":"https:\/\/roveyayinevi.com.tr\/index.php\/wp-json\/wp\/v2\/types\/product"}],"wp:attachment":[{"href":"https:\/\/roveyayinevi.com.tr\/index.php\/wp-json\/wp\/v2\/media?parent=717288"}],"wp:term":[{"taxonomy":"product_brand","embeddable":true,"href":"https:\/\/roveyayinevi.com.tr\/index.php\/wp-json\/wp\/v2\/product_brand?post=717288"},{"taxonomy":"product_cat","embeddable":true,"href":"https:\/\/roveyayinevi.com.tr\/index.php\/wp-json\/wp\/v2\/product_cat?post=717288"},{"taxonomy":"product_tag","embeddable":true,"href":"https:\/\/roveyayinevi.com.tr\/index.php\/wp-json\/wp\/v2\/product_tag?post=717288"}],"curies":[{"name":"wp","href":"https:\/\/api.w.org\/{rel}","templated":true}]}}