{"id":717287,"date":"2025-08-27T17:53:43","date_gmt":"2025-08-27T14:53:43","guid":{"rendered":"https:\/\/roveyayinevi.com.tr\/index.php\/urun\/biz-annemizden-hic-boyle-gormedik\/"},"modified":"2026-04-16T02:25:42","modified_gmt":"2026-04-15T23:25:42","slug":"biz-annemizden-hic-boyle-gormedik","status":"publish","type":"product","link":"https:\/\/roveyayinevi.com.tr\/index.php\/urun\/biz-annemizden-hic-boyle-gormedik\/","title":{"rendered":"Biz Annemizden Hi\u00e7 B\u00f6yle G\u00f6rmedik"},"content":{"rendered":"<p>\u201cT\u00fcm zamanlar\u0131n en \u00fcnl\u00fc \u00e7ocuk uzman\u0131 n\u00fckleer silahlanmaya, \u015fava\u015flara kar\u015f\u0131 \u00e7\u0131kan, protestolara aktif olarak kat\u0131lan bir adamm\u0131\u015f. Acaba diyordum, \u00e7ocuk uzmanl\u0131\u011f\u0131 nesine yetmemi\u015f de bir de aktivist olmu\u015f? Me\u011fer sebebi, \u00e7ocuk yeti\u015ftirmenin anlam\u0131n\u0131 hepimizden daha iyi kavram\u0131\u015f olmas\u0131ym\u0131\u015f\u2026\u201d \u201cSilba\u015ftan anne olsayd\u0131m, ki\u015fisel geli\u015fimim i\u00e7in gere\u011finden fazla oyalanmaz, her alanda pedagojik ve sa\u011flam bir sistem talep etmek i\u00e7in g\u00fc\u00e7birli\u011fi arar, aktivist olurdum.\u201d G\u00fcl\u00fc\u015f T\u00fcrkmen, blogger olarak ba\u015flay\u0131p S\u00fcrd\u00fcr\u00fclebilir \u0130yi Ebeveynlik anlay\u0131\u015f\u0131n\u0131n kurgulanmas\u0131na uzanan ara\u015ft\u0131rmac\u0131 yazarl\u0131k yolculu\u011funu, g\u00fcn\u00fcm\u00fcz T\u00fcrkiye\u2019sinde \u00e7ocuklar\u0131n\u0131 b\u00fcy\u00fct\u00fcrken tuttu\u011fu ki\u015fisel, samimi notlar \u00fczerinden payla\u015f\u0131yor.<\/p>\n","protected":false},"excerpt":{"rendered":"<p>\u201cT\u00fcm zamanlar\u0131n en \u00fcnl\u00fc \u00e7ocuk uzman\u0131 n\u00fckleer silahlanmaya, \u015fava\u015flara kar\u015f\u0131 \u00e7\u0131kan, protestolara aktif olarak kat\u0131lan bir adamm\u0131\u015f. Acaba diyordum, \u00e7ocuk uzmanl\u0131\u011f\u0131 nesine yetmemi\u015f de bir de<span class=\"excerpt-hellip\"> [\u2026]<\/span><\/p>\n","protected":false},"featured_media":0,"template":"","meta":{"_monsterinsights_skip_tracking":false,"_monsterinsights_sitenote_active":false,"_monsterinsights_sitenote_note":"","_monsterinsights_sitenote_category":0},"product_brand":[],"product_cat":[12567,12566],"product_tag":[],"class_list":{"0":"post-717287","1":"product","2":"type-product","3":"status-publish","5":"product_cat-diger-egitim","6":"product_cat-egitim","7":"pa_cilt-ciltsiz","8":"pa_tur-kitap","9":"pa_yayinevi-yeni-insan-yayinlari","10":"pa_yazar-gulus-turkmen","12":"first","13":"instock","14":"sale","15":"shipping-taxable","16":"purchasable","17":"product-type-simple"},"_links":{"self":[{"href":"https:\/\/roveyayinevi.com.tr\/index.php\/wp-json\/wp\/v2\/product\/717287","targetHints":{"allow":["GET"]}}],"collection":[{"href":"https:\/\/roveyayinevi.com.tr\/index.php\/wp-json\/wp\/v2\/product"}],"about":[{"href":"https:\/\/roveyayinevi.com.tr\/index.php\/wp-json\/wp\/v2\/types\/product"}],"wp:attachment":[{"href":"https:\/\/roveyayinevi.com.tr\/index.php\/wp-json\/wp\/v2\/media?parent=717287"}],"wp:term":[{"taxonomy":"product_brand","embeddable":true,"href":"https:\/\/roveyayinevi.com.tr\/index.php\/wp-json\/wp\/v2\/product_brand?post=717287"},{"taxonomy":"product_cat","embeddable":true,"href":"https:\/\/roveyayinevi.com.tr\/index.php\/wp-json\/wp\/v2\/product_cat?post=717287"},{"taxonomy":"product_tag","embeddable":true,"href":"https:\/\/roveyayinevi.com.tr\/index.php\/wp-json\/wp\/v2\/product_tag?post=717287"}],"curies":[{"name":"wp","href":"https:\/\/api.w.org\/{rel}","templated":true}]}}