{"id":717286,"date":"2025-08-27T17:53:43","date_gmt":"2025-08-27T14:53:43","guid":{"rendered":"https:\/\/roveyayinevi.com.tr\/index.php\/urun\/dogamizin-iyilik-melekleri\/"},"modified":"2026-02-03T02:39:49","modified_gmt":"2026-02-02T23:39:49","slug":"dogamizin-iyilik-melekleri","status":"publish","type":"product","link":"https:\/\/roveyayinevi.com.tr\/index.php\/urun\/dogamizin-iyilik-melekleri\/","title":{"rendered":"Do\u011fam\u0131z\u0131n \u0130yilik Melekleri"},"content":{"rendered":"<p>\u201cYirminci y\u00fczy\u0131l tarihin en kanl\u0131 d\u00f6nemiydi\u201d iddias\u0131, ateizm, Darwin, devlet y\u00f6netimi, bilim, kapitalizm, kom\u00fcnizm, ilerleme ideali ve erkek cinsiyetin de aralar\u0131nda bulundu\u011fu pek \u00e7ok \u015feytan itham edilirken ba\u015fvurulan kli\u015felerden biri. Peki ama bu do\u011fru mu? Pinker tam tersini savunuyor. Avc\u0131-toplay\u0131c\u0131 toplumlar\u0131n, ilkel kabilelerin ya da \u201cdevletsiz topluluklar\u0131n\u201d insan \u00f6ld\u00fcrmeye daha az e\u011filimli olduklar\u0131 \u015feklindeki kli\u015fe, pek \u00e7ok istatistiksel veriyle \u00e7\u00fcr\u00fct\u00fcl\u00fcyor. Peki insan\u0131n do\u011fas\u0131 iyi mi k\u00f6t\u00fc m\u00fc? \u015eiddetin kayna\u011f\u0131 ekonomik e\u015fitsizlik mi? Yoksulluk artt\u0131k\u00e7a insanlar \u015fiddete daha m\u0131 e\u011filimli oluyorlar? Oysa 1960\u2019larda \u015fiddetin zirve yapt\u0131\u011f\u0131 d\u00f6nemde Bat\u0131 toplumlar\u0131nda e\u015fitsizlik katsay\u0131s\u0131 hi\u00e7 olmad\u0131\u011f\u0131 kadar minimumdayd\u0131. \u0130\u00e7imizdeki k\u00f6t\u00fcl\u00fc\u011f\u00fc a\u00e7\u0131\u011fa \u00e7\u0131karan e\u015fitsiz toplum mu yoksa do\u011fu\u015ftan m\u0131 k\u00f6t\u00fcy\u00fcz? Hobbes ile Rousseau aras\u0131ndaki y\u00fczy\u0131llard\u0131r s\u00fcren bu tart\u0131\u015fmay\u0131 Pinker bir \u00fcst boyuta ta\u015f\u0131yarak, modern analizlerle ayd\u0131nlat\u0131yor. H\u00fcmanist devrimin insan\u0131 ehlile\u015ftirdi\u011fini savunan Pinker, Ayd\u0131nlanman\u0131n insan\u0131n do\u011fas\u0131n\u0131n iyi taraf\u0131n\u0131 nas\u0131l ortaya \u00e7\u0131kard\u0131\u011f\u0131n\u0131 g\u00f6stererek, kimi Ayd\u0131nlanma d\u00fc\u015fmanlar\u0131n\u0131n sald\u0131r\u0131lar\u0131n\u0131n ge\u00e7ersizli\u011fini ispatl\u0131yor. \u201cOla\u011fan\u00fcst\u00fc \u00f6nemli bir kitap.\u201d The New York Times Book Review<\/p>\n","protected":false},"excerpt":{"rendered":"<p>\u201cYirminci y\u00fczy\u0131l tarihin en kanl\u0131 d\u00f6nemiydi\u201d iddias\u0131, ateizm, Darwin, devlet y\u00f6netimi, bilim, kapitalizm, kom\u00fcnizm, ilerleme ideali ve erkek cinsiyetin de aralar\u0131nda bulundu\u011fu pek \u00e7ok \u015feytan itham<span class=\"excerpt-hellip\"> [\u2026]<\/span><\/p>\n","protected":false},"featured_media":0,"template":"","meta":{"_monsterinsights_skip_tracking":false,"_monsterinsights_sitenote_active":false,"_monsterinsights_sitenote_note":"","_monsterinsights_sitenote_category":0},"product_brand":[],"product_cat":[13005,37328],"product_tag":[],"class_list":{"0":"post-717286","1":"product","2":"type-product","3":"status-publish","5":"product_cat-bilim-muhendislik","6":"product_cat-diger-bilim-muhendislik","7":"pa_cilt-ciltsiz","8":"pa_tur-kitap","9":"pa_yayinevi-alfa-yayinlari","10":"pa_yazar-steven-pinker","12":"first","13":"instock","14":"sale","15":"shipping-taxable","16":"purchasable","17":"product-type-simple"},"_links":{"self":[{"href":"https:\/\/roveyayinevi.com.tr\/index.php\/wp-json\/wp\/v2\/product\/717286","targetHints":{"allow":["GET"]}}],"collection":[{"href":"https:\/\/roveyayinevi.com.tr\/index.php\/wp-json\/wp\/v2\/product"}],"about":[{"href":"https:\/\/roveyayinevi.com.tr\/index.php\/wp-json\/wp\/v2\/types\/product"}],"wp:attachment":[{"href":"https:\/\/roveyayinevi.com.tr\/index.php\/wp-json\/wp\/v2\/media?parent=717286"}],"wp:term":[{"taxonomy":"product_brand","embeddable":true,"href":"https:\/\/roveyayinevi.com.tr\/index.php\/wp-json\/wp\/v2\/product_brand?post=717286"},{"taxonomy":"product_cat","embeddable":true,"href":"https:\/\/roveyayinevi.com.tr\/index.php\/wp-json\/wp\/v2\/product_cat?post=717286"},{"taxonomy":"product_tag","embeddable":true,"href":"https:\/\/roveyayinevi.com.tr\/index.php\/wp-json\/wp\/v2\/product_tag?post=717286"}],"curies":[{"name":"wp","href":"https:\/\/api.w.org\/{rel}","templated":true}]}}