{"id":717285,"date":"2025-08-27T17:53:42","date_gmt":"2025-08-27T14:53:42","guid":{"rendered":"https:\/\/roveyayinevi.com.tr\/index.php\/urun\/cemal-sureya-ask-gunu-dogdu\/"},"modified":"2026-04-16T02:25:42","modified_gmt":"2026-04-15T23:25:42","slug":"cemal-sureya-ask-gunu-dogdu","status":"publish","type":"product","link":"https:\/\/roveyayinevi.com.tr\/index.php\/urun\/cemal-sureya-ask-gunu-dogdu\/","title":{"rendered":"Cemal S\u00fcreya &#8211; A\u015fk G\u00fcn\u00fc Do\u011fdu"},"content":{"rendered":"<p>Cemal\u2019i sevmek, h\u00fcz\u00fcnle dostluktan, uzunhik\u00e2yeli a\u015fk ac\u0131s\u0131ndan ge\u00e7enlerin i\u015fidir. Cemal onu sevenlere, g\u00f6z\u00fcyle de\u011fil, ruhu ile bakmay\u0131 \u00f6\u011fretir. Cemal\u2019in trenleri vard\u0131. Lokomotifler dolusu ac\u0131, a\u015fk ve keder y\u00fckl\u00fc trenleri oldu daima&#8230;  Huzur arayana huzur, a\u015fk dili \u00f6\u011frenmek isteyene hoca, kederiyle ba\u015fa \u00e7\u0131kamayanlara omuz, a\u015fk\u0131n\u0131 s\u00f6yleyemeyenlere l\u00fcgatt\u0131.  Huzurdu Cemal. Huzuru arayan huzurdu Cemalettin. A\u015fk\u0131n i\u00e7ine hapseder pi\u015fman eder, pi\u015fman olurdu ama yine de severdi kendince. <\/p>\n","protected":false},"excerpt":{"rendered":"<p>Cemal\u2019i sevmek, h\u00fcz\u00fcnle dostluktan, uzunhik\u00e2yeli a\u015fk ac\u0131s\u0131ndan ge\u00e7enlerin i\u015fidir. Cemal onu sevenlere, g\u00f6z\u00fcyle de\u011fil, ruhu ile bakmay\u0131 \u00f6\u011fretir. Cemal\u2019in trenleri vard\u0131. Lokomotifler dolusu ac\u0131, a\u015fk ve<span class=\"excerpt-hellip\"> [\u2026]<\/span><\/p>\n","protected":false},"featured_media":0,"template":"","meta":{"_monsterinsights_skip_tracking":false,"_monsterinsights_sitenote_active":false,"_monsterinsights_sitenote_note":"","_monsterinsights_sitenote_category":0},"product_brand":[],"product_cat":[14009,12291],"product_tag":[],"class_list":{"0":"post-717285","1":"product","2":"type-product","3":"status-publish","5":"product_cat-biyografi-otobiyografi-edebiyat","6":"product_cat-edebiyat","7":"pa_cilt-ciltsiz","8":"pa_tur-kitap","9":"pa_yayinevi-dokuz-yayinlari","10":"pa_yazar-nazan-arisoy","12":"first","13":"instock","14":"sale","15":"shipping-taxable","16":"purchasable","17":"product-type-simple"},"_links":{"self":[{"href":"https:\/\/roveyayinevi.com.tr\/index.php\/wp-json\/wp\/v2\/product\/717285","targetHints":{"allow":["GET"]}}],"collection":[{"href":"https:\/\/roveyayinevi.com.tr\/index.php\/wp-json\/wp\/v2\/product"}],"about":[{"href":"https:\/\/roveyayinevi.com.tr\/index.php\/wp-json\/wp\/v2\/types\/product"}],"wp:attachment":[{"href":"https:\/\/roveyayinevi.com.tr\/index.php\/wp-json\/wp\/v2\/media?parent=717285"}],"wp:term":[{"taxonomy":"product_brand","embeddable":true,"href":"https:\/\/roveyayinevi.com.tr\/index.php\/wp-json\/wp\/v2\/product_brand?post=717285"},{"taxonomy":"product_cat","embeddable":true,"href":"https:\/\/roveyayinevi.com.tr\/index.php\/wp-json\/wp\/v2\/product_cat?post=717285"},{"taxonomy":"product_tag","embeddable":true,"href":"https:\/\/roveyayinevi.com.tr\/index.php\/wp-json\/wp\/v2\/product_tag?post=717285"}],"curies":[{"name":"wp","href":"https:\/\/api.w.org\/{rel}","templated":true}]}}