{"id":717284,"date":"2025-08-27T17:53:41","date_gmt":"2025-08-27T14:53:41","guid":{"rendered":"https:\/\/roveyayinevi.com.tr\/index.php\/urun\/frida-kalho\/"},"modified":"2026-04-16T02:25:42","modified_gmt":"2026-04-15T23:25:42","slug":"frida-kalho","status":"publish","type":"product","link":"https:\/\/roveyayinevi.com.tr\/index.php\/urun\/frida-kalho\/","title":{"rendered":"Frida Kalho"},"content":{"rendered":"<p>Ben k\u0131r\u0131k d\u00f6k\u00fck bedenimin i\u00e7inde kusursuz ruhumla hep \u00f6zg\u00fcrd\u00fcm. Hi\u00e7 esir olmad\u0131m d\u00fcnyaya ta ki Diego cehenneminde ya\u015farken, cennet kokusu huzuru ya\u015f\u0131yor taklidi yapas\u0131ya kadar. Diego, herkesin g\u00f6remedi\u011fi cennetini cehenneminde gizlemeyi ba\u015far\u0131rd\u0131. O gizemli cennetin varl\u0131\u011f\u0131n\u0131n kutsall\u0131\u011f\u0131 beni ona esir etmeyi ba\u015farm\u0131\u015ft\u0131. Pervanelerin etraf\u0131nda d\u00f6nerken \u00f6l\u00fcme u\u00e7tu\u011fu o \u0131\u015f\u0131k da benim, kutsal \u0131\u015f\u0131\u011f\u0131n etraf\u0131nda d\u00f6nen pervane de. A\u015fk\u00e7a konu\u015fmay\u0131 bilmeyenlere sa\u011f\u0131r, insanca ya\u015famay\u0131 ba\u015faramayanlara k\u00f6r\u00fcm. Kendi ritmimde k\u0131vrak danslarla hayat\u0131ma ne\u015fe ve \u00f6zg\u00fcrl\u00fck katmak benim i\u015fim. Ne kurban\u0131m, ne de katilim. \u0130nsan\u0131m ve olmas\u0131 gerekti\u011fi kadar \u00e7ingeneyim.   \u201cYine b\u00fcy\u00fck bir a\u015fk\u0131n pe\u015finde,  yine vazge\u00e7ilmezin d\u00fc\u015f\u00fcnde, kutluyorum.&#8221; Osman S\u0131nav<\/p>\n","protected":false},"excerpt":{"rendered":"<p>Ben k\u0131r\u0131k d\u00f6k\u00fck bedenimin i\u00e7inde kusursuz ruhumla hep \u00f6zg\u00fcrd\u00fcm. Hi\u00e7 esir olmad\u0131m d\u00fcnyaya ta ki Diego cehenneminde ya\u015farken, cennet kokusu huzuru ya\u015f\u0131yor taklidi yapas\u0131ya kadar. Diego,<span class=\"excerpt-hellip\"> [\u2026]<\/span><\/p>\n","protected":false},"featured_media":0,"template":"","meta":{"_monsterinsights_skip_tracking":false,"_monsterinsights_sitenote_active":false,"_monsterinsights_sitenote_note":"","_monsterinsights_sitenote_category":0},"product_brand":[],"product_cat":[14009,12291],"product_tag":[],"class_list":{"0":"post-717284","1":"product","2":"type-product","3":"status-publish","5":"product_cat-biyografi-otobiyografi-edebiyat","6":"product_cat-edebiyat","7":"pa_cilt-ciltsiz","8":"pa_tur-kitap","9":"pa_yayinevi-dokuz-yayinlari","10":"pa_yazar-nazan-arisoy","12":"first","13":"instock","14":"sale","15":"shipping-taxable","16":"purchasable","17":"product-type-simple"},"_links":{"self":[{"href":"https:\/\/roveyayinevi.com.tr\/index.php\/wp-json\/wp\/v2\/product\/717284","targetHints":{"allow":["GET"]}}],"collection":[{"href":"https:\/\/roveyayinevi.com.tr\/index.php\/wp-json\/wp\/v2\/product"}],"about":[{"href":"https:\/\/roveyayinevi.com.tr\/index.php\/wp-json\/wp\/v2\/types\/product"}],"wp:attachment":[{"href":"https:\/\/roveyayinevi.com.tr\/index.php\/wp-json\/wp\/v2\/media?parent=717284"}],"wp:term":[{"taxonomy":"product_brand","embeddable":true,"href":"https:\/\/roveyayinevi.com.tr\/index.php\/wp-json\/wp\/v2\/product_brand?post=717284"},{"taxonomy":"product_cat","embeddable":true,"href":"https:\/\/roveyayinevi.com.tr\/index.php\/wp-json\/wp\/v2\/product_cat?post=717284"},{"taxonomy":"product_tag","embeddable":true,"href":"https:\/\/roveyayinevi.com.tr\/index.php\/wp-json\/wp\/v2\/product_tag?post=717284"}],"curies":[{"name":"wp","href":"https:\/\/api.w.org\/{rel}","templated":true}]}}