{"id":717283,"date":"2025-08-27T17:53:41","date_gmt":"2025-08-27T14:53:41","guid":{"rendered":"https:\/\/roveyayinevi.com.tr\/index.php\/urun\/pirayede-nazim-olmak\/"},"modified":"2026-04-16T02:25:42","modified_gmt":"2026-04-15T23:25:42","slug":"pirayede-nazim-olmak","status":"publish","type":"product","link":"https:\/\/roveyayinevi.com.tr\/index.php\/urun\/pirayede-nazim-olmak\/","title":{"rendered":"Piraye&#8217;de Naz\u0131m Olmak"},"content":{"rendered":"<p>\u201cHep anlatt\u0131n\u0131z, hep yazd\u0131n\u0131z, iftira ettiniz, kendinizce yarg\u0131lad\u0131n\u0131z ama bana hi\u00e7 sormad\u0131n\u0131z. Naz\u0131m\u2019dan, e\u015finden, dostundan beni dinlediniz. Bende Naz\u0131m olmak ne demek hi\u00e7 anlamad\u0131n\u0131z. \u015eimdi s\u0131ra bende. \u201cHep anlatt\u0131n\u0131z, hep yazd\u0131n\u0131z, iftira ettiniz, kendinizce yarg\u0131lad\u0131n\u0131z ama bana hi\u00e7 sormad\u0131n\u0131z. Naz\u0131m\u2019dan, e\u015finden, dostundan beni dinlediniz. Bende Naz\u0131m olmak ne demek hi\u00e7 anlamad\u0131n\u0131z. \u015eimdi s\u0131ra bende. Sessiz \u00e7\u0131\u011fl\u0131klar\u0131m\u0131n yank\u0131lar\u0131 y\u00fcreklerinizi titretecek&#8230; Susmak yok art\u0131k. Hayk\u0131r\u0131yorum. Seni hudutsuzca seviyorum Naz\u0131m&#8230;\u201d <\/p>\n","protected":false},"excerpt":{"rendered":"<p>\u201cHep anlatt\u0131n\u0131z, hep yazd\u0131n\u0131z, iftira ettiniz, kendinizce yarg\u0131lad\u0131n\u0131z ama bana hi\u00e7 sormad\u0131n\u0131z. Naz\u0131m\u2019dan, e\u015finden, dostundan beni dinlediniz. Bende Naz\u0131m olmak ne demek hi\u00e7 anlamad\u0131n\u0131z. \u015eimdi s\u0131ra<span class=\"excerpt-hellip\"> [\u2026]<\/span><\/p>\n","protected":false},"featured_media":0,"template":"","meta":{"_monsterinsights_skip_tracking":false,"_monsterinsights_sitenote_active":false,"_monsterinsights_sitenote_note":"","_monsterinsights_sitenote_category":0},"product_brand":[],"product_cat":[14009,12291],"product_tag":[],"class_list":{"0":"post-717283","1":"product","2":"type-product","3":"status-publish","5":"product_cat-biyografi-otobiyografi-edebiyat","6":"product_cat-edebiyat","7":"pa_cilt-ciltsiz","8":"pa_tur-kitap","9":"pa_yayinevi-dokuz-yayinlari","10":"pa_yazar-nazan-arisoy","12":"first","13":"instock","14":"sale","15":"shipping-taxable","16":"purchasable","17":"product-type-simple"},"_links":{"self":[{"href":"https:\/\/roveyayinevi.com.tr\/index.php\/wp-json\/wp\/v2\/product\/717283","targetHints":{"allow":["GET"]}}],"collection":[{"href":"https:\/\/roveyayinevi.com.tr\/index.php\/wp-json\/wp\/v2\/product"}],"about":[{"href":"https:\/\/roveyayinevi.com.tr\/index.php\/wp-json\/wp\/v2\/types\/product"}],"wp:attachment":[{"href":"https:\/\/roveyayinevi.com.tr\/index.php\/wp-json\/wp\/v2\/media?parent=717283"}],"wp:term":[{"taxonomy":"product_brand","embeddable":true,"href":"https:\/\/roveyayinevi.com.tr\/index.php\/wp-json\/wp\/v2\/product_brand?post=717283"},{"taxonomy":"product_cat","embeddable":true,"href":"https:\/\/roveyayinevi.com.tr\/index.php\/wp-json\/wp\/v2\/product_cat?post=717283"},{"taxonomy":"product_tag","embeddable":true,"href":"https:\/\/roveyayinevi.com.tr\/index.php\/wp-json\/wp\/v2\/product_tag?post=717283"}],"curies":[{"name":"wp","href":"https:\/\/api.w.org\/{rel}","templated":true}]}}