{"id":717279,"date":"2025-08-27T17:53:38","date_gmt":"2025-08-27T14:53:38","guid":{"rendered":"https:\/\/roveyayinevi.com.tr\/index.php\/urun\/en-guzele-yurumek\/"},"modified":"2026-04-16T02:25:42","modified_gmt":"2026-04-15T23:25:42","slug":"en-guzele-yurumek","status":"publish","type":"product","link":"https:\/\/roveyayinevi.com.tr\/index.php\/urun\/en-guzele-yurumek\/","title":{"rendered":"En G\u00fczele Y\u00fcr\u00fcmek"},"content":{"rendered":"<p>\u00c7o\u011funlukla \u00f6ng\u00f6rd\u00fc\u011f\u00fcm\u00fcz, bekledi\u011fimiz gibi s\u00fcrmez ya\u015fam.Normal \u015fartlar alt\u0131nda (N\u015eA) kuramay\u0131z denklemimizi, fizik-kimya form\u00fcl\u00fc gibi.Her an ne\u015fe, \u00fcz\u00fcnt\u00fc, sevin\u00e7, ba\u015far\u0131, ve di\u011fer olumsuzluklara haz\u0131r\/haz\u0131rl\u0131kl\u0131 olmal\u0131y\u0131z.&#8221;Ya\u015fam Merdiveni\u201dnde yol al\u0131rken, &#8220;Ya\u015fam Donan\u0131mlar\u0131\u201dm\u0131zla kervan\u0131m\u0131z\u0131 dizebiliyorsak;&#8221;En g\u00fczele y\u00fcr\u00fcmek\u201d a\u015fk ve arzusuyla, farkl\u0131 sevdalarla, ya\u015fam\u0131m\u0131z\u0131 her y\u00f6n\u00fcyle daha anlaml\u0131 bir d\u00fczeye \u00e7\u0131karabiliriz.<\/p>\n","protected":false},"excerpt":{"rendered":"<p>\u00c7o\u011funlukla \u00f6ng\u00f6rd\u00fc\u011f\u00fcm\u00fcz, bekledi\u011fimiz gibi s\u00fcrmez ya\u015fam.Normal \u015fartlar alt\u0131nda (N\u015eA) kuramay\u0131z denklemimizi, fizik-kimya form\u00fcl\u00fc gibi.Her an ne\u015fe, \u00fcz\u00fcnt\u00fc, sevin\u00e7, ba\u015far\u0131, ve di\u011fer olumsuzluklara haz\u0131r\/haz\u0131rl\u0131kl\u0131 olmal\u0131y\u0131z.&#8221;Ya\u015fam Merdiveni\u201dnde yol<span class=\"excerpt-hellip\"> [\u2026]<\/span><\/p>\n","protected":false},"featured_media":0,"template":"","meta":{"_monsterinsights_skip_tracking":false,"_monsterinsights_sitenote_active":false,"_monsterinsights_sitenote_note":"","_monsterinsights_sitenote_category":0},"product_brand":[],"product_cat":[12777,12291],"product_tag":[],"class_list":{"0":"post-717279","1":"product","2":"type-product","3":"status-publish","5":"product_cat-deneme","6":"product_cat-edebiyat","7":"pa_cilt-ciltsiz","8":"pa_tur-kitap","9":"pa_yayinevi-omca-yayinlari","10":"pa_yazar-ali-riza-malkoc","12":"first","13":"instock","14":"sale","15":"shipping-taxable","16":"purchasable","17":"product-type-simple"},"_links":{"self":[{"href":"https:\/\/roveyayinevi.com.tr\/index.php\/wp-json\/wp\/v2\/product\/717279","targetHints":{"allow":["GET"]}}],"collection":[{"href":"https:\/\/roveyayinevi.com.tr\/index.php\/wp-json\/wp\/v2\/product"}],"about":[{"href":"https:\/\/roveyayinevi.com.tr\/index.php\/wp-json\/wp\/v2\/types\/product"}],"wp:attachment":[{"href":"https:\/\/roveyayinevi.com.tr\/index.php\/wp-json\/wp\/v2\/media?parent=717279"}],"wp:term":[{"taxonomy":"product_brand","embeddable":true,"href":"https:\/\/roveyayinevi.com.tr\/index.php\/wp-json\/wp\/v2\/product_brand?post=717279"},{"taxonomy":"product_cat","embeddable":true,"href":"https:\/\/roveyayinevi.com.tr\/index.php\/wp-json\/wp\/v2\/product_cat?post=717279"},{"taxonomy":"product_tag","embeddable":true,"href":"https:\/\/roveyayinevi.com.tr\/index.php\/wp-json\/wp\/v2\/product_tag?post=717279"}],"curies":[{"name":"wp","href":"https:\/\/api.w.org\/{rel}","templated":true}]}}