{"id":717278,"date":"2025-08-27T17:53:38","date_gmt":"2025-08-27T14:53:38","guid":{"rendered":"https:\/\/roveyayinevi.com.tr\/index.php\/urun\/dini-hayatin-ilk-bicimleri\/"},"modified":"2026-04-16T02:25:42","modified_gmt":"2026-04-15T23:25:42","slug":"dini-hayatin-ilk-bicimleri","status":"publish","type":"product","link":"https:\/\/roveyayinevi.com.tr\/index.php\/urun\/dini-hayatin-ilk-bicimleri\/","title":{"rendered":"Dini Hayat\u0131n \u0130lk Bi\u00e7imleri"},"content":{"rendered":"<p>Bu kitap, Sosyoloji disiplininin kurucular\u0131ndan \u00c9mile Durkheim\u2019\u0131n sosyolojizm ekol\u00fcn\u00fcn s\u0131n\u0131rlar\u0131n\u0131 belirlemeye \u00e7al\u0131\u015ft\u0131\u011f\u0131 \u00fc\u00e7 b\u00fcy\u00fck eserinin en \u00f6nemlisidir. Toplumsal \u0130\u015fb\u00f6l\u00fcm\u00fc ve \u0130ntihar isimli ilk iki eserinde toplumun, b\u00fct\u00fcn kurumlar\u0131, d\u00fc\u015f\u00fcnce tarzlar\u0131n\u0131 ve d\u00fczeni belirleyen etkili ve yetkili g\u00fc\u00e7 oldu\u011funu ortaya koyarken bu eserinde dini de nihayetinde toplumun bir i\u015flevi, toplum i\u00e7in var olan en \u00f6nemli ve belirleyici kurum olarak tan\u0131mlar. \u00c7a\u011fda\u015f\u0131 bir\u00e7ok sosyologdan farkl\u0131 olarak dini hurafeler y\u0131\u011f\u0131n\u0131 deyip ge\u00e7i\u015ftirmemi\u015ftir Durkheim. Toplumdaki i\u015flevlerini b\u00fcy\u00fck bir ciddiyetle ve g\u00fcndelik hayata yans\u0131malar\u0131yla birlikte detayl\u0131 bi\u00e7imde izlemeye \u00e7al\u0131\u015fm\u0131\u015ft\u0131r. Tarihsel s\u00fcre\u00e7 boyunca say\u0131s\u0131z k\u00fclt\u00fcrel ba\u011flam i\u00e7inde farkl\u0131 bir\u00e7ok forma b\u00fcr\u00fcnd\u00fc\u011f\u00fc i\u00e7in temel halinden sapm\u0131\u015f olan modern dinlerden yola \u00e7\u0131karak din olgusunun anla\u015f\u0131lamayaca\u011f\u0131 tezinden hareket eder. Ona g\u00f6re k\u00f6keni, tan\u0131m\u0131 ve temel karakteristi\u011fiyle din olgusunu anlamam\u0131z\u0131 m\u00fcmk\u00fcn k\u0131lacak yol, dinsel d\u00fc\u015f\u00fcnce ve prati\u011fin g\u00f6zlemlenebilir, incelenebilir en basit, ilksel bi\u00e7imlerine inebilmekten ge\u00e7er. Acaba binlerce y\u0131l \u00f6nce do\u011fmu\u015f olan dinin bu ilk bi\u00e7imini g\u00f6rebilir miyiz? Durkheim, hen\u00fcz medeniyetle tan\u0131\u015fmam\u0131\u015f olan ve ilkel bir hayat s\u00fcrd\u00fcren Avustralya kabilelerinin dinlerinin de en az etkile\u015fime maruz kald\u0131\u011f\u0131 i\u00e7in ilk hallerini korudu\u011fu varsay\u0131m\u0131n\u0131 kitap boyunca temel alm\u0131\u015ft\u0131r. Dinsel d\u00fc\u015f\u00fcncenin k\u00f6keniyle ilgili kendine \u00f6zg\u00fc bu y\u00f6ntemi tart\u0131\u015f\u0131lmay\u0131 hak ediyor ku\u015fkusuz. Kitap boyunca tart\u0131\u015f\u0131lan kutsal ve profan ayr\u0131m\u0131 ile totemik ilkeyi toplumla \u00f6zde\u015fle\u015ftiren yakla\u015f\u0131m\u0131 Durkheim\u2019in din sosyolojisinin \u00f6zg\u00fcn yanlar\u0131n\u0131 olu\u015fturur.<\/p>\n","protected":false},"excerpt":{"rendered":"<p>Bu kitap, Sosyoloji disiplininin kurucular\u0131ndan \u00c9mile Durkheim\u2019\u0131n sosyolojizm ekol\u00fcn\u00fcn s\u0131n\u0131rlar\u0131n\u0131 belirlemeye \u00e7al\u0131\u015ft\u0131\u011f\u0131 \u00fc\u00e7 b\u00fcy\u00fck eserinin en \u00f6nemlisidir. Toplumsal \u0130\u015fb\u00f6l\u00fcm\u00fc ve \u0130ntihar isimli ilk iki eserinde toplumun,<span class=\"excerpt-hellip\"> [\u2026]<\/span><\/p>\n","protected":false},"featured_media":0,"template":"","meta":{"_monsterinsights_skip_tracking":false,"_monsterinsights_sitenote_active":false,"_monsterinsights_sitenote_note":"","_monsterinsights_sitenote_category":0},"product_brand":[],"product_cat":[12835,12324],"product_tag":[],"class_list":{"0":"post-717278","1":"product","2":"type-product","3":"status-publish","5":"product_cat-genel-sosyoloji","6":"product_cat-sosyoloji","7":"pa_cilt-ciltsiz","8":"pa_tur-kitap","9":"pa_yayinevi-atac-yayinlari","10":"pa_yazar-emile-durkheim","12":"first","13":"instock","14":"sale","15":"shipping-taxable","16":"purchasable","17":"product-type-simple"},"_links":{"self":[{"href":"https:\/\/roveyayinevi.com.tr\/index.php\/wp-json\/wp\/v2\/product\/717278","targetHints":{"allow":["GET"]}}],"collection":[{"href":"https:\/\/roveyayinevi.com.tr\/index.php\/wp-json\/wp\/v2\/product"}],"about":[{"href":"https:\/\/roveyayinevi.com.tr\/index.php\/wp-json\/wp\/v2\/types\/product"}],"wp:attachment":[{"href":"https:\/\/roveyayinevi.com.tr\/index.php\/wp-json\/wp\/v2\/media?parent=717278"}],"wp:term":[{"taxonomy":"product_brand","embeddable":true,"href":"https:\/\/roveyayinevi.com.tr\/index.php\/wp-json\/wp\/v2\/product_brand?post=717278"},{"taxonomy":"product_cat","embeddable":true,"href":"https:\/\/roveyayinevi.com.tr\/index.php\/wp-json\/wp\/v2\/product_cat?post=717278"},{"taxonomy":"product_tag","embeddable":true,"href":"https:\/\/roveyayinevi.com.tr\/index.php\/wp-json\/wp\/v2\/product_tag?post=717278"}],"curies":[{"name":"wp","href":"https:\/\/api.w.org\/{rel}","templated":true}]}}