{"id":717277,"date":"2025-08-27T17:53:37","date_gmt":"2025-08-27T14:53:37","guid":{"rendered":"https:\/\/roveyayinevi.com.tr\/index.php\/urun\/serguzest-i-istanbul\/"},"modified":"2025-11-21T05:12:53","modified_gmt":"2025-11-21T02:12:53","slug":"serguzest-i-istanbul","status":"publish","type":"product","link":"https:\/\/roveyayinevi.com.tr\/index.php\/urun\/serguzest-i-istanbul\/","title":{"rendered":"Serg\u00fcze\u015ft-i \u0130stanbul"},"content":{"rendered":"<p>Elinizde tuttu\u011funuz, as\u0131rlar boyunca farkl\u0131 hayatlar\u0131n farkl\u0131 maceralar\u0131n ya\u015fand\u0131\u011f\u0131 bir \u0130stanbul kitab\u0131. An\u0131tlarla dolu Bizans \u0130stanbul\u2019unda hemen b\u00fct\u00fcn seyyahlar\u0131n ilgisini \u00e7eken alt\u0131n yelekli adam heykeli vard\u0131r. D\u00fcnyan\u0131n t\u00fcm servetinin dolup bo\u015fald\u0131\u011f\u0131 \u015fehirdeki bu heykelin alt\u0131nda, \u201cBir sene bu \u015fehirde kal\u0131rsan, sen de benim gibi alt\u0131n bir yelek giyebilirsin\u201d yazar. Bu k\u0131sa c\u00fcmle ta\u015f\u0131 topra\u011f\u0131 alt\u0131n \u0130stanbul\u2019un cazibesinin y\u00fcz y\u0131llar \u00f6ncesine kadar gitti\u011finin delidir. Bu \u015fehirde do\u011fan, bu \u015fehirde var olan hemen herkesin maceras\u0131 di\u011ferlerinden farkl\u0131 olmu\u015f, bu \u015fehirden hemen her ge\u00e7en arkas\u0131nda farkl\u0131 izler farkl\u0131 eserler b\u0131rakm\u0131\u015ft\u0131r. Bu kitapta as\u0131rlar boyunca bu \u015fehirden gelip ge\u00e7mi\u015f, hala varl\u0131\u011f\u0131n\u0131 s\u00fcrd\u00fcrmeye \u00e7al\u0131\u015fan, eserler b\u0131rakan, var olanlar\u0131 ya\u015fatmaya \u00e7al\u0131\u015fan farkl\u0131 dinlerden ve dillerden onlarca insan\u0131n ve yap\u0131n\u0131n hikayesini dinleyeceksiniz. Kimi zaman Bebek\u2019ten Samatya\u2019ya, Galata\u2019dan Balat\u2019a semt semt gezip yal\u0131lar\u0131n, konaklar\u0131n, kiliselerin ve camilerin izini s\u00fcrecek, kimi zaman fakir bir bezciyken Sultan \u0130kinci Mahmud\u2019un servetini y\u00f6neten Kazaz Artin\u2019in yahut Rus \u0130\u015fgaline kar\u015f\u0131 \u0130stanbul\u2019u savunan Sultan Abd\u00fclhamid\u2019in Mare\u015fal\u0131 Deli Fuat Pa\u015fa\u2019n\u0131n maceral\u0131 ya\u015famlar\u0131na \u015fahit olacaks\u0131n\u0131z. <\/p>\n","protected":false},"excerpt":{"rendered":"<p>Elinizde tuttu\u011funuz, as\u0131rlar boyunca farkl\u0131 hayatlar\u0131n farkl\u0131 maceralar\u0131n ya\u015fand\u0131\u011f\u0131 bir \u0130stanbul kitab\u0131. An\u0131tlarla dolu Bizans \u0130stanbul\u2019unda hemen b\u00fct\u00fcn seyyahlar\u0131n ilgisini \u00e7eken alt\u0131n yelekli adam heykeli vard\u0131r.<span class=\"excerpt-hellip\"> [\u2026]<\/span><\/p>\n","protected":false},"featured_media":0,"template":"","meta":{"_monsterinsights_skip_tracking":false,"_monsterinsights_sitenote_active":false,"_monsterinsights_sitenote_note":"","_monsterinsights_sitenote_category":0},"product_brand":[],"product_cat":[13946,12304],"product_tag":[],"class_list":{"0":"post-717277","1":"product","2":"type-product","3":"status-publish","5":"product_cat-biyografi-otobiyografi","6":"product_cat-tarih","7":"pa_cilt-ciltsiz","8":"pa_tur-kitap","9":"pa_yayinevi-yeditepe-yayinevi","10":"pa_yazar-saro-dadyan","12":"first","13":"instock","14":"sale","15":"shipping-taxable","16":"purchasable","17":"product-type-simple"},"_links":{"self":[{"href":"https:\/\/roveyayinevi.com.tr\/index.php\/wp-json\/wp\/v2\/product\/717277","targetHints":{"allow":["GET"]}}],"collection":[{"href":"https:\/\/roveyayinevi.com.tr\/index.php\/wp-json\/wp\/v2\/product"}],"about":[{"href":"https:\/\/roveyayinevi.com.tr\/index.php\/wp-json\/wp\/v2\/types\/product"}],"wp:attachment":[{"href":"https:\/\/roveyayinevi.com.tr\/index.php\/wp-json\/wp\/v2\/media?parent=717277"}],"wp:term":[{"taxonomy":"product_brand","embeddable":true,"href":"https:\/\/roveyayinevi.com.tr\/index.php\/wp-json\/wp\/v2\/product_brand?post=717277"},{"taxonomy":"product_cat","embeddable":true,"href":"https:\/\/roveyayinevi.com.tr\/index.php\/wp-json\/wp\/v2\/product_cat?post=717277"},{"taxonomy":"product_tag","embeddable":true,"href":"https:\/\/roveyayinevi.com.tr\/index.php\/wp-json\/wp\/v2\/product_tag?post=717277"}],"curies":[{"name":"wp","href":"https:\/\/api.w.org\/{rel}","templated":true}]}}