{"id":717275,"date":"2025-08-27T17:53:36","date_gmt":"2025-08-27T14:53:36","guid":{"rendered":"https:\/\/roveyayinevi.com.tr\/index.php\/urun\/altin-kiskacli-yengec-tentenin-maceralari-9\/"},"modified":"2026-04-16T02:25:42","modified_gmt":"2026-04-15T23:25:42","slug":"altin-kiskacli-yengec-tentenin-maceralari-9","status":"publish","type":"product","link":"https:\/\/roveyayinevi.com.tr\/index.php\/urun\/altin-kiskacli-yengec-tentenin-maceralari-9\/","title":{"rendered":"Alt\u0131n K\u0131ska\u00e7l\u0131 Yenge\u00e7 &#8211; Tenten&#8217;in Maceralar\u0131 9"},"content":{"rendered":"<p>Yirminci y\u00fczy\u0131l Avrupa \u00e7izgi romanlar\u0131n\u0131n en \u00fcnl\u00fcleri aras\u0131nda say\u0131lan Tenten\u2019in Maceralar\u0131 b\u00fct\u00fcn d\u00fcnyada bilinen ve zevkle okunan bir macera dizisi. \u00c7izer George Remi, di\u011fer ismiyle Herg\u00e9\u2019nin ba\u015fya62 ,p\u0131t\u0131 say\u0131lan bu \u00e7izgi roman heyecan, mizah ve ince ayr\u0131nt\u0131larla dolu sayfalar\u0131yla okurlar\u0131na d\u00fcnyay\u0131 dola\u015ft\u0131r\u0131yor. Bel\u00e7ikal\u0131 bir gazeteci olan Tenten, k\u00f6pe\u011fi Milu\u2019yla birlikte \u00e7\u0131kt\u0131\u011f\u0131 her tehlikeli ser\u00fcvende kahramanca i\u015flere imza atar. D\u00fcnyan\u0131n her yerine, hatta Ay\u2019a bile gider. D\u00fc\u015ft\u00fc\u011f\u00fc tehlikeli durumlardan zek\u00e2s\u0131 ve \u015fans\u0131yla kurtulur. Dizinin farkl\u0131 kitaplar\u0131nda Tenten\u2019e alayc\u0131 ve kaba ki\u015fili\u011fiyle Kaptan Haddok, icatlar\u0131yla Profes\u00f6r Turn\u00f6sol ve sakar dedektifler Dupond ve Dupont e\u015flik eder. Ger\u00e7ek ya da kurgusal bir mek\u00e2nda, m\u00fckemmel ayr\u0131nt\u0131larla anlat\u0131lan ser\u00fcvenler Herg\u00e9\u2019nin kusursuz \u00e7izgileriyle birle\u015ferek bir \u00e7izgi romandan fazlas\u0131n\u0131 veriyor. <\/p>\n","protected":false},"excerpt":{"rendered":"<p>Yirminci y\u00fczy\u0131l Avrupa \u00e7izgi romanlar\u0131n\u0131n en \u00fcnl\u00fcleri aras\u0131nda say\u0131lan Tenten\u2019in Maceralar\u0131 b\u00fct\u00fcn d\u00fcnyada bilinen ve zevkle okunan bir macera dizisi. \u00c7izer George Remi, di\u011fer ismiyle Herg\u00e9\u2019nin<span class=\"excerpt-hellip\"> [\u2026]<\/span><\/p>\n","protected":false},"featured_media":0,"template":"","meta":{"_monsterinsights_skip_tracking":false,"_monsterinsights_sitenote_active":false,"_monsterinsights_sitenote_note":"","_monsterinsights_sitenote_category":0},"product_brand":[],"product_cat":[12689,12274],"product_tag":[],"class_list":{"0":"post-717275","1":"product","2":"type-product","3":"status-publish","5":"product_cat-cizgi-roman-cocuk-ve-genclik-kitaplari","6":"product_cat-cocuk-ve-genclik-kitaplari","7":"pa_cilt-ciltsiz","8":"pa_tur-kitap","9":"pa_yayinevi-alfa-yayinlari","10":"pa_yazar-herge","12":"first","13":"instock","14":"sale","15":"shipping-taxable","16":"purchasable","17":"product-type-simple"},"_links":{"self":[{"href":"https:\/\/roveyayinevi.com.tr\/index.php\/wp-json\/wp\/v2\/product\/717275","targetHints":{"allow":["GET"]}}],"collection":[{"href":"https:\/\/roveyayinevi.com.tr\/index.php\/wp-json\/wp\/v2\/product"}],"about":[{"href":"https:\/\/roveyayinevi.com.tr\/index.php\/wp-json\/wp\/v2\/types\/product"}],"wp:attachment":[{"href":"https:\/\/roveyayinevi.com.tr\/index.php\/wp-json\/wp\/v2\/media?parent=717275"}],"wp:term":[{"taxonomy":"product_brand","embeddable":true,"href":"https:\/\/roveyayinevi.com.tr\/index.php\/wp-json\/wp\/v2\/product_brand?post=717275"},{"taxonomy":"product_cat","embeddable":true,"href":"https:\/\/roveyayinevi.com.tr\/index.php\/wp-json\/wp\/v2\/product_cat?post=717275"},{"taxonomy":"product_tag","embeddable":true,"href":"https:\/\/roveyayinevi.com.tr\/index.php\/wp-json\/wp\/v2\/product_tag?post=717275"}],"curies":[{"name":"wp","href":"https:\/\/api.w.org\/{rel}","templated":true}]}}