{"id":717274,"date":"2025-08-27T17:53:35","date_gmt":"2025-08-27T14:53:35","guid":{"rendered":"https:\/\/roveyayinevi.com.tr\/index.php\/urun\/hitler-canavarin-ardindaki-adam-ciltli\/"},"modified":"2026-04-16T02:25:42","modified_gmt":"2026-04-15T23:25:42","slug":"hitler-canavarin-ardindaki-adam-ciltli","status":"publish","type":"product","link":"https:\/\/roveyayinevi.com.tr\/index.php\/urun\/hitler-canavarin-ardindaki-adam-ciltli\/","title":{"rendered":"Hitler &#8211; Canavar\u0131n Ard\u0131ndaki Adam (Ciltli)"},"content":{"rendered":"<p>Adolf Hitler, Alman aile yap\u0131s\u0131n\u0131 \u015fekillendirme s\u00fcrecinde kendi ailesinden ne derece etkilendi? Kendisinin sanata dair g\u00f6r\u00fc\u015fleri bir ulusun mimari anlay\u0131\u015f\u0131n\u0131 nas\u0131l etkileyebildi? Hitabet becerisini nas\u0131l ke\u015ffetti? Propaganda \u0130kinci D\u00fcnya Sava\u015f\u0131\u2019nda nas\u0131l Hitler\u2019in en tehlikeli silah\u0131 h\u00e2line geldi? Sava\u015f\u0131 idare etme \u015fekli ve Alman komuta kademesiyle ili\u015fkisi, hen\u00fcz s\u0131radan bir askerken sahip oldu\u011fu \u201csiper bak\u0131\u015f a\u00e7\u0131s\u0131\u201dn\u0131n miras\u0131 m\u0131yd\u0131? Michael Kerrigan t\u00fcm bu sorulara yan\u0131t aramakla kalm\u0131yor, okuyucuyu ayr\u0131ca Hitler\u2019in d\u00fcnya tarihini temellerinden sarsan f\u0131rt\u0131nal\u0131 hayat\u0131nda soluksuz bir maceraya davet ediyor. Bu macerada hem dram hem de gerilim b\u00fct\u00fcn ac\u0131mas\u0131zl\u0131\u011f\u0131yla kendini hissettiriyor; sava\u015f boyunca askerlerin ve halk\u0131n i\u00e7inde bulundu\u011fu ruh h\u00e2li a\u00e7\u0131k bir bi\u00e7imde g\u00f6r\u00fclebiliyor.Kitab\u0131n en \u00e7arp\u0131c\u0131 taraf\u0131; ya\u015fanan soyk\u0131r\u0131m ve sava\u015f\u0131n deh\u015feti taraf\u0131ndan g\u00f6lgelenen Hitler&#8217;in i\u00e7 d\u00fcnyas\u0131n\u0131, sanata olan d\u00fc\u015fk\u00fcnl\u00fc\u011f\u00fcn\u00fc, \u00e7ocuklu\u011funu, aile ya\u015fam\u0131n\u0131, okul arkada\u015flar\u0131n\u0131, \u00f6\u011fretmenlerini, kad\u0131nlarla olan ili\u015fkisini ve etten kemikten bir insan olan &#8220;di\u011fer&#8221; Hitler&#8217;i \u00f6n plana \u00e7\u0131karmas\u0131&#8230; Zira bunlar\u0131n Hitler\u2019i Hitler yapan s\u00fcrece etkisi, yads\u0131namayacak kadar b\u00fcy\u00fck bir \u00f6nem arz etmekte.&#8221;H\u0130TLER: Canavar\u0131n Ard\u0131ndaki Adam&#8221;, i\u00e7erdi\u011fi 180 adet \u00e7izim, foto\u011fraf ve resimle t\u00fcm okurlara ger\u00e7ek bir belgesel heyecan\u0131 sunuyor.<\/p>\n","protected":false},"excerpt":{"rendered":"<p>Adolf Hitler, Alman aile yap\u0131s\u0131n\u0131 \u015fekillendirme s\u00fcrecinde kendi ailesinden ne derece etkilendi? Kendisinin sanata dair g\u00f6r\u00fc\u015fleri bir ulusun mimari anlay\u0131\u015f\u0131n\u0131 nas\u0131l etkileyebildi? Hitabet becerisini nas\u0131l ke\u015ffetti?<span class=\"excerpt-hellip\"> [\u2026]<\/span><\/p>\n","protected":false},"featured_media":0,"template":"","meta":{"_monsterinsights_skip_tracking":false,"_monsterinsights_sitenote_active":false,"_monsterinsights_sitenote_note":"","_monsterinsights_sitenote_category":0},"product_brand":[],"product_cat":[12305,12304],"product_tag":[],"class_list":{"0":"post-717274","1":"product","2":"type-product","3":"status-publish","5":"product_cat-dunya-tarihi","6":"product_cat-tarih","7":"pa_cilt-ciltli","8":"pa_tur-kitap","9":"pa_yayinevi-kronik-kitap","10":"pa_yazar-michael-kerrigan","12":"first","13":"instock","14":"sale","15":"shipping-taxable","16":"purchasable","17":"product-type-simple"},"_links":{"self":[{"href":"https:\/\/roveyayinevi.com.tr\/index.php\/wp-json\/wp\/v2\/product\/717274","targetHints":{"allow":["GET"]}}],"collection":[{"href":"https:\/\/roveyayinevi.com.tr\/index.php\/wp-json\/wp\/v2\/product"}],"about":[{"href":"https:\/\/roveyayinevi.com.tr\/index.php\/wp-json\/wp\/v2\/types\/product"}],"wp:attachment":[{"href":"https:\/\/roveyayinevi.com.tr\/index.php\/wp-json\/wp\/v2\/media?parent=717274"}],"wp:term":[{"taxonomy":"product_brand","embeddable":true,"href":"https:\/\/roveyayinevi.com.tr\/index.php\/wp-json\/wp\/v2\/product_brand?post=717274"},{"taxonomy":"product_cat","embeddable":true,"href":"https:\/\/roveyayinevi.com.tr\/index.php\/wp-json\/wp\/v2\/product_cat?post=717274"},{"taxonomy":"product_tag","embeddable":true,"href":"https:\/\/roveyayinevi.com.tr\/index.php\/wp-json\/wp\/v2\/product_tag?post=717274"}],"curies":[{"name":"wp","href":"https:\/\/api.w.org\/{rel}","templated":true}]}}