{"id":717273,"date":"2025-08-27T17:53:35","date_gmt":"2025-08-27T14:53:35","guid":{"rendered":"https:\/\/roveyayinevi.com.tr\/index.php\/urun\/kazim-karabekir-ittihat-ve-terakki-cemiyeti\/"},"modified":"2026-04-16T02:25:42","modified_gmt":"2026-04-15T23:25:42","slug":"kazim-karabekir-ittihat-ve-terakki-cemiyeti","status":"publish","type":"product","link":"https:\/\/roveyayinevi.com.tr\/index.php\/urun\/kazim-karabekir-ittihat-ve-terakki-cemiyeti\/","title":{"rendered":"Kaz\u0131m Karabekir &#8211; \u0130ttihat ve Terakki Cemiyeti"},"content":{"rendered":"<p>\u0130ttihat ve terraki cemiyeti\u2019nin birinci elden yaz\u0131lm\u0131\u015f tarihi\u2026\u201c\u2026Vatanseverlerin y\u0131llardan beri ruhuna sinmi\u015f olan h\u00fcrriyet duygular\u0131 bir ideal halinde yeniden tebell\u00fcr etmi\u015f [a\u00e7\u0131\u011fa \u00e7\u0131km\u0131\u015f] ve milletin faal, fikirli, fedak\u00e2r, faziletli ve feragatli evlatlar\u0131n\u0131 b\u00fcy\u00fck bir h\u0131zla birbirine ba\u011flayarak tehlikenin kar\u015f\u0131s\u0131na dikmi\u015ftir. \u0130\u015fte bu kayna\u015fma neticesinde memleketin hakiki sahibinin sadece padi\u015fah ve bendeleri de\u011fil, onu kan\u0131 pahas\u0131na kazanan ve korumaya \u00e7al\u0131\u015fan millet oldu\u011funu fiiliyat sahas\u0131nda ispat etmek maksad\u0131yla kurulan cemiyet \u0130ttihat ve Terakki\u2019dir.\u201dKaz\u0131m KarabekirT\u00fcrk askeri ve siyasi tarihinin unutulmaz \u015fahsiyetlerinden biri olan K\u00e2z\u0131m Karabekir\u2019e dair serimiz, yine kendisinin kaleme ald\u0131\u011f\u0131 kaynak bir eserle devam ediyor. 66 y\u0131ll\u0131k \u00f6mr\u00fc boyunca kritik d\u00f6nemlerde en hassas olaylar\u0131n i\u00e7erisinde yer alan K\u00e2z\u0131m Karabekir, Osmanl\u0131 \u0130mparatorlu\u011fu\u2019nun son y\u0131llar\u0131na damga vuran \u0130ttihat ve Terakki Cemiyeti\u2019nin tarihine \u0131\u015f\u0131k tutuyor.Asker\u00ee tarih\u00e7i &#8211; yazar Erhan \u00c7ifci\u2019nin editoryal katk\u0131lar\u0131yla haz\u0131rlanan bu eserde \u0130ttihat ve Terakki Cemiyeti\u2019nin \u00f6nemli \u00fcyelerinden biri olan Karabekir, Cemiyet\u2019in asker\u00ee ve siyasi kanatlar\u0131n\u0131n nas\u0131l kurulduklar\u0131na dair \u00e7ok ilgin\u00e7 bilgiler veriyor. Karabekir, eserine \u0130ttihat ve Terakki \u00fczerine yazma sebeplerine ili\u015fkin a\u00e7\u0131klamalar yaparak ba\u015flarken, muhtelif ba\u015fl\u0131klar alt\u0131nda Cemiyet\u2019in geni\u015flemesine ve \u00fclkenin gelece\u011finde s\u00f6z sahibi olmas\u0131na giden s\u00fcre\u00e7 hakk\u0131nda \u00e7ok k\u0131ymetli anekdotlar\u0131 okuyucularla payla\u015f\u0131yor.Bu y\u00f6nleriyle kitap \u201c\u0130ttihat ve Terakki Cemiyeti\u201d hakk\u0131nda yaz\u0131lan en \u00f6nemli eserlerden biri olma vasf\u0131n\u0131 ta\u015f\u0131yor.<\/p>\n","protected":false},"excerpt":{"rendered":"<p>\u0130ttihat ve terraki cemiyeti\u2019nin birinci elden yaz\u0131lm\u0131\u015f tarihi\u2026\u201c\u2026Vatanseverlerin y\u0131llardan beri ruhuna sinmi\u015f olan h\u00fcrriyet duygular\u0131 bir ideal halinde yeniden tebell\u00fcr etmi\u015f [a\u00e7\u0131\u011fa \u00e7\u0131km\u0131\u015f] ve milletin faal,<span class=\"excerpt-hellip\"> [\u2026]<\/span><\/p>\n","protected":false},"featured_media":0,"template":"","meta":{"_monsterinsights_skip_tracking":false,"_monsterinsights_sitenote_active":false,"_monsterinsights_sitenote_note":"","_monsterinsights_sitenote_category":0},"product_brand":[],"product_cat":[12370,12304],"product_tag":[],"class_list":{"0":"post-717273","1":"product","2":"type-product","3":"status-publish","5":"product_cat-arastirma-inceleme","6":"product_cat-tarih","7":"pa_cilt-ciltsiz","8":"pa_tur-kitap","9":"pa_yayinevi-kronik-kitap","10":"pa_yazar-erhan-cifci","12":"first","13":"instock","14":"sale","15":"shipping-taxable","16":"purchasable","17":"product-type-simple"},"_links":{"self":[{"href":"https:\/\/roveyayinevi.com.tr\/index.php\/wp-json\/wp\/v2\/product\/717273","targetHints":{"allow":["GET"]}}],"collection":[{"href":"https:\/\/roveyayinevi.com.tr\/index.php\/wp-json\/wp\/v2\/product"}],"about":[{"href":"https:\/\/roveyayinevi.com.tr\/index.php\/wp-json\/wp\/v2\/types\/product"}],"wp:attachment":[{"href":"https:\/\/roveyayinevi.com.tr\/index.php\/wp-json\/wp\/v2\/media?parent=717273"}],"wp:term":[{"taxonomy":"product_brand","embeddable":true,"href":"https:\/\/roveyayinevi.com.tr\/index.php\/wp-json\/wp\/v2\/product_brand?post=717273"},{"taxonomy":"product_cat","embeddable":true,"href":"https:\/\/roveyayinevi.com.tr\/index.php\/wp-json\/wp\/v2\/product_cat?post=717273"},{"taxonomy":"product_tag","embeddable":true,"href":"https:\/\/roveyayinevi.com.tr\/index.php\/wp-json\/wp\/v2\/product_tag?post=717273"}],"curies":[{"name":"wp","href":"https:\/\/api.w.org\/{rel}","templated":true}]}}