{"id":717268,"date":"2025-08-27T17:53:32","date_gmt":"2025-08-27T14:53:32","guid":{"rendered":"https:\/\/roveyayinevi.com.tr\/index.php\/urun\/copun-pis-kokulu-hikayesi\/"},"modified":"2026-04-16T02:25:42","modified_gmt":"2026-04-15T23:25:42","slug":"copun-pis-kokulu-hikayesi","status":"publish","type":"product","link":"https:\/\/roveyayinevi.com.tr\/index.php\/urun\/copun-pis-kokulu-hikayesi\/","title":{"rendered":"\u00c7\u00f6p\u00fcn Pis Kokulu Hikayesi"},"content":{"rendered":"<p>Ortalama bir insan\u0131n, bir y\u0131lda, kendi a\u011f\u0131rl\u0131\u011f\u0131n\u0131n d\u00f6rt kat\u0131 \u00e7\u00f6p \u00fcretti\u011fini biliyor muydunuz? Peki ya geri d\u00f6n\u00fc\u015ft\u00fcr\u00fclm\u00fc\u015f ka\u011f\u0131tlar\u0131n her bir metresiyle on metrelik bir a\u011fac\u0131n kurtar\u0131ld\u0131\u011f\u0131n\u0131? Bunun gibi daha pek \u00e7ok \u015fa\u015f\u0131rt\u0131c\u0131 bilgiyle dolu bu kitapla k\u00e2\u011f\u0131tlar\u0131n, pet \u015fi\u015felerin, konserve kutular\u0131n\u0131n aras\u0131nda keyifli bir yolculu\u011fa \u00e7\u0131kmaya ne dersiniz? Burnunuzu t\u0131kamay\u0131 unutmay\u0131n sak\u0131n! Bizden s\u00f6ylemesi.<\/p>\n","protected":false},"excerpt":{"rendered":"<p>Ortalama bir insan\u0131n, bir y\u0131lda, kendi a\u011f\u0131rl\u0131\u011f\u0131n\u0131n d\u00f6rt kat\u0131 \u00e7\u00f6p \u00fcretti\u011fini biliyor muydunuz? Peki ya geri d\u00f6n\u00fc\u015ft\u00fcr\u00fclm\u00fc\u015f ka\u011f\u0131tlar\u0131n her bir metresiyle on metrelik bir a\u011fac\u0131n kurtar\u0131ld\u0131\u011f\u0131n\u0131?<span class=\"excerpt-hellip\"> [\u2026]<\/span><\/p>\n","protected":false},"featured_media":0,"template":"","meta":{"_monsterinsights_skip_tracking":false,"_monsterinsights_sitenote_active":false,"_monsterinsights_sitenote_note":"","_monsterinsights_sitenote_category":0},"product_brand":[],"product_cat":[12274,12284],"product_tag":[],"class_list":{"0":"post-717268","1":"product","2":"type-product","3":"status-publish","5":"product_cat-cocuk-ve-genclik-kitaplari","6":"product_cat-hikayeler","7":"pa_cilt-ciltsiz","8":"pa_tur-kitap","9":"pa_yayinevi-ucan-at","10":"pa_yazar-katie-daynes","12":"first","13":"instock","14":"sale","15":"shipping-taxable","16":"purchasable","17":"product-type-simple"},"_links":{"self":[{"href":"https:\/\/roveyayinevi.com.tr\/index.php\/wp-json\/wp\/v2\/product\/717268","targetHints":{"allow":["GET"]}}],"collection":[{"href":"https:\/\/roveyayinevi.com.tr\/index.php\/wp-json\/wp\/v2\/product"}],"about":[{"href":"https:\/\/roveyayinevi.com.tr\/index.php\/wp-json\/wp\/v2\/types\/product"}],"wp:attachment":[{"href":"https:\/\/roveyayinevi.com.tr\/index.php\/wp-json\/wp\/v2\/media?parent=717268"}],"wp:term":[{"taxonomy":"product_brand","embeddable":true,"href":"https:\/\/roveyayinevi.com.tr\/index.php\/wp-json\/wp\/v2\/product_brand?post=717268"},{"taxonomy":"product_cat","embeddable":true,"href":"https:\/\/roveyayinevi.com.tr\/index.php\/wp-json\/wp\/v2\/product_cat?post=717268"},{"taxonomy":"product_tag","embeddable":true,"href":"https:\/\/roveyayinevi.com.tr\/index.php\/wp-json\/wp\/v2\/product_tag?post=717268"}],"curies":[{"name":"wp","href":"https:\/\/api.w.org\/{rel}","templated":true}]}}