{"id":717266,"date":"2025-08-27T17:53:30","date_gmt":"2025-08-27T14:53:30","guid":{"rendered":"https:\/\/roveyayinevi.com.tr\/index.php\/urun\/tarihin-pesinde\/"},"modified":"2026-04-16T02:25:42","modified_gmt":"2026-04-15T23:25:42","slug":"tarihin-pesinde","status":"publish","type":"product","link":"https:\/\/roveyayinevi.com.tr\/index.php\/urun\/tarihin-pesinde\/","title":{"rendered":"Tarihin Pe\u015finde"},"content":{"rendered":"<p>Tarih insanl\u0131\u011fa ne gibi faydalar sunar? Tarih\u00ee kaynaklar nelerdir ve bu kaynaklar nas\u0131l kullan\u0131l\u0131r? Politika, biyografi, felsefe, ekonomi, toplum ve zihniyet ekseninde tarih ilminden nas\u0131l yararlan\u0131l\u0131r? Tarih yaz\u0131c\u0131l\u0131\u011f\u0131 nedir? Tarih\u00ee bilginin s\u0131n\u0131rlar\u0131 var m\u0131d\u0131r? Elinizdeki kitap, bu sorularla \u00f6zel olarak ilgilenen tarih \u00f6\u011frencilerinin yan\u0131 s\u0131ra tarihe merak\u0131 s\u0131n\u0131r tan\u0131mayan okurlara hitap ediyor.\u0130ngiliz tarih\u00e7i John Tosh, tarih s\u00f6zc\u00fc\u011f\u00fcn\u00fcn iki anlama geldi\u011fini belirtiyor. Bunlardan biri, ge\u00e7mi\u015fte meydana gelmi\u015f olaylard\u0131r. Di\u011feriyse ge\u00e7mi\u015fin tarih\u00e7iler taraf\u0131ndan yeniden kurulup aktar\u0131lmas\u0131d\u0131r. Elinizdeki eser daha \u00e7ok ikinci anlama y\u00f6nelik bir \u00e7al\u0131\u015fma olup tarih konusuna giri\u015f niteli\u011fi ta\u015f\u0131yor.Toplumlar aras\u0131 ba\u011flant\u0131lar\u0131 olan tarihin tam manas\u0131yla i\u015flevini yerine getirebilmesi i\u00e7in ba\u015fka disiplinlerden de yararlanmas\u0131 gerekti\u011fini belirten Tosh, her t\u00fcrl\u00fc tarih ara\u015ft\u0131rmas\u0131n\u0131n modern akademik tarihe damgas\u0131n\u0131 vurmu\u015f olan titiz ele\u015ftiri y\u00f6ntemine uygun olarak ger\u00e7ekle\u015ftirilmesinin \u015fart oldu\u011funu s\u00f6yl\u00fcyor. Bunu yaparken tarih\u00e7iler aras\u0131nda ge\u00e7erli olan tart\u0131\u015fmalardan yararlan\u0131yor ve kendisinin kat\u0131lmad\u0131\u011f\u0131 g\u00f6r\u00fc\u015fleri de adil bir \u015fekilde aktar\u0131yor.\u201cTarihin Pe\u015finde\u201d alan\u0131nda ba\u015fvuru \u00f6zelli\u011fi ta\u015f\u0131yan nadir kitaplardan biri&#8230;<\/p>\n","protected":false},"excerpt":{"rendered":"<p>Tarih insanl\u0131\u011fa ne gibi faydalar sunar? Tarih\u00ee kaynaklar nelerdir ve bu kaynaklar nas\u0131l kullan\u0131l\u0131r? Politika, biyografi, felsefe, ekonomi, toplum ve zihniyet ekseninde tarih ilminden nas\u0131l yararlan\u0131l\u0131r?<span class=\"excerpt-hellip\"> [\u2026]<\/span><\/p>\n","protected":false},"featured_media":0,"template":"","meta":{"_monsterinsights_skip_tracking":false,"_monsterinsights_sitenote_active":false,"_monsterinsights_sitenote_note":"","_monsterinsights_sitenote_category":0},"product_brand":[],"product_cat":[12305,12304],"product_tag":[],"class_list":{"0":"post-717266","1":"product","2":"type-product","3":"status-publish","5":"product_cat-dunya-tarihi","6":"product_cat-tarih","7":"pa_cilt-ciltsiz","8":"pa_tur-kitap","9":"pa_yayinevi-kronik-kitap","10":"pa_yazar-john-tosh","12":"first","13":"instock","14":"sale","15":"shipping-taxable","16":"purchasable","17":"product-type-simple"},"_links":{"self":[{"href":"https:\/\/roveyayinevi.com.tr\/index.php\/wp-json\/wp\/v2\/product\/717266","targetHints":{"allow":["GET"]}}],"collection":[{"href":"https:\/\/roveyayinevi.com.tr\/index.php\/wp-json\/wp\/v2\/product"}],"about":[{"href":"https:\/\/roveyayinevi.com.tr\/index.php\/wp-json\/wp\/v2\/types\/product"}],"wp:attachment":[{"href":"https:\/\/roveyayinevi.com.tr\/index.php\/wp-json\/wp\/v2\/media?parent=717266"}],"wp:term":[{"taxonomy":"product_brand","embeddable":true,"href":"https:\/\/roveyayinevi.com.tr\/index.php\/wp-json\/wp\/v2\/product_brand?post=717266"},{"taxonomy":"product_cat","embeddable":true,"href":"https:\/\/roveyayinevi.com.tr\/index.php\/wp-json\/wp\/v2\/product_cat?post=717266"},{"taxonomy":"product_tag","embeddable":true,"href":"https:\/\/roveyayinevi.com.tr\/index.php\/wp-json\/wp\/v2\/product_tag?post=717266"}],"curies":[{"name":"wp","href":"https:\/\/api.w.org\/{rel}","templated":true}]}}