{"id":717265,"date":"2025-08-27T17:53:30","date_gmt":"2025-08-27T14:53:30","guid":{"rendered":"https:\/\/roveyayinevi.com.tr\/index.php\/urun\/sibiryada-turk-izleri\/"},"modified":"2026-04-16T02:25:42","modified_gmt":"2026-04-15T23:25:42","slug":"sibiryada-turk-izleri","status":"publish","type":"product","link":"https:\/\/roveyayinevi.com.tr\/index.php\/urun\/sibiryada-turk-izleri\/","title":{"rendered":"Sibirya&#8217;da T\u00fcrk \u0130zleri"},"content":{"rendered":"<p>T\u00fcrk tarihinde Yenisey Yaz\u0131tlar\u0131\u2019n\u0131n \u00f6nemi nedir? Yenisey Yaz\u0131tlar\u0131, T\u00fcrklerin tarih sahnesine \u00e7\u0131k\u0131\u015flar\u0131na dair neler s\u00f6ylemektedir? Tarihte T\u00fcrk izini s\u00fcrebilmek i\u00e7in ciddiyetle ara\u015ft\u0131r\u0131lmas\u0131 gereken yaz\u0131tlar ve incelenmesi gereken co\u011frafyalar hangileridir? Prof. Dr. Erhan Ayd\u0131n hem bu sorular\u0131 cevapl\u0131yor hem de daha \u00f6nce bozk\u0131r T\u00fcrklerinin tarihine ilk yaz\u0131l\u0131 belgeler \u0131\u015f\u0131\u011f\u0131nda bakt\u0131\u011f\u0131 \u201cTa\u015fa Kaz\u0131nan Tarih: T\u00fcrklerin \u0130lk Yaz\u0131l\u0131 Belgeleri\u201d adl\u0131 eserinin a\u00e7t\u0131\u011f\u0131 yolu geni\u015fletiyor. 18. y\u00fczy\u0131l\u0131n ilk \u00e7eyre\u011finden itibaren ke\u015ffedilen ve bilim d\u00fcnyas\u0131nca bilinen Yenisey Yaz\u0131tlar\u0131, sat\u0131r say\u0131lar\u0131n\u0131n azl\u0131\u011f\u0131 ve d\u00fczensiz yaz\u0131lm\u0131\u015f olmalar\u0131 nedeniyle, \u00f6zellikle T\u00fcrk dili alan\u0131 d\u0131\u015f\u0131nda \u00e7al\u0131\u015fan ara\u015ft\u0131rmac\u0131lar\u0131n ilgisini \u00e7ekmemi\u015ftir. Bu yaz\u0131tlar\u0131n tamam\u0131n\u0131n tarihsiz olu\u015fu ve g\u00fcn\u00fcm\u00fcz mezar ta\u015flar\u0131ndaki veciz ifadelere benzeyen kal\u0131pla\u015fm\u0131\u015f ibare ve c\u00fcmleler i\u00e7ermesi de bu yaz\u0131tlara olan ilginin az olu\u015funun bir ba\u015fka nedenidir.T\u00fcrklerin Sibirya\u2019daki varl\u0131\u011f\u0131na dair en \u00f6nemli kaynak olan Yenisey Yaz\u0131tlar\u0131, az sat\u0131rl\u0131 olmas\u0131na ra\u011fmen baz\u0131 tarih\u00ee olaylara i\u015faret etmesi nedeniyle \u00e7ok b\u00fcy\u00fck bir i\u015fleve sahiptir. Yap\u0131lan her \u00e7al\u0131\u015fmada bu i\u015faretler yoluyla T\u00fcrk tarihinin Sibirya b\u00f6lgesindeki izleri ortaya \u00e7\u0131kmaktad\u0131r.Erhan Ayd\u0131n, T\u00fcrk runik harfli metni, transkripsiyonu ve T\u00fcrk\u00e7e \u00e7evirisini alt alta verme sistemini bu \u00e7al\u0131\u015fmas\u0131nda da s\u00fcrd\u00fcr\u00fcyor ve b\u00f6ylece okuyucunun s\u00fcrekli sayfa kar\u0131\u015ft\u0131rmas\u0131n\u0131n \u00f6n\u00fcne ge\u00e7iyor. Her yaz\u0131t\u0131n alt\u0131nda bulunan \u00f6zel kaynak\u00e7ayla ise o yaz\u0131tla ilgili b\u00fct\u00fcn yay\u0131nlar bir araya getirilmi\u015f oluyor.<\/p>\n","protected":false},"excerpt":{"rendered":"<p>T\u00fcrk tarihinde Yenisey Yaz\u0131tlar\u0131\u2019n\u0131n \u00f6nemi nedir? Yenisey Yaz\u0131tlar\u0131, T\u00fcrklerin tarih sahnesine \u00e7\u0131k\u0131\u015flar\u0131na dair neler s\u00f6ylemektedir? Tarihte T\u00fcrk izini s\u00fcrebilmek i\u00e7in ciddiyetle ara\u015ft\u0131r\u0131lmas\u0131 gereken yaz\u0131tlar ve incelenmesi<span class=\"excerpt-hellip\"> [\u2026]<\/span><\/p>\n","protected":false},"featured_media":0,"template":"","meta":{"_monsterinsights_skip_tracking":false,"_monsterinsights_sitenote_active":false,"_monsterinsights_sitenote_note":"","_monsterinsights_sitenote_category":0},"product_brand":[],"product_cat":[12304,13650],"product_tag":[],"class_list":{"0":"post-717265","1":"product","2":"type-product","3":"status-publish","5":"product_cat-tarih","6":"product_cat-turk-tarihi-arastirmalari","7":"pa_cilt-ciltsiz","8":"pa_tur-kitap","9":"pa_yayinevi-kronik-kitap","10":"pa_yazar-erhan-aydin","12":"first","13":"instock","14":"sale","15":"shipping-taxable","16":"purchasable","17":"product-type-simple"},"_links":{"self":[{"href":"https:\/\/roveyayinevi.com.tr\/index.php\/wp-json\/wp\/v2\/product\/717265","targetHints":{"allow":["GET"]}}],"collection":[{"href":"https:\/\/roveyayinevi.com.tr\/index.php\/wp-json\/wp\/v2\/product"}],"about":[{"href":"https:\/\/roveyayinevi.com.tr\/index.php\/wp-json\/wp\/v2\/types\/product"}],"wp:attachment":[{"href":"https:\/\/roveyayinevi.com.tr\/index.php\/wp-json\/wp\/v2\/media?parent=717265"}],"wp:term":[{"taxonomy":"product_brand","embeddable":true,"href":"https:\/\/roveyayinevi.com.tr\/index.php\/wp-json\/wp\/v2\/product_brand?post=717265"},{"taxonomy":"product_cat","embeddable":true,"href":"https:\/\/roveyayinevi.com.tr\/index.php\/wp-json\/wp\/v2\/product_cat?post=717265"},{"taxonomy":"product_tag","embeddable":true,"href":"https:\/\/roveyayinevi.com.tr\/index.php\/wp-json\/wp\/v2\/product_tag?post=717265"}],"curies":[{"name":"wp","href":"https:\/\/api.w.org\/{rel}","templated":true}]}}