{"id":717264,"date":"2025-08-27T17:53:29","date_gmt":"2025-08-27T14:53:29","guid":{"rendered":"https:\/\/roveyayinevi.com.tr\/index.php\/urun\/kafamdaki-fillerin-hepsi-mavi\/"},"modified":"2026-04-16T02:25:42","modified_gmt":"2026-04-15T23:25:42","slug":"kafamdaki-fillerin-hepsi-mavi","status":"publish","type":"product","link":"https:\/\/roveyayinevi.com.tr\/index.php\/urun\/kafamdaki-fillerin-hepsi-mavi\/","title":{"rendered":"Kafamdaki Fillerin Hepsi Mavi"},"content":{"rendered":"<p>D\u00fc\u015flerin cennetinde ger\u00e7eklerin can\u0131 cehenneme\u201c\u0130lkokulda sana \u00f6\u011fretilen matemati\u011fin ne i\u015fe yarad\u0131\u011f\u0131n\u0131 de\u011fer verdik\u00e7e de\u011ferin kalmad\u0131\u011f\u0131 zaman anlars\u0131n. T\u00fcrk\u00e7enin ne i\u015fe yarad\u0131\u011f\u0131n\u0131 yaz\u0131p yaz\u0131p silerken, fizi\u011fin ne i\u015fe yarad\u0131\u011f\u0131n\u0131 atlamak i\u00e7in uygun u\u00e7urumu d\u00fc\u015f\u00fcn\u00fcrken anlars\u0131n. Biyolojinin ne i\u015fe yarad\u0131\u011f\u0131n\u0131 i\u00e7ine kapan\u0131p hissizle\u015firken, kimyan\u0131n ne i\u015fe yarad\u0131\u011f\u0131n\u0131 dengen bozulurken anlars\u0131n. \u0130zah\u0131n ne i\u015fe yarad\u0131\u011f\u0131n\u0131 s\u0131rf \u2018o\u2019 d\u00f6ns\u00fcn diye gurursuzla\u015f\u0131rken, zaman\u0131n ne i\u015fe yarad\u0131\u011f\u0131n\u0131 ge\u00e7en g\u00fcnleri sayarken anlars\u0131n. Onlarca y\u0131l, y\u00fczlerce \u00f6\u011fretmen, binlerce dersten hi\u00e7bir \u015fey anlamazs\u0131n da ona dair hasreti bir saniye olsun ya\u015farken, her \u015feyi \u00e7ok g\u00fczel anlars\u0131n. Bu kitap, i\u015fte o bir saniyenin hik\u00e2yesidir&#8230;\u201dVe yazar, ya\u015famdaki t\u00fcm alg\u0131sal g\u00f6rkemi okurlar\u0131n\u0131n \u00f6n\u00fcne serip roman\u0131n\u0131 bir saniyelik bir soru ile ba\u015flatmaktad\u0131r:A\u015fk kendini kaybetmek mi, yoksa yeniden ke\u015ffetmek midir?<\/p>\n","protected":false},"excerpt":{"rendered":"<p>D\u00fc\u015flerin cennetinde ger\u00e7eklerin can\u0131 cehenneme\u201c\u0130lkokulda sana \u00f6\u011fretilen matemati\u011fin ne i\u015fe yarad\u0131\u011f\u0131n\u0131 de\u011fer verdik\u00e7e de\u011ferin kalmad\u0131\u011f\u0131 zaman anlars\u0131n. T\u00fcrk\u00e7enin ne i\u015fe yarad\u0131\u011f\u0131n\u0131 yaz\u0131p yaz\u0131p silerken, fizi\u011fin ne<span class=\"excerpt-hellip\"> [\u2026]<\/span><\/p>\n","protected":false},"featured_media":0,"template":"","meta":{"_monsterinsights_skip_tracking":false,"_monsterinsights_sitenote_active":false,"_monsterinsights_sitenote_note":"","_monsterinsights_sitenote_category":0},"product_brand":[],"product_cat":[12291,12711],"product_tag":[],"class_list":{"0":"post-717264","1":"product","2":"type-product","3":"status-publish","5":"product_cat-edebiyat","6":"product_cat-roman-oyku","7":"pa_cilt-ciltsiz","8":"pa_tur-kitap","9":"pa_yayinevi-indigo-kitap","10":"pa_yazar-murat-gulen","12":"first","13":"instock","14":"sale","15":"shipping-taxable","16":"purchasable","17":"product-type-simple"},"_links":{"self":[{"href":"https:\/\/roveyayinevi.com.tr\/index.php\/wp-json\/wp\/v2\/product\/717264","targetHints":{"allow":["GET"]}}],"collection":[{"href":"https:\/\/roveyayinevi.com.tr\/index.php\/wp-json\/wp\/v2\/product"}],"about":[{"href":"https:\/\/roveyayinevi.com.tr\/index.php\/wp-json\/wp\/v2\/types\/product"}],"wp:attachment":[{"href":"https:\/\/roveyayinevi.com.tr\/index.php\/wp-json\/wp\/v2\/media?parent=717264"}],"wp:term":[{"taxonomy":"product_brand","embeddable":true,"href":"https:\/\/roveyayinevi.com.tr\/index.php\/wp-json\/wp\/v2\/product_brand?post=717264"},{"taxonomy":"product_cat","embeddable":true,"href":"https:\/\/roveyayinevi.com.tr\/index.php\/wp-json\/wp\/v2\/product_cat?post=717264"},{"taxonomy":"product_tag","embeddable":true,"href":"https:\/\/roveyayinevi.com.tr\/index.php\/wp-json\/wp\/v2\/product_tag?post=717264"}],"curies":[{"name":"wp","href":"https:\/\/api.w.org\/{rel}","templated":true}]}}