{"id":717263,"date":"2025-08-27T17:53:29","date_gmt":"2025-08-27T14:53:29","guid":{"rendered":"https:\/\/roveyayinevi.com.tr\/index.php\/urun\/erkek-denizinde-kadin-gemiler\/"},"modified":"2026-04-16T02:25:42","modified_gmt":"2026-04-15T23:25:42","slug":"erkek-denizinde-kadin-gemiler","status":"publish","type":"product","link":"https:\/\/roveyayinevi.com.tr\/index.php\/urun\/erkek-denizinde-kadin-gemiler\/","title":{"rendered":"Erkek Denizinde Kad\u0131n Gemiler"},"content":{"rendered":"<p>Kad\u0131nlar\u0131n toplumsal ya\u015famdaki yerini kim belirliyor? Kendileri mi? Yoksa erkekler mi? \u201cDenizde neden daha \u00e7ok erkek g\u00f6r\u00fcyoruz, neden kad\u0131nlar daha az?\u201d sorusuna yan\u0131t ararken ortaya \u00e7\u0131kan tablo hi\u00e7 de i\u00e7 a\u00e7\u0131c\u0131 de\u011fil: Kad\u0131nlar, sadece gemilerde\/teknelerde de\u011fil, zaten nerede daha fazlalar ki? Erkekler nerede, ne kadar\u0131na izin vermi\u015fler, t\u0131kad\u0131klar\u0131 yollar\u0131 ne kadar a\u00e7maya \u00e7al\u0131\u015fm\u0131\u015flar ki? Erkek Denizinde Kad\u0131n Gemiler i\u015fte bu tabloyu tarihsel kan\u0131tlar\u0131 ve tan\u0131klar\u0131yla g\u00f6zler \u00f6n\u00fcne seriyor. Denize a\u00e7\u0131lan herkes bilir ki, seyir s\u0131ras\u0131nda kurallar\u0131 deniz koyar. \u0130stedi\u011fi zaman r\u00fczg\u00e2r\u0131yla \u00e7ullan\u0131r, istedi\u011fi zaman g\u00fcrler, istedi\u011fi zaman u\u011fuldar, istedi\u011fi zaman da s\u00fck\u00fbnete b\u00fcr\u00fcn\u00fcr. Denizci ya da gemi, denizin b\u00fct\u00fcn hallerine ayak uydurmak, uyum sa\u011flamak zorundad\u0131r. Denizin kurallar\u0131na boyun e\u011ferek, onun g\u00fcc\u00fc \u00f6n\u00fcnde \u015fapkalar\u0131n\u0131 \u00e7\u0131kart\u0131p ceketlerini ilikleyerek hayatta kalmay\u0131 s\u00fcrd\u00fcr\u00fcr gemiler. Erkekler belki de binlerce y\u0131ld\u0131r \u201ckad\u0131n, deniz gibidir\u201d deyip duruyorlar. Ama asl\u0131nda \u201cdeniz gibi\u201d olan erkekler! Kural koyan, \u201cdenizci\u201d veya \u201cgemi\u201d olarak kabul edebilece\u011fimiz kad\u0131nlar\u0131n hayatlar\u0131n\u0131 zorla\u015ft\u0131ran, esen, g\u00fcrleyen, u\u011fuldayan ta kendileri. \u0130zin veren, l\u00fctfeden, hem arz\u0131 hem de talebi belirleyen ve h\u00fckmeden onlar. Erkek denizinde bo\u011fu\u015fup duruyor kad\u0131n gemiler. Erkeklerin yaratt\u0131\u011f\u0131 d\u00fcnyada, hayatta kalmaya \u00e7al\u0131\u015f\u0131yor kad\u0131nlar. D\u00fcnya n\u00fcfusunun bir yar\u0131s\u0131, di\u011fer yar\u0131s\u0131 \u00fczerinde haks\u0131zca h\u00fck\u00fcm s\u00fcr\u00fcyor. En ba\u015f\u0131ndan beri! <\/p>\n","protected":false},"excerpt":{"rendered":"<p>Kad\u0131nlar\u0131n toplumsal ya\u015famdaki yerini kim belirliyor? Kendileri mi? Yoksa erkekler mi? \u201cDenizde neden daha \u00e7ok erkek g\u00f6r\u00fcyoruz, neden kad\u0131nlar daha az?\u201d sorusuna yan\u0131t ararken ortaya \u00e7\u0131kan<span class=\"excerpt-hellip\"> [\u2026]<\/span><\/p>\n","protected":false},"featured_media":0,"template":"","meta":{"_monsterinsights_skip_tracking":false,"_monsterinsights_sitenote_active":false,"_monsterinsights_sitenote_note":"","_monsterinsights_sitenote_category":0},"product_brand":[],"product_cat":[26396,13488],"product_tag":[],"class_list":{"0":"post-717263","1":"product","2":"type-product","3":"status-publish","5":"product_cat-kadin-erkek-iliskileri","6":"product_cat-toplum-ve-insan","7":"pa_cilt-ciltsiz","8":"pa_tur-kitap","9":"pa_yayinevi-geoturka-yayinevi","10":"pa_yazar-tayfun-timocin","12":"first","13":"instock","14":"sale","15":"shipping-taxable","16":"purchasable","17":"product-type-simple"},"_links":{"self":[{"href":"https:\/\/roveyayinevi.com.tr\/index.php\/wp-json\/wp\/v2\/product\/717263","targetHints":{"allow":["GET"]}}],"collection":[{"href":"https:\/\/roveyayinevi.com.tr\/index.php\/wp-json\/wp\/v2\/product"}],"about":[{"href":"https:\/\/roveyayinevi.com.tr\/index.php\/wp-json\/wp\/v2\/types\/product"}],"wp:attachment":[{"href":"https:\/\/roveyayinevi.com.tr\/index.php\/wp-json\/wp\/v2\/media?parent=717263"}],"wp:term":[{"taxonomy":"product_brand","embeddable":true,"href":"https:\/\/roveyayinevi.com.tr\/index.php\/wp-json\/wp\/v2\/product_brand?post=717263"},{"taxonomy":"product_cat","embeddable":true,"href":"https:\/\/roveyayinevi.com.tr\/index.php\/wp-json\/wp\/v2\/product_cat?post=717263"},{"taxonomy":"product_tag","embeddable":true,"href":"https:\/\/roveyayinevi.com.tr\/index.php\/wp-json\/wp\/v2\/product_tag?post=717263"}],"curies":[{"name":"wp","href":"https:\/\/api.w.org\/{rel}","templated":true}]}}