{"id":717257,"date":"2025-08-27T17:53:24","date_gmt":"2025-08-27T14:53:24","guid":{"rendered":"https:\/\/roveyayinevi.com.tr\/index.php\/urun\/dunyanin-en-guzel-ulkesi\/"},"modified":"2026-04-16T02:25:41","modified_gmt":"2026-04-15T23:25:41","slug":"dunyanin-en-guzel-ulkesi","status":"publish","type":"product","link":"https:\/\/roveyayinevi.com.tr\/index.php\/urun\/dunyanin-en-guzel-ulkesi\/","title":{"rendered":"D\u00fcnyan\u0131n En G\u00fczel \u00dclkesi"},"content":{"rendered":"<p>Orman\u0131n kral\u0131 aslan, do\u011fdu\u011fu g\u00fcnden beri ayn\u0131 ormanda ya\u015f\u0131yordu. Art\u0131k ba\u015fka yerlere gitmenin, d\u00fcnyan\u0131n en g\u00fczel \u00fclkesini g\u00f6rmenin zaman\u0131 gelmi\u015fti. Peki d\u00fcnyan\u0131n en g\u00fczel \u00fclkesi neresiydi?   Hayvanlar\u0131n kendi ya\u015fad\u0131klar\u0131 \u00fclkeleri anlatt\u0131klar\u0131, k\u0131tadan k\u0131taya gezerek farkl\u0131 k\u00fclt\u00fcrleri tan\u0131tt\u0131klar\u0131 bu hik\u00e2yede sayfalar\u0131n aras\u0131nda d\u00fcnyay\u0131 dola\u015fmaya haz\u0131r m\u0131s\u0131n\u0131z?<\/p>\n","protected":false},"excerpt":{"rendered":"<p>Orman\u0131n kral\u0131 aslan, do\u011fdu\u011fu g\u00fcnden beri ayn\u0131 ormanda ya\u015f\u0131yordu. Art\u0131k ba\u015fka yerlere gitmenin, d\u00fcnyan\u0131n en g\u00fczel \u00fclkesini g\u00f6rmenin zaman\u0131 gelmi\u015fti. Peki d\u00fcnyan\u0131n en g\u00fczel \u00fclkesi neresiydi?<span class=\"excerpt-hellip\"> [\u2026]<\/span><\/p>\n","protected":false},"featured_media":0,"template":"","meta":{"_monsterinsights_skip_tracking":false,"_monsterinsights_sitenote_active":false,"_monsterinsights_sitenote_note":"","_monsterinsights_sitenote_category":0},"product_brand":[],"product_cat":[12274,12284],"product_tag":[],"class_list":{"0":"post-717257","1":"product","2":"type-product","3":"status-publish","5":"product_cat-cocuk-ve-genclik-kitaplari","6":"product_cat-hikayeler","7":"pa_cilt-ciltsiz","8":"pa_tur-kitap","9":"pa_yayinevi-abm-yayinevi","10":"pa_yazar-ozge-altinok-lokmanhekim","12":"first","13":"instock","14":"sale","15":"shipping-taxable","16":"purchasable","17":"product-type-simple"},"_links":{"self":[{"href":"https:\/\/roveyayinevi.com.tr\/index.php\/wp-json\/wp\/v2\/product\/717257","targetHints":{"allow":["GET"]}}],"collection":[{"href":"https:\/\/roveyayinevi.com.tr\/index.php\/wp-json\/wp\/v2\/product"}],"about":[{"href":"https:\/\/roveyayinevi.com.tr\/index.php\/wp-json\/wp\/v2\/types\/product"}],"wp:attachment":[{"href":"https:\/\/roveyayinevi.com.tr\/index.php\/wp-json\/wp\/v2\/media?parent=717257"}],"wp:term":[{"taxonomy":"product_brand","embeddable":true,"href":"https:\/\/roveyayinevi.com.tr\/index.php\/wp-json\/wp\/v2\/product_brand?post=717257"},{"taxonomy":"product_cat","embeddable":true,"href":"https:\/\/roveyayinevi.com.tr\/index.php\/wp-json\/wp\/v2\/product_cat?post=717257"},{"taxonomy":"product_tag","embeddable":true,"href":"https:\/\/roveyayinevi.com.tr\/index.php\/wp-json\/wp\/v2\/product_tag?post=717257"}],"curies":[{"name":"wp","href":"https:\/\/api.w.org\/{rel}","templated":true}]}}