{"id":717256,"date":"2025-08-27T17:53:24","date_gmt":"2025-08-27T14:53:24","guid":{"rendered":"https:\/\/roveyayinevi.com.tr\/index.php\/urun\/mezarliktaki-dehset\/"},"modified":"2026-04-16T02:25:41","modified_gmt":"2026-04-15T23:25:41","slug":"mezarliktaki-dehset","status":"publish","type":"product","link":"https:\/\/roveyayinevi.com.tr\/index.php\/urun\/mezarliktaki-dehset\/","title":{"rendered":"Mezarl\u0131ktaki Deh\u015fet"},"content":{"rendered":"<p>\u201cE\u011fer \u00f6l\u00fcms\u00fcz ruhuna de\u011fer veriyorsan s\u0131rlara ve mutlak korkulara bula\u015fma.\u201dKorku edebiyat\u0131n\u0131n \u00f6nemli isimlerinden H.P. Lovecraft\u2019\u0131n yaln\u0131zca Amerikan edebiyat\u0131nda de\u011fil, d\u00fcnya edebiyat\u0131nda da b\u00fcy\u00fck bir etkisi vard\u0131r. Bug\u00fcn h\u00e2l\u00e2 ele\u015ftiri yaz\u0131lar\u0131n\u0131n, akademik \u00e7al\u0131\u015fmalar\u0131n hatta filmlerin konusu ve ilham kayna\u011f\u0131 oldu\u011fu, yaratt\u0131\u011f\u0131 korku evreninin okura geni\u015f bir okuma olana\u011f\u0131 sundu\u011fu g\u00f6r\u00fcl\u00fcr.\u0130lk kez 1937 y\u0131l\u0131n\u0131n May\u0131s ay\u0131nda Weird Tales dergisinde okurla kar\u015f\u0131la\u015fan Mezarl\u0131ktaki Deh\u015fet hik\u00e2yesiyle birlikte e\u015fsiz hik\u00e2yelerinin yer ald\u0131\u011f\u0131 kitapta zihinleri ger\u00e7eklikle d\u00fc\u015f aras\u0131nda dola\u015fan kederli ruhlar\u0131n dramlar\u0131yla kar\u015f\u0131la\u015facaks\u0131n\u0131z. Medusa\u2019n\u0131n Sa\u00e7lar\u0131, \u015eeytan Papaz, B\u00fcy\u00fcc\u00fc Yarat\u0131\u011f\u0131n Hazinesi, Karanl\u0131\u011f\u0131n Ziyaret\u00e7isi ve bir\u00e7o\u011funun yer ald\u0131\u011f\u0131 s\u0131rlarla \u00f6r\u00fcl\u00fc bu hik\u00e2yeler, ge\u00e7mi\u015fin gizemli kap\u0131s\u0131ndan g\u00fcn\u00fcm\u00fcze ula\u015fabilmek i\u00e7in bir s\u0131z\u0131nt\u0131 ar\u0131yor.<\/p>\n","protected":false},"excerpt":{"rendered":"<p>\u201cE\u011fer \u00f6l\u00fcms\u00fcz ruhuna de\u011fer veriyorsan s\u0131rlara ve mutlak korkulara bula\u015fma.\u201dKorku edebiyat\u0131n\u0131n \u00f6nemli isimlerinden H.P. Lovecraft\u2019\u0131n yaln\u0131zca Amerikan edebiyat\u0131nda de\u011fil, d\u00fcnya edebiyat\u0131nda da b\u00fcy\u00fck bir etkisi vard\u0131r.<span class=\"excerpt-hellip\"> [\u2026]<\/span><\/p>\n","protected":false},"featured_media":0,"template":"","meta":{"_monsterinsights_skip_tracking":false,"_monsterinsights_sitenote_active":false,"_monsterinsights_sitenote_note":"","_monsterinsights_sitenote_category":0},"product_brand":[],"product_cat":[12291,12711],"product_tag":[],"class_list":{"0":"post-717256","1":"product","2":"type-product","3":"status-publish","5":"product_cat-edebiyat","6":"product_cat-roman-oyku","7":"pa_cilt-ciltsiz","8":"pa_tur-kitap","9":"pa_yayinevi-ren-kitap","10":"pa_yazar-howard-phillips-lovecraft","12":"first","13":"instock","14":"sale","15":"shipping-taxable","16":"purchasable","17":"product-type-simple"},"_links":{"self":[{"href":"https:\/\/roveyayinevi.com.tr\/index.php\/wp-json\/wp\/v2\/product\/717256","targetHints":{"allow":["GET"]}}],"collection":[{"href":"https:\/\/roveyayinevi.com.tr\/index.php\/wp-json\/wp\/v2\/product"}],"about":[{"href":"https:\/\/roveyayinevi.com.tr\/index.php\/wp-json\/wp\/v2\/types\/product"}],"wp:attachment":[{"href":"https:\/\/roveyayinevi.com.tr\/index.php\/wp-json\/wp\/v2\/media?parent=717256"}],"wp:term":[{"taxonomy":"product_brand","embeddable":true,"href":"https:\/\/roveyayinevi.com.tr\/index.php\/wp-json\/wp\/v2\/product_brand?post=717256"},{"taxonomy":"product_cat","embeddable":true,"href":"https:\/\/roveyayinevi.com.tr\/index.php\/wp-json\/wp\/v2\/product_cat?post=717256"},{"taxonomy":"product_tag","embeddable":true,"href":"https:\/\/roveyayinevi.com.tr\/index.php\/wp-json\/wp\/v2\/product_tag?post=717256"}],"curies":[{"name":"wp","href":"https:\/\/api.w.org\/{rel}","templated":true}]}}