{"id":717255,"date":"2025-08-27T17:53:23","date_gmt":"2025-08-27T14:53:23","guid":{"rendered":"https:\/\/roveyayinevi.com.tr\/index.php\/urun\/denizler-kuruyana-kadar\/"},"modified":"2026-04-08T02:32:47","modified_gmt":"2026-04-07T23:32:47","slug":"denizler-kuruyana-kadar","status":"publish","type":"product","link":"https:\/\/roveyayinevi.com.tr\/index.php\/urun\/denizler-kuruyana-kadar\/","title":{"rendered":"Denizler Kuruyana Kadar"},"content":{"rendered":"<p>\u201cHi\u00e7bir zaman g\u00fcny\u00fcz\u00fc g\u00f6rmeden ya\u015famaktansa, g\u00f6ky\u00fcz\u00fcne bir kere bak\u0131p \u00f6lmek daha iyiydi.\u201dLovecraft\u2019\u0131n en k\u0131sa hik\u00e2yelerinin yer ald\u0131\u011f\u0131 Denizler Kuruyana Kadar, \u00e7o\u011funlukla do\u011faya ait unsurlardan olu\u015fan hik\u00e2yelerinin bir derlemesi. Martin Kumsal\u0131\u2019ndaki Deh\u015fet, Gece Okyanusu, Beyaz Gemi gibi ba\u015fl\u0131kl\u0131lar daha \u00e7ok deniz odakl\u0131 korku hik\u00e2yelerini olu\u015ftururken; Tepedeki A\u011fa\u00e7, Ay\u0131n Getirdi\u011fi, \u0130simsiz Kent, Tap\u0131nak gibileri topra\u011fa daha \u2018ba\u011fl\u0131\u2019 hik\u00e2yelerdir. Elbette Lovecraft okurlar\u0131n\u0131n a\u015fina oldu\u011fu do\u011fa\u00fcst\u00fc yarat\u0131klar ve gizemli olaylar yine ba\u015frolde\u2026 Bunlar\u0131n yan\u0131nda Lovecraft\u2019\u0131n mizahi-alayc\u0131 bir \u00fcslupta kli\u015felerden yola \u00e7\u0131kt\u0131\u011f\u0131 Tatl\u0131 Ermengarde ya da K\u00f6yl\u00fc Bir K\u0131z\u0131n Kalbi de Lovecraft k\u00fclliyat\u0131nda mutlaka okunmas\u0131 gerekenlerden.Korku d\u00fcnyas\u0131n\u0131n b\u00fcy\u00fck ustas\u0131 bizi y\u0131llar \u00f6ncesinden uyarmaya devam ediyor: \u201cSonsuza kadar uyuyan \u00f6l\u00fc de\u011fildir, yeterince zaman\u0131n ard\u0131ndan \u00f6l\u00fcm bile \u00f6lebilir.\u201d<\/p>\n","protected":false},"excerpt":{"rendered":"<p>\u201cHi\u00e7bir zaman g\u00fcny\u00fcz\u00fc g\u00f6rmeden ya\u015famaktansa, g\u00f6ky\u00fcz\u00fcne bir kere bak\u0131p \u00f6lmek daha iyiydi.\u201dLovecraft\u2019\u0131n en k\u0131sa hik\u00e2yelerinin yer ald\u0131\u011f\u0131 Denizler Kuruyana Kadar, \u00e7o\u011funlukla do\u011faya ait unsurlardan olu\u015fan hik\u00e2yelerinin<span class=\"excerpt-hellip\"> [\u2026]<\/span><\/p>\n","protected":false},"featured_media":0,"template":"","meta":{"_monsterinsights_skip_tracking":false,"_monsterinsights_sitenote_active":false,"_monsterinsights_sitenote_note":"","_monsterinsights_sitenote_category":0},"product_brand":[],"product_cat":[12291,12711],"product_tag":[],"class_list":{"0":"post-717255","1":"product","2":"type-product","3":"status-publish","5":"product_cat-edebiyat","6":"product_cat-roman-oyku","7":"pa_cilt-ciltsiz","8":"pa_tur-kitap","9":"pa_yayinevi-ren-kitap","10":"pa_yazar-howard-phillips-lovecraft","12":"first","13":"instock","14":"sale","15":"shipping-taxable","16":"purchasable","17":"product-type-simple"},"_links":{"self":[{"href":"https:\/\/roveyayinevi.com.tr\/index.php\/wp-json\/wp\/v2\/product\/717255","targetHints":{"allow":["GET"]}}],"collection":[{"href":"https:\/\/roveyayinevi.com.tr\/index.php\/wp-json\/wp\/v2\/product"}],"about":[{"href":"https:\/\/roveyayinevi.com.tr\/index.php\/wp-json\/wp\/v2\/types\/product"}],"wp:attachment":[{"href":"https:\/\/roveyayinevi.com.tr\/index.php\/wp-json\/wp\/v2\/media?parent=717255"}],"wp:term":[{"taxonomy":"product_brand","embeddable":true,"href":"https:\/\/roveyayinevi.com.tr\/index.php\/wp-json\/wp\/v2\/product_brand?post=717255"},{"taxonomy":"product_cat","embeddable":true,"href":"https:\/\/roveyayinevi.com.tr\/index.php\/wp-json\/wp\/v2\/product_cat?post=717255"},{"taxonomy":"product_tag","embeddable":true,"href":"https:\/\/roveyayinevi.com.tr\/index.php\/wp-json\/wp\/v2\/product_tag?post=717255"}],"curies":[{"name":"wp","href":"https:\/\/api.w.org\/{rel}","templated":true}]}}